{"id":3413,"date":"2021-02-22T19:31:35","date_gmt":"2021-02-22T18:31:35","guid":{"rendered":"https:\/\/twojdoktor.eu\/index.php\/kinesiotaping-w-ciazy-i-pologu\/"},"modified":"2021-03-22T21:14:24","modified_gmt":"2021-03-22T20:14:24","slug":"kinesiotaping-w-ciazy-i-pologu","status":"publish","type":"page","link":"https:\/\/twojdoktor.eu\/ru\/index.php\/kinesiotaping-w-ciazy-i-pologu\/","title":{"rendered":"\u041a\u0438\u043d\u0435\u0437\u0438\u043e\u0442\u0435\u0439\u043f\u0438\u043d\u0433 \u0432 \u0431\u0435\u0440\u0435\u043c\u0435\u043d\u043d\u043e\u0441\u0442\u0438 \u0438 \u0432 \u043f\u043e\u0441\u043b\u0435\u0440\u043e\u0434\u043e\u0432\u043e\u0439 \u043f\u0435\u0440\u0438\u043e\u0434"},"content":{"rendered":"<p>[et_pb_section fb_built=&#187;1&#8243; use_custom_gutter=&#187;on&#187; specialty=&#187;on&#187; padding_top_2=&#187;20px&#187; padding_right_2=&#187;5%&#187; padding_2_tablet=&#187;0px|10%||10%||true&#187; padding_2_phone=&#187;&#187; padding_2_last_edited=&#187;on|tablet&#187; admin_label=&#187;Kinesiotaping w ci\u0105\u017cy i po\u0142ogu&#187; _builder_version=&#187;3.22&#8243; inner_width=&#187;100%&#187; inner_max_width=&#187;100%&#187; custom_padding=&#187;0|0px|54px|0px|false|false&#187; use_custom_width=&#187;on&#187; width_unit=&#187;off&#187; custom_width_percent=&#187;100%&#187; locked=&#187;off&#187; collapsed=&#187;off&#187;][et_pb_column type=&#187;1_3&#8243; _builder_version=&#187;3.25&#8243; custom_padding=&#187;|||&#187; parallax__hover=&#187;off&#187; parallax_method__hover=&#187;on&#187; custom_padding__hover=&#187;|||&#187;][et_pb_image src=&#187;https:\/\/twojdoktor.eu\/wp-content\/uploads\/2021\/02\/28699908_s.jpg&#187; title_text=&#187;Pregnant woman wearing Kinesio-Tape&#187; force_fullwidth=&#187;on&#187; align_tablet=&#187;center&#187; align_phone=&#187;&#187; align_last_edited=&#187;on|desktop&#187; module_id=&#187;toggledoctors&#187; _builder_version=&#187;4.8.1&#8243; custom_margin=&#187;|||&#187; custom_padding=&#187;|||&#187; animation_style=&#187;slide&#187; animation_direction=&#187;right&#187; animation_intensity_slide=&#187;5%&#187; border_radii=&#187;||30px|15vw|&#187; border_color_all=&#187;rgba(129,21,211,0.73)&#187; border_width_bottom=&#187;2vw&#187; box_shadow_style=&#187;preset3&#8243; box_shadow_vertical=&#187;30px&#187; box_shadow_blur=&#187;80px&#187; box_shadow_spread=&#187;-30px&#187; box_shadow_color=&#187;rgba(102,141,186,0.7)&#187; locked=&#187;off&#187;][\/et_pb_image][\/et_pb_column][et_pb_column type=&#187;2_3&#8243; specialty_columns=&#187;2&#8243; _builder_version=&#187;3.25&#8243; custom_padding=&#187;|||&#187; padding_tablet__hover=&#187;0px|10%||10%||true&#187; padding_last_edited__hover=&#187;on|tablet&#187; padding_right__hover=&#187;5%&#187; padding_top__hover=&#187;20px&#187; parallax__hover=&#187;off&#187; parallax_method__hover=&#187;on&#187; padding_tablet=&#187;0px|10%||10%||true&#187; padding_last_edited=&#187;on|tablet&#187; custom_padding__hover=&#187;|||&#187;][et_pb_row_inner _builder_version=&#187;3.25&#8243; custom_padding=&#187;42.6094px|0px|0|0px|false|false&#187;][et_pb_column_inner saved_specialty_column_type=&#187;2_3&#8243; _builder_version=&#187;3.25&#8243; custom_padding=&#187;|||&#187; parallax__hover=&#187;off&#187; parallax_method__hover=&#187;on&#187; custom_padding__hover=&#187;|||&#187;][et_pb_image src=&#187;https:\/\/twojdoktor.eu\/wp-content\/uploads\/2019\/03\/052-doctor-1-150&#215;150.png&#187; title_text=&#187;052-doctor-1&#8243; align=&#187;center&#187; align_tablet=&#187;center&#187; align_phone=&#187;&#187; align_last_edited=&#187;on|desktop&#187; _builder_version=&#187;4.8.1&#8243; max_width=&#187;10%&#187;][\/et_pb_image][et_pb_text _builder_version=&#187;4.8.1&#8243; text_font=&#187;Montserrat|300|||||||&#187; text_font_size=&#187;16px&#187; text_line_height=&#187;1.8em&#187; header_text_align=&#187;center&#187; header_3_text_align=&#187;center&#187; text_orientation=&#187;center&#187; max_width=&#187;800px&#187; module_alignment=&#187;center&#187; custom_margin=&#187;|||&#187; custom_margin_tablet=&#187;0px|50px||50px&#187; custom_margin_last_edited=&#187;off|desktop&#187; custom_padding=&#187;|||&#187; locked=&#187;off&#187;]<\/p>\n<h3><strong>\u041a\u0438\u043d\u0435\u0437\u0438\u043e\u0442\u0435\u0439\u043f\u0438\u043d\u0433 \u0432 \u0431\u0435\u0440\u0435\u043c\u0435\u043d\u043d\u043e\u0441\u0442\u0438 \u0438 \u0432 \u043f\u043e\u0441\u043b\u0435\u0440\u043e\u0434\u043e\u0432\u043e\u0439 \u043f\u0435\u0440\u0438\u043e\u0434<\/strong><\/h3>\n<p>[\/et_pb_text][et_pb_text _builder_version=&#187;4.8.1&#8243; header_3_text_align=&#187;left&#187; text_orientation=&#187;center&#187; max_width=&#187;700px&#187; module_alignment=&#187;center&#187; custom_margin=&#187;|||&#187; custom_margin_tablet=&#187;0px|50px||50px&#187; custom_margin_last_edited=&#187;off|desktop&#187; custom_padding=&#187;|||&#187; locked=&#187;off&#187;]<\/p>\n<div dir=\"auto\">\u041a\u0438\u043d\u0435\u0437\u0438\u043e\u0442\u0435\u0439\u043f\u0438\u043d\u0433 &#8212; \u044d\u0442\u043e \u0434\u0438\u043d\u0430\u043c\u0438\u0447\u0435\u0441\u043a\u043e\u0435 \u043d\u0430\u043a\u043b\u0435\u0438\u0432\u0430\u043d\u0438\u0435 \u043b\u0435\u043d\u0442 (\u0442\u0435\u0439\u043f\u043e\u0432), \u043e\u0434\u0438\u043d \u0438\u0437 \u043c\u0435\u0442\u043e\u0434\u043e\u0432 \u0444\u0438\u0437\u0438\u043e\u0442\u0435\u0440\u0430\u043f\u0438\u0438. \u042d\u0442\u043e \u043d\u0430\u043a\u043b\u0435\u0438\u0432\u0430\u043d\u0438\u0435 \u043d\u0430 \u043a\u043e\u0436\u0443 \u0441\u043f\u0435\u0446\u0438\u0430\u043b\u044c\u043d\u044b\u0445 \u0438 \u044d\u043b\u0430\u0441\u0442\u0438\u0447\u043d\u044b\u0445 \u043f\u043b\u0430\u0441\u0442\u044b\u0440\u0435\u0439. \u0418\u0445 \u0433\u043b\u0430\u0432\u043d\u043e\u0439 \u0446\u0435\u043b\u044c\u044e \u044f\u0432\u043b\u044f\u0435\u0442\u0441\u044f: <\/div>\n<p>\u200b<\/p>\n<p>[\/et_pb_text][\/et_pb_column_inner][\/et_pb_row_inner][\/et_pb_column][\/et_pb_section][et_pb_section fb_built=&#187;1&#8243; admin_label=&#187;Kinesiotaping w ci\u0105\u017cy i po\u0142ogu&#187; _builder_version=&#187;4.3.4&#8243; background_color=&#187;#f1f5f7&#8243;][et_pb_row column_structure=&#187;3_5,2_5&#8243; _builder_version=&#187;4.3.4&#8243; background_color=&#187;rgba(0,0,0,0)&#187; module_alignment=&#187;center&#187; border_radii=&#187;on|10px|10px|10px|10px&#187; collapsed=&#187;off&#187;][et_pb_column type=&#187;3_5&#8243; _builder_version=&#187;3.25&#8243; custom_padding=&#187;|||&#187; custom_padding__hover=&#187;|||&#187;][et_pb_text admin_label=&#187;Zalety masa\u017cu ci\u0105\u017cowego:&#187; module_id=&#187;togglemasaz1&#8243; _builder_version=&#187;4.8.1&#8243; header_3_text_align=&#187;left&#187; text_orientation=&#187;justified&#187; custom_padding=&#187;5px|5px|5px|5px|true|true&#187;]<\/p>\n<div dir=\"auto\">\u041a\u0438\u043d\u0435\u0437\u0438\u043e\u0442\u0435\u0439\u043f\u0438\u043d\u0433 &#8212; \u044d\u0442\u043e \u0434\u0438\u043d\u0430\u043c\u0438\u0447\u0435\u0441\u043a\u043e\u0435 \u043d\u0430\u043a\u043b\u0435\u0438\u0432\u0430\u043d\u0438\u0435 \u043b\u0435\u043d\u0442 (\u0442\u0435\u0439\u043f\u043e\u0432), \u043e\u0434\u0438\u043d \u0438\u0437 \u043c\u0435\u0442\u043e\u0434\u043e\u0432 \u0444\u0438\u0437\u0438\u043e\u0442\u0435\u0440\u0430\u043f\u0438\u0438. \u042d\u0442\u043e \u043d\u0430\u043a\u043b\u0435\u0438\u0432\u0430\u043d\u0438\u0435 \u043d\u0430 \u043a\u043e\u0436\u0443 \u0441\u043f\u0435\u0446\u0438\u0430\u043b\u044c\u043d\u044b\u0445 \u0438 \u044d\u043b\u0430\u0441\u0442\u0438\u0447\u043d\u044b\u0445 \u043f\u043b\u0430\u0441\u0442\u044b\u0440\u0435\u0439. \u0418\u0445 \u0433\u043b\u0430\u0432\u043d\u043e\u0439 \u0446\u0435\u043b\u044c\u044e \u044f\u0432\u043b\u044f\u0435\u0442\u0441\u044f:  <\/div>\n<ul>\n<li>\u0443\u043c\u0435\u043d\u044c\u0448\u0435\u043d\u0438\u0435 \u043c\u044b\u0448\u0435\u0447\u043d\u043e\u0433\u043e \u0442\u043e\u043d\u0443\u0441\u0430<\/li>\n<li>\u0430\u043a\u0442\u0438\u0432\u0430\u0446\u0438\u044f \u043a\u0440\u043e\u0432\u0435\u043d\u043e\u0441\u043d\u043e\u0439 \u0438 \u043b\u0438\u043c\u0444\u0430\u0442\u0438\u0447\u0435\u0441\u043a\u043e\u0439 \u0441\u0438\u0441\u0442\u0435\u043c\u044b (\u043f\u043e\u0434\u0442\u044f\u0436\u043a\u0430 \u0442\u043a\u0430\u043d\u0435\u0439)<\/li>\n<li>\u043b\u0435\u0447\u0435\u043d\u0438\u0435 \/ \u043f\u0440\u043e\u0444\u0438\u043b\u0430\u043a\u0442\u0438\u043a\u0430 \u0431\u043e\u043b\u0438<\/li>\n<li>\u0441\u0442\u0430\u0431\u0438\u043b\u0438\u0437\u0430\u0446\u0438\u044f \u043c\u044b\u0448\u0446\u0435\u0439 \u0438 \u0441\u0443\u0441\u0442\u0430\u0432\u043e\u0432<\/li>\n<\/ul>\n<div dir=\"auto\">\u041f\u043b\u0430\u0441\u0442\u044b\u0440\u0438 &#8212; \u0442\u0435\u0439\u043f\u044b \u0441\u0434\u0435\u043b\u0430\u043d\u044b \u0438\u0437 \u0445\u043b\u043e\u043f\u043a\u0430 \u0438 \u043e\u043d\u0438 \u0430\u043d\u0430\u043b\u043e\u0433\u0438\u0447\u043d\u044b \u043a\u043e\u0436\u043d\u043e\u043c\u0443 \u043f\u043e\u043a\u0440\u043e\u0432\u0443. \u0422\u0435\u0439\u043f\u044b \u043d\u0435 \u043e\u0433\u0440\u0430\u043d\u0438\u0447\u0438\u0432\u0430\u044e\u0442 \u0434\u0432\u0438\u0436\u0435\u043d\u0438\u0439, \u043a\u043e\u0436\u0430 \u0434\u044b\u0448\u0438\u0442 \u0438 \u0432 \u0442\u0435\u0447\u0435\u043d\u0438\u0438 \u0442\u0435\u0440\u0430\u043f\u0438\u0438 \u043c\u043e\u0436\u043d\u043e \u0441\u0432\u043e\u0431\u043e\u0434\u043d\u043e \u043a\u0443\u043f\u0430\u0442\u044c\u0441\u044f. \u0411\u0435\u0440\u0435\u043c\u0435\u043d\u043d\u044b\u0435 \u0436\u0435\u043d\u0449\u0438\u043d\u044b \u043c\u043e\u0433\u0443\u0442 \u043d\u043e\u0441\u0438\u0442\u044c \u043b\u0435\u043d\u0442\u044b 4-5 \u0434\u043d\u0435\u0439. \u0414\u043b\u044f \u0436\u0435\u043d\u0449\u0438\u043d \u0432 \u043f\u043e\u0441\u043b\u0435\u0440\u043e\u0434\u043e\u0432\u043e\u043c \u043f\u0435\u0440\u0438\u043e\u0434\u0435 \u044d\u0442\u043e \u043c\u0435\u0442\u043e\u0434 \u044f\u0432\u043b\u044f\u0435\u0442\u0441\u044f \u0431\u0435\u0441\u043e\u043f\u0430\u0441\u043d\u044b\u043c, \u0431\u0435\u0437\u0431\u043e\u043b\u0435\u0437\u043d\u0435\u043d\u043d\u044b\u043c \u0438 \u043f\u0440\u0435\u0436\u0434\u0435 \u0432\u0441\u0435\u0433\u043e \u044d\u0444\u0444\u0435\u043a\u0442\u0438\u0432\u043d\u044b\u043c.   <\/div>\n<div dir=\"auto\"> <\/div>\n<div dir=\"auto\"><strong>\u041f\u0440\u043e\u0442\u0438\u0432\u043e\u043f\u043e\u043a\u0430\u0437\u0430\u043d\u044f<\/strong><\/div>\n<ul>\n<li dir=\"auto\">\u0432\u043e\u0441\u043f\u0430\u043b\u0438\u0442\u0435\u043b\u044c\u043d\u044b\u0435, \u0433\u0438\u0431\u043a\u043e\u0432\u044b\u0435 \u0438 \u0432\u0438\u0440\u0443\u0441\u043d\u044b\u0435 \u043f\u0440\u043e\u0446\u0435\u0441\u0441\u044b<\/li>\n<li dir=\"auto\">\u0437\u0430\u0431\u043e\u043b\u0435\u0432\u0430\u043d\u0438\u044f \u043a\u043e\u0436\u0438 \/ \u043f\u044f\u0442\u043d\u0430<\/li>\n<li dir=\"auto\">\u043d\u0430\u0440\u0443\u0448\u0435\u043d\u0438\u0435 \u043d\u0435\u043f\u0440\u0435\u0440\u044b\u0432\u043d\u043e\u0441\u0442\u0438 \u043a\u043e\u0436\u0438 \u0432 \u043c\u0435\u0441\u0442\u0435 \u043f\u0440\u0438\u043c\u0435\u043d\u0435\u043d\u0438\u044f \u0442\u0435\u0439\u043f\u043e\u0432<\/li>\n<li dir=\"auto\">\u0443\u0441\u0438\u043b\u0435\u043d\u043d\u043e\u0435 \u0441\u043e\u043a\u0440\u0430\u0449\u0435\u043d\u0438\u0435 \u043c\u0430\u0442\u043a\u0438 <\/li>\n<\/ul>\n<p>[\/et_pb_text][\/et_pb_column][et_pb_column type=&#187;2_5&#8243; _builder_version=&#187;3.25&#8243; custom_padding=&#187;|||&#187; custom_padding__hover=&#187;|||&#187;][et_pb_text admin_label=&#187;Menu&#187; _builder_version=&#187;4.8.1&#8243; header_3_text_align=&#187;left&#187;]<\/p>\n<h3><strong>\u0427\u0438\u0442\u0430\u0439 \u043e:<\/strong><\/h3>\n<ul>\n<li><a href=\"#togglekineso1\">\u041a\u0438\u043d\u0435\u0437\u0438\u043e\u0442\u0435\u0439\u043f\u0438\u043d\u0433 \u0432 \u0431\u0435\u0440\u0435\u043c\u0435\u043d\u043d\u043e\u0441\u0442\u0438 &#8212; \u0442\u0435\u0445\u043d\u0438\u043a\u0438 \u043f\u0440\u0438\u043c\u0435\u043d\u044f\u044e\u0442\u0441\u044f \u0441 6 \u043c\u0435\u0441\u044f\u0446\u0430<\/a><\/li>\n<li><a href=\"#togglekineso2\">\u041a\u0438\u043d\u0435\u0437\u0438\u043e\u0442\u0435\u0439\u043f\u0438\u043d\u0433 \u0432 \u043f\u043e\u0441\u043b\u0435\u0440\u043e\u0434\u043e\u0432\u043e\u0439 \u043f\u0435\u0440\u0438\u043e\u0434<\/a><\/li>\n<\/ul>\n<p>[\/et_pb_text][\/et_pb_column][\/et_pb_row][\/et_pb_section][et_pb_section fb_built=&#187;1&#8243; admin_label=&#187;Kinesiotaping w ci\u0105\u017cy &#8212; techniki stosujemy od 6 miesi\u0105ca &#187; _builder_version=&#187;4.3.4&#8243;][et_pb_row column_structure=&#187;1_2,1_2&#8243; _builder_version=&#187;4.3.4&#8243; border_color_all=&#187;#b7b7b7&#8243;][et_pb_column type=&#187;1_2&#8243; _builder_version=&#187;4.3.4&#8243;][et_pb_text admin_label=&#187;Kinesiotaping w ci\u0105\u017cy &#8212; techniki stosujemy od 6 miesi\u0105ca &#187; module_id=&#187;togglekineso1&#8243; _builder_version=&#187;4.8.1&#8243; header_3_text_align=&#187;left&#187; text_orientation=&#187;justified&#187; custom_padding=&#187;5px|5px|5px|5px|true|true&#187; border_radii=&#187;on|10px|10px|10px|10px&#187; border_color_all=&#187;#8300e9&#8243;]<\/p>\n<h3><strong>\u041a\u0438\u043d\u0435\u0437\u0438\u043e\u0442\u0435\u0439\u043f\u0438\u043d\u0433 \u0432 \u0431\u0435\u0440\u0435\u043c\u0435\u043d\u043d\u043e\u0441\u0442\u0438 &#8212; \u0442\u0435\u0445\u043d\u0438\u043a\u0438 \u043f\u0440\u0438\u043c\u0435\u043d\u044f\u044e\u0442\u0441\u044f \u0441 6 \u043c\u0435\u0441\u044f\u0446\u0430 <\/strong><\/h3>\n<ul>\n<li dir=\"auto\">\u0431\u043e\u043b\u0438 \u043f\u043e\u0437\u0432\u043e\u043d\u043e\u0447\u043d\u0438\u043a\u0430 &#8212; \u0448\u0435\u0439\u043d\u043e\u0433\u043e, \u0433\u0440\u0443\u0434\u043d\u043e\u0433\u043e, \u043f\u043e\u044f\u0441\u043d\u0438\u0447\u043d\u043e\u0433\u043e<\/li>\n<li dir=\"auto\">\u0431\u043e\u043b\u0438 \u043a\u0440\u0435\u0441\u0442\u0446\u043e\u0432\u043e-\u043f\u043e\u0434\u0432\u0437\u0434\u043e\u0448\u043d\u043e\u0433\u043e \u0441\u0443\u0441\u0442\u0430\u0432\u0430<\/li>\n<li dir=\"auto\">\u043f\u043e\u0434\u0434\u0435\u0440\u0436\u0438\u0432\u0430\u043d\u0438\u0435 \u043f\u043e\u0434\u0447\u0435\u0440\u0432\u043d\u043e\u0439 \u043e\u0431\u043b\u0430\u0441\u0442\u0438 \u0436\u0438\u0432\u043e\u0442\u0430, \u043e\u0441\u043e\u0431\u0435\u043d\u043d\u043e \u0432 \u0431\u043e\u043b\u044c\u0448\u043e\u0439 \u0431\u0435\u0440\u0435\u043c\u0435\u043d\u043d\u043e\u0441\u0442\u0438<\/li>\n<li dir=\"auto\">\u0434\u0438\u0430\u0441\u0442\u0430\u0437 \u043f\u0440\u044f\u043c\u043e\u0439 \u043c\u044b\u0448\u0446\u0438 \u0436\u0438\u0432\u043e\u0442\u0430 \u0432 \u0442\u0435\u0447\u0435\u043d\u0438\u0438 \u0431\u0435\u0440\u0435\u043c\u0435\u043d\u043d\u043e\u0441\u0442\u0438<\/li>\n<li dir=\"auto\">\u043f\u043e\u0434\u0434\u0435\u0440\u0436\u043a\u0430 \u0440\u0430\u0431\u043e\u0442\u044b \u0433\u0440\u0443\u0434\u043e-\u0431\u0440\u044e\u0448\u043d\u043e\u0439 \u0434\u0438\u0430\u0444\u0440\u0430\u0433\u043c\u044b<\/li>\n<li dir=\"auto\">\u043e\u0442\u0435\u043a\u0438 \u0449\u0438\u043a\u043e\u043b\u043e\u0442\u043a\u0438 \u0438 \u0433\u043e\u043b\u0435\u043d\u0438<\/li>\n<\/ul>\n<p>[\/et_pb_text][\/et_pb_column][et_pb_column type=&#187;1_2&#8243; _builder_version=&#187;4.3.4&#8243;][et_pb_image src=&#187;https:\/\/twojdoktor.eu\/wp-content\/uploads\/2021\/02\/AdobeStock_166676145-1-1024&#215;683.jpeg&#187; title_text=&#187;Therapeutic taping in pregnancy.&#187; _builder_version=&#187;4.8.1&#8243; border_radii=&#187;on|10px|10px|10px|10px&#187;][\/et_pb_image][\/et_pb_column][\/et_pb_row][\/et_pb_section][et_pb_section fb_built=&#187;1&#8243; admin_label=&#187;Kinesiotaping w po\u0142ogu &#187; _builder_version=&#187;4.3.4&#8243; background_color=&#187;#f1f5f7&#8243;][et_pb_row column_structure=&#187;1_2,1_2&#8243; _builder_version=&#187;4.3.4&#8243; background_color=&#187;rgba(0,0,0,0)&#187; module_alignment=&#187;center&#187; border_radii=&#187;on|10px|10px|10px|10px&#187;][et_pb_column type=&#187;1_2&#8243; _builder_version=&#187;3.25&#8243; custom_padding=&#187;|||&#187; custom_padding__hover=&#187;|||&#187;][et_pb_image src=&#187;https:\/\/twojdoktor.eu\/wp-content\/uploads\/2021\/02\/AdobeStock_225462432-1024&#215;650.jpeg&#187; title_text=&#187;A person doing alternative kinesio tape therapy&#187; module_id=&#187;toggle2&#8243; _builder_version=&#187;4.8.1&#8243; border_radii=&#187;on|10px|10px|10px|10px&#187;][\/et_pb_image][\/et_pb_column][et_pb_column type=&#187;1_2&#8243; _builder_version=&#187;3.25&#8243; custom_padding=&#187;|||&#187; custom_padding__hover=&#187;|||&#187;][et_pb_text admin_label=&#187;Kinesiotaping w po\u0142ogu &#187; module_id=&#187;togglekineso2&#8243; _builder_version=&#187;4.8.1&#8243; header_3_text_align=&#187;left&#187; text_orientation=&#187;justified&#187; custom_padding=&#187;5px|5px|5px|5px|true|true&#187;]<\/p>\n<h3><strong>\u041a\u0438\u043d\u0435\u0437\u0438\u043e\u0442\u0435\u0439\u043f\u0438\u043d\u0433 \u0432 \u043f\u043e\u0441\u043b\u0435\u0440\u043e\u0434\u043e\u0432\u043e\u0439 \u043f\u0435\u0440\u0438\u043e\u0434 <\/strong><\/h3>\n<ul>\n<li dir=\"auto\">\u043f\u043e\u0434\u0434\u0435\u0440\u0436\u043a\u0430 \u0432 \u0441\u043e\u043a\u0440\u0430\u0449\u0435\u043d\u0438\u0438 \u043c\u0430\u0442\u043a\u0438 \u043f\u043e\u0441\u043b\u0435 \u043a\u0435\u0441\u0430\u0440\u0435\u0432\u0430 \u0441\u0435\u0447\u0435\u043d\u0438\u044f &#8212; \u0441 2\/3 \u0441\u0443\u0442\u043e\u043a<\/li>\n<li dir=\"auto\">\u0448\u0440\u0430\u043c \u043f\u043e\u0441\u043b\u0435 \u043a\u0435\u0441\u0430\u0440\u0435\u0432\u0430 \u0441\u0435\u0447\u0435\u043d\u0438\u044f &#8212; \u0441 2 \u043d\u0435\u0434\u0435\u043b\u0438 \u043f\u043e\u0441\u043b\u0435\u0440\u043e\u0434\u043e\u0432\u043e\u0433\u043e \u043f\u0435\u0440\u0438\u043e\u0434\u0430<\/li>\n<li dir=\"auto\">\u0434\u0438\u0430\u0441\u0442\u0430\u0437 \u043b\u043e\u0431\u043a\u043e\u0432\u043e\u0433\u043e \u0441\u0440\u0430\u0449\u0435\u043d\u0438\u044f \u0441 3 \u043d\u0435\u0434\u0435\u043b\u0438 \u043f\u043e\u0441\u043b\u0435\u0440\u043e\u0434\u043e\u0432\u043e\u0433\u043e \u043f\u0435\u0440\u0438\u043e\u0434\u0430<\/li>\n<li dir=\"auto\">\u0434\u0438\u0430\u0441\u0442\u0430\u0437 \u043f\u0440\u044f\u043c\u043e\u0439 \u043c\u044b\u0448\u0446\u0438 \u0436\u0438\u0432\u043e\u0442\u0430 \u043f\u043e\u0441\u043b\u0435 \u0431\u0435\u0440\u0435\u043c\u0435\u043d\u043d\u043e\u0441\u0442\u0438<\/li>\n<li dir=\"auto\">\u0430\u043a\u0442\u0438\u0432\u0438\u0437\u0430\u0446\u0438\u044f \u0433\u0440\u0443\u0434\u0438 \u0432 \u0441\u043b\u0443\u0447\u0430\u0435 \u0437\u0430\u0441\u0442\u043e\u044f \u043c\u043e\u043b\u043e\u043a\u0430 \u0432 \u043c\u043e\u043b\u043e\u0447\u043d\u043e\u0439 \u0436\u0435\u043b\u0435\u0437\u0435 \u0438\u043b\u0438 \u043e\u0442\u0441\u0443\u0442\u0441\u0442\u0432\u0438\u044f \u043b\u0430\u043a\u0442\u0430\u0446\u0438\u0438 (\u0432\u044b\u0434\u0435\u043b\u0435\u043d\u0438\u044f \u043c\u043e\u043b\u043e\u043a\u0430)<\/li>\n<li dir=\"auto\">\u043f\u0440\u0438\u043c\u0435\u043d\u0438\u0435\u043d\u0438\u0435 \u0442\u0435\u0439\u043f\u043e\u0432 \u0443\u043c\u0435\u043d\u044c\u0448\u0430\u044e\u0449ee \u043c\u0435\u043d\u0441\u0442\u0440\u0443\u0430\u043b\u044c\u043d\u044b\u0435 \u043d\u0435\u0434\u0443\u0433\u0438<\/li>\n<li dir=\"auto\">\u043e\u043a\u043e\u043b\u043e\u043f\u0443\u043f\u043e\u0447\u043d\u0430\u044f \u0433\u0440\u044b\u0436\u0430, \u043f\u0443\u043f\u043e\u0447\u043d\u044b\u0439 \u0442\u0440\u0430\u043d\u0441\u043f\u043b\u0430\u043d\u0442\u0430\u0442<\/li>\n<\/ul>\n<p>[\/et_pb_text][\/et_pb_column][\/et_pb_row][\/et_pb_section][et_pb_section fb_built=&#187;1&#8243; admin_label=&#187;Footer&#187; _builder_version=&#187;3.22&#8243; background_color=&#187;rgba(129,21,211,0.73)&#187; custom_padding=&#187;120px||120px||false|false&#187; top_divider_height=&#187;660px&#187; top_divider_flip=&#187;horizontal&#187; bottom_divider_style=&#187;clouds2&#8243; bottom_divider_color=&#187;rgba(255,255,255,0.08)&#187; bottom_divider_height=&#187;600px&#187; bottom_divider_flip=&#187;vertical&#187; locked=&#187;off&#187; collapsed=&#187;off&#187;][et_pb_row _builder_version=&#187;3.25&#8243;][et_pb_column type=&#187;4_4&#8243; _builder_version=&#187;3.25&#8243; custom_padding=&#187;|||&#187; custom_padding__hover=&#187;|||&#187;][et_pb_image src=&#187;https:\/\/twojdoktor.eu\/wp-content\/uploads\/2019\/03\/061-medical-care.png&#187; align=&#187;center&#187; align_tablet=&#187;center&#187; align_phone=&#187;&#187; align_last_edited=&#187;on|desktop&#187; _builder_version=&#187;3.23&#8243; max_width=&#187;10%&#187; locked=&#187;off&#187;][\/et_pb_image][et_pb_text _builder_version=&#187;3.27.4&#8243; text_font=&#187;Montserrat||||||||&#187; header_font=&#187;||||||||&#187; header_2_font=&#187;Montserrat|300|||||||&#187; header_2_text_align=&#187;center&#187; header_2_font_size=&#187;50px&#187; header_2_line_height=&#187;1.4em&#187; text_orientation=&#187;center&#187; background_layout=&#187;dark&#187; header_2_font_size_tablet=&#187;&#187; header_2_font_size_phone=&#187;30px&#187; header_2_font_size_last_edited=&#187;on|phone&#187; header_2_line_height_tablet=&#187;1.4em&#187; header_2_line_height_phone=&#187;&#187; header_2_line_height_last_edited=&#187;on|desktop&#187;]<\/p>\n<h2>\u041d\u0430\u0448\u0435 \u043f\u0440\u0438\u0437\u0432\u0430\u043d\u0438\u0435 \u044d\u0442\u043e \u0437\u0430\u0431\u043e\u0442\u0430 \u043e \u0432\u0430\u0448\u0435 \u0437\u0434\u043e\u0440\u043e\u0432\u044c\u0435.<\/h2>\n<p>[\/et_pb_text][\/et_pb_column][\/et_pb_row][et_pb_row column_structure=&#187;1_3,1_3,1_3&#8243; _builder_version=&#187;3.25&#8243;][et_pb_column type=&#187;1_3&#8243; _builder_version=&#187;3.25&#8243; custom_padding=&#187;|||&#187; custom_padding__hover=&#187;|||&#187;][et_pb_blurb title=&#187;+48 607 811 991  <br \/>  +48 887 811 991&#8243; use_icon=&#187;on&#187; font_icon=&#187;%%264%%&#187; use_circle=&#187;on&#187; circle_color=&#187;#ffffff&#187; icon_placement=&#187;left&#187; use_icon_font_size=&#187;on&#187; icon_font_size=&#187;16px&#187; _builder_version=&#187;4.3.4&#8243; header_font=&#187;Montserrat||||||||&#187; header_text_color=&#187;#ffffff&#187; header_font_size=&#187;20px&#187; header_line_height=&#187;1.7em&#187;][\/et_pb_blurb][\/et_pb_column][et_pb_column type=&#187;1_3&#8243; _builder_version=&#187;3.25&#8243; custom_padding=&#187;|||&#187; custom_padding__hover=&#187;|||&#187;][et_pb_blurb title=&#187;<a href=%22mailto:gabinety@twojdoktor.eu%22>gabinety@twojdoktor.eu<\/a>&#187; use_icon=&#187;on&#187; font_icon=&#187;%%238%%&#187; use_circle=&#187;on&#187; circle_color=&#187;#ffffff&#187; icon_placement=&#187;left&#187; use_icon_font_size=&#187;on&#187; icon_font_size=&#187;16px&#187; _builder_version=&#187;4.8.1&#8243; header_font=&#187;Montserrat||||||||&#187; header_text_color=&#187;#ffffff&#187; header_font_size=&#187;20px&#187; header_line_height=&#187;1.7em&#187; locked=&#187;off&#187;][\/et_pb_blurb][\/et_pb_column][et_pb_column type=&#187;1_3&#8243; _builder_version=&#187;3.25&#8243; custom_padding=&#187;|||&#187; custom_padding__hover=&#187;|||&#187;][et_pb_blurb title=&#187;ul. Oliwkowa 35, 80-175 Gda\u0144sk<br \/>\n&#187; use_icon=&#187;on&#187; font_icon=&#187;%%249%%&#187; use_circle=&#187;on&#187; circle_color=&#187;#ffffff&#187; icon_placement=&#187;left&#187; use_icon_font_size=&#187;on&#187; icon_font_size=&#187;16px&#187; _builder_version=&#187;3.18.7&#8243; header_font=&#187;Montserrat||||||||&#187; header_text_color=&#187;#ffffff&#187; header_font_size=&#187;20px&#187; header_line_height=&#187;1.7em&#187; locked=&#187;off&#187;][\/et_pb_blurb][\/et_pb_column][\/et_pb_row][\/et_pb_section]<\/p>\n","protected":false},"excerpt":{"rendered":"<p>[et_pb_section fb_built=&#187;1&#8243; use_custom_gutter=&#187;on&#187; specialty=&#187;on&#187; padding_top_2=&#187;20px&#187; padding_right_2=&#187;5%&#187; padding_2_tablet=&#187;0px|10%||10%||true&#187; padding_2_phone=&#187;&#187; padding_2_last_edited=&#187;on|tablet&#187; admin_label=&#187;Kinesiotaping w ci\u0105\u017cy i po\u0142ogu&#187; _builder_version=&#187;3.22&#8243; inner_width=&#187;100%&#187; inner_max_width=&#187;100%&#187; custom_padding=&#187;0|0px|54px|0px|false|false&#187; use_custom_width=&#187;on&#187; width_unit=&#187;off&#187; custom_width_percent=&#187;100%&#187; locked=&#187;off&#187; collapsed=&#187;off&#187;][et_pb_column type=&#187;1_3&#8243; _builder_version=&#187;3.25&#8243; custom_padding=&#187;|||&#187; parallax__hover=&#187;off&#187; parallax_method__hover=&#187;on&#187; custom_padding__hover=&#187;|||&#187;][et_pb_image src=&#187;https:\/\/twojdoktor.eu\/wp-content\/uploads\/2021\/02\/28699908_s.jpg&#187; title_text=&#187;Pregnant woman wearing Kinesio-Tape&#187; force_fullwidth=&#187;on&#187; align_tablet=&#187;center&#187; align_phone=&#187;&#187; align_last_edited=&#187;on|desktop&#187; module_id=&#187;toggledoctors&#187; _builder_version=&#187;4.8.1&#8243; custom_margin=&#187;|||&#187; custom_padding=&#187;|||&#187; animation_style=&#187;slide&#187; animation_direction=&#187;right&#187; animation_intensity_slide=&#187;5%&#187; border_radii=&#187;||30px|15vw|&#187; border_color_all=&#187;rgba(129,21,211,0.73)&#187; border_width_bottom=&#187;2vw&#187; box_shadow_style=&#187;preset3&#8243; box_shadow_vertical=&#187;30px&#187; box_shadow_blur=&#187;80px&#187; box_shadow_spread=&#187;-30px&#187; box_shadow_color=&#187;rgba(102,141,186,0.7)&#187; locked=&#187;off&#187;][\/et_pb_image][\/et_pb_column][et_pb_column type=&#187;2_3&#8243; [&hellip;]<\/p>\n","protected":false},"author":1,"featured_media":0,"parent":0,"menu_order":0,"comment_status":"closed","ping_status":"closed","template":"","meta":{"_et_pb_use_builder":"on","_et_pb_old_content":"","_et_gb_content_width":"","footnotes":""},"class_list":["post-3413","page","type-page","status-publish","hentry"],"_links":{"self":[{"href":"https:\/\/twojdoktor.eu\/ru\/index.php\/wp-json\/wp\/v2\/pages\/3413"}],"collection":[{"href":"https:\/\/twojdoktor.eu\/ru\/index.php\/wp-json\/wp\/v2\/pages"}],"about":[{"href":"https:\/\/twojdoktor.eu\/ru\/index.php\/wp-json\/wp\/v2\/types\/page"}],"author":[{"embeddable":true,"href":"https:\/\/twojdoktor.eu\/ru\/index.php\/wp-json\/wp\/v2\/users\/1"}],"replies":[{"embeddable":true,"href":"https:\/\/twojdoktor.eu\/ru\/index.php\/wp-json\/wp\/v2\/comments?post=3413"}],"version-history":[{"count":6,"href":"https:\/\/twojdoktor.eu\/ru\/index.php\/wp-json\/wp\/v2\/pages\/3413\/revisions"}],"predecessor-version":[{"id":3736,"href":"https:\/\/twojdoktor.eu\/ru\/index.php\/wp-json\/wp\/v2\/pages\/3413\/revisions\/3736"}],"wp:attachment":[{"href":"https:\/\/twojdoktor.eu\/ru\/index.php\/wp-json\/wp\/v2\/media?parent=3413"}],"curies":[{"name":"wp","href":"https:\/\/api.w.org\/{rel}","templated":true}]}}