{"id":3294,"date":"2021-02-21T22:47:19","date_gmt":"2021-02-21T21:47:19","guid":{"rendered":"https:\/\/twojdoktor.eu\/index.php\/%d1%81%d0%ba%d0%b0%d1%87%d0%b0%d1%82%d1%8c\/"},"modified":"2025-06-10T09:38:48","modified_gmt":"2025-06-10T07:38:48","slug":"%d1%81%d0%ba%d0%b0%d1%87%d0%b0%d1%82%d1%8c","status":"publish","type":"page","link":"https:\/\/twojdoktor.eu\/ru\/index.php\/%d1%81%d0%ba%d0%b0%d1%87%d0%b0%d1%82%d1%8c\/","title":{"rendered":"\u0421\u043a\u0430\u0447\u0430\u0442\u044c"},"content":{"rendered":"<p>[et_pb_section fb_built=&#187;1&#8243; use_custom_gutter=&#187;on&#187; specialty=&#187;on&#187; padding_top_2=&#187;20px&#187; padding_right_2=&#187;5%&#187; padding_2_tablet=&#187;0px|10%||10%||true&#187; padding_2_phone=&#187;&#187; padding_2_last_edited=&#187;on|tablet&#187; admin_label=&#187;Ginekologia&#187; _builder_version=&#187;3.22&#8243; inner_width=&#187;100%&#187; inner_max_width=&#187;100%&#187; custom_padding=&#187;0|0px|54px|0px|false|false&#187; use_custom_width=&#187;on&#187; width_unit=&#187;off&#187; custom_width_percent=&#187;100%&#187; locked=&#187;off&#187; collapsed=&#187;off&#187;][et_pb_column type=&#187;1_3&#8243; _builder_version=&#187;3.25&#8243; custom_padding=&#187;|||&#187; parallax__hover=&#187;off&#187; parallax_method__hover=&#187;on&#187; custom_padding__hover=&#187;|||&#187;][et_pb_image src=&#187;https:\/\/twojdoktor.eu\/wp-content\/uploads\/2020\/03\/80391541_s.jpg&#187; force_fullwidth=&#187;on&#187; align_tablet=&#187;center&#187; align_phone=&#187;&#187; align_last_edited=&#187;on|desktop&#187; module_id=&#187;toggledoctors&#187; _builder_version=&#187;4.3.4&#8243; custom_margin=&#187;|||&#187; custom_padding=&#187;|||&#187; animation_style=&#187;slide&#187; animation_direction=&#187;right&#187; animation_intensity_slide=&#187;5%&#187; border_radii=&#187;||30px|15vw|&#187; border_color_all=&#187;rgba(129,21,211,0.73)&#187; border_width_bottom=&#187;2vw&#187; box_shadow_style=&#187;preset3&#8243; box_shadow_vertical=&#187;30px&#187; box_shadow_blur=&#187;80px&#187; box_shadow_spread=&#187;-30px&#187; box_shadow_color=&#187;rgba(102,141,186,0.7)&#187; locked=&#187;off&#187;][\/et_pb_image][\/et_pb_column][et_pb_column type=&#187;2_3&#8243; specialty_columns=&#187;2&#8243; _builder_version=&#187;3.25&#8243; custom_padding=&#187;|||&#187; padding_tablet__hover=&#187;0px|10%||10%||true&#187; padding_last_edited__hover=&#187;on|tablet&#187; padding_right__hover=&#187;5%&#187; padding_top__hover=&#187;20px&#187; parallax__hover=&#187;off&#187; parallax_method__hover=&#187;on&#187; padding_tablet=&#187;0px|10%||10%||true&#187; padding_last_edited=&#187;on|tablet&#187; custom_padding__hover=&#187;|||&#187;][et_pb_row_inner _builder_version=&#187;3.25&#8243; custom_padding=&#187;42.6094px|0px|0|0px|false|false&#187;][et_pb_column_inner saved_specialty_column_type=&#187;2_3&#8243; _builder_version=&#187;3.25&#8243; custom_padding=&#187;|||&#187; parallax__hover=&#187;off&#187; parallax_method__hover=&#187;on&#187; custom_padding__hover=&#187;|||&#187;][et_pb_image src=&#187;https:\/\/twojdoktor.eu\/wp-content\/uploads\/2019\/03\/052-doctor-1-150&#215;150.png&#187; title_text=&#187;052-doctor-1&#8243; align=&#187;center&#187; align_tablet=&#187;center&#187; align_phone=&#187;&#187; align_last_edited=&#187;on|desktop&#187; _builder_version=&#187;4.8.1&#8243; max_width=&#187;10%&#187;][\/et_pb_image][et_pb_text _builder_version=&#187;4.3.4&#8243; text_font=&#187;Montserrat|300|||||||&#187; text_font_size=&#187;16px&#187; text_line_height=&#187;1.8em&#187; header_3_text_align=&#187;left&#187; text_orientation=&#187;center&#187; max_width=&#187;800px&#187; module_alignment=&#187;center&#187; custom_margin=&#187;|||&#187; custom_margin_tablet=&#187;0px|50px||50px&#187; custom_margin_last_edited=&#187;off|desktop&#187; custom_padding=&#187;|||&#187; locked=&#187;off&#187;]<\/p>\n<h2>\u0421\u043a\u0430\u0447\u0430\u0442\u044c<\/h2>\n<p>[\/et_pb_text][et_pb_text _builder_version=&#187;4.3.4&#8243; header_3_text_align=&#187;left&#187; text_orientation=&#187;center&#187; max_width=&#187;700px&#187; module_alignment=&#187;center&#187; custom_margin=&#187;|||&#187; custom_margin_tablet=&#187;0px|50px||50px&#187; custom_margin_last_edited=&#187;off|desktop&#187; custom_padding=&#187;|||&#187; locked=&#187;off&#187;]<\/p>\n<p>\u041c\u0430\u0442\u0435\u0440\u0438\u0430\u043b\u044b \u0434\u043b\u044f \u0441\u043a\u0430\u0447\u0430\u043d\u0438\u044f<\/p>\n<p>[\/et_pb_text][\/et_pb_column_inner][\/et_pb_row_inner][\/et_pb_column][\/et_pb_section][et_pb_section fb_built=&#187;1&#8243; admin_label=&#187;Materia\u0142y do pobrania&#187; _builder_version=&#187;4.3.4&#8243; background_color=&#187;#f1f5f7&#8243;][et_pb_row _builder_version=&#187;4.3.4&#8243; background_color=&#187;rgba(0,0,0,0)&#187; module_alignment=&#187;center&#187; border_radii=&#187;on|10px|10px|10px|10px&#187; collapsed=&#187;off&#187;][et_pb_column type=&#187;4_4&#8243; _builder_version=&#187;3.25&#8243; custom_padding=&#187;|||&#187; custom_padding__hover=&#187;|||&#187;][et_pb_text _builder_version=&#187;4.8.1&#8243; header_3_text_align=&#187;left&#187; text_orientation=&#187;justified&#187; custom_padding=&#187;5px|5px|5px|5px|true|true&#187; link_option_url_new_window=&#187;on&#187; hover_enabled=&#187;0&#8243; sticky_enabled=&#187;0&#8243;]<\/p>\n<h3><strong>\u0414\u043e\u043a\u0443\u043c\u0435\u043d\u0442\u044b \u0434\u043b\u044f \u0437\u0430\u043f\u043e\u043b\u043d\u0435\u043d\u0438\u044f \u043f\u0435\u0440\u0435\u0434 \u043f\u0440\u0438\u0435\u043c\u043e\u043c<\/strong><\/h3>\n<ul>\n<li><a href=\"https:\/\/twojdoktor.eu\/pliki_do_pobrania\/RU\/Formularz_danych_osobowych_pacjenta_RU.pdf\"><strong>\u041c\u0435\u0434\u0438\u0446\u0438\u043d\u0441\u043a\u0430\u044f \u043a\u0430\u0440\u0442\u0430 \u041f\u0430\u0446\u0438\u0435\u043d\u0442\u0430<\/strong><\/a><\/li>\n<li><a href=\"https:\/\/twojdoktor.eu\/pliki_do_pobrania\/RU\/Zgoda_na_leczenie_maloletniego_RU.pdf\"><strong>\u0421\u043e\u0433\u043b\u0430\u0441\u0438\u0435 \u043d\u0430 \u043a\u043e\u043d\u0441\u0443\u043b\u044c\u0442\u0430\u0446\u0438\u044e \u043d\u0435\u0441\u043e\u0432\u0435\u0440\u0448\u0435\u043d\u043d\u043e\u043b\u0435\u0442\u043d\u0435\u0439 \u043f\u0430\u0446\u0438\u0435\u043d\u0442\u043a\u0438<\/strong><\/a><\/li>\n<li><a href=\"https:\/\/twojdoktor.eu\/pliki_do_pobrania\/RU\/Ankieta_dla_pacjentki_wywiad_ginekologiczny_RU.pdf\"><strong>\u041e\u0431\u0449\u0435\u0435 \u043e\u0431\u0441\u043b\u0435\u0434\u043e\u0432\u0430\u043d\u0438\u0435 \u0441\u043e\u0441\u0442\u043e\u044f\u043d\u0438\u044f \u0437\u0434\u043e\u0440\u043e\u0432\u044c\u044f<\/strong><\/a><\/li>\n<li><a href=\"https:\/\/twojdoktor.eu\/pliki_do_pobrania\/RU\/Informacja_dotyczaca_stanu_zdrowia_pacjenta_przed_zabiegami_medycyny_estetycznej_RU.pdf\"><strong>\u041e\u043f\u0440\u043e\u0441\u043d\u0438\u043a \u043e \u0441\u043e\u0441\u0442\u043e\u044f\u043d\u0438\u0438 \u0437\u0434\u043e\u0440\u043e\u0432\u044c\u044f \u043f\u0435\u0440\u0435\u0434 \u043f\u0440\u043e\u0446\u0435\u0434\u0443\u0440\u0430\u043c\u0438 \u044d\u0441\u0442\u0435\u0442\u0438\u0447\u0435\u0441\u043a\u043e\u0439 \u043c\u0435\u0434\u0438\u0446\u0438\u043d\u044b<\/strong><\/a><\/li>\n<li>\n<p class=\"p1\"><a href=\"https:\/\/twojdoktor.eu\/pliki_do_pobrania\/RU\/Wniosek_o_wydanie_dokumentacji_RU.pdf\"><strong>\u0417\u0430\u044f\u0432\u043b\u0435\u043d\u0438\u0435 \u043d\u0430 \u043f\u043e\u043b\u0443\u0447\u0435\u043d\u0438\u0435 \u043c\u0435\u0434\u0438\u0446\u0438\u043d\u0441\u043a\u043e\u0439 \u0434\u043e\u043a\u0443\u043c\u0435\u043d\u0442\u0430\u0446\u0438\u0438<\/strong><\/a><\/p>\n<\/li>\n<\/ul>\n<h3 class=\"p1\"><strong>\u0418\u043d\u0444\u043e\u0440\u043c\u0430\u0442\u043e\u0440\u044b \u0434\u043b\u044f \u041f\u0430\u0446\u0438\u0435\u043d\u0442\u0430:<\/strong><\/h3>\n<ul>\n<li><a href=\"https:\/\/twojdoktor.eu\/pliki_do_pobrania\/Twoja%20ci%C4%85%C5%BCa%20tydzie%C5%84%20po%20tygodniu.pdf\"><strong>\u0422\u0432\u043e\u044f \u0431\u0435\u0440\u0435\u043c\u0435\u043d\u043d\u043e\u0441\u0442\u044c \u043d\u0435\u0434\u0435\u043b\u044f \u0437\u0430 \u043d\u0435\u0434\u0435\u043b\u0435\u0439<\/strong><\/a><\/li>\n<li>\n<p class=\"p1\"><a href=\"https:\/\/twojdoktor.eu\/pliki_do_pobrania\/Informator%20dla%20pacjent%C3%B3w%20-%20badanie%20dro%C5%BCno%C5%9Bci%20jajowod%C3%B3w.pdf\"><strong>\u0418\u043d\u0444\u043e\u0440\u043c\u0430\u0442\u043e\u0440 \u0434\u043b\u044f \u041f\u0430\u0446\u0438\u0435\u043d\u0442\u0430 &#8212; \u0430\u043d\u0430\u043b\u0438\u0437 \u043f\u0440\u043e\u0445\u043e\u0434\u0438\u043c\u043e\u0441\u0442\u0438 \u043c\u0430\u0442\u043e\u0447\u043d\u044b\u0445 \u0442\u0440\u0443\u0431<\/strong><\/a><\/p>\n<\/li>\n<li>\n<p class=\"p1\"><a href=\"https:\/\/twojdoktor.eu\/pliki_do_pobrania\/Informator%20dla%20pacjent%C3%B3w%20-%20Implanon%20NXT.pdf\"><strong>\u0418\u043d\u0444\u043e\u0440\u043c\u0430\u0442\u043e\u0440 \u0434\u043b\u044f \u041f\u0430\u0446\u0438\u0435\u043d\u0442\u0430 &#8212; \u0418\u043c\u043f\u043b\u0430\u043d\u043e\u043d \u041d\u041a\u0421\u0422<\/strong><\/a><\/p>\n<\/li>\n<li>\n<p class=\"p1\"><a href=\"https:\/\/twojdoktor.eu\/pliki_do_pobrania\/Informator%20dla%20pacjent%C3%B3w%20-%20leczenie%20guzk%C3%B3w%20krwawniczych%20%28hemoroid%C3%B3w%29%20metod%C4%85%20skleroterapii.pdf\"><strong>\u0418\u043d\u0444\u043e\u0440\u043c\u0430\u0442\u043e\u0440 \u0434\u043b\u044f \u041f\u0430\u0446\u0438\u0435\u043d\u0442\u0430 &#8212; \u043b\u0435\u0447\u0435\u043d\u0438\u0435 \u0433\u0435\u043c\u043e\u0440\u0440\u043e\u0438\u0434\u0430\u043b\u044c\u043d\u044b\u0445 \u0443\u0437\u043b\u043e\u0432 (\u0433\u0435\u043c\u043e\u0440\u0440\u043e\u044f) \u043c\u0435\u0442\u043e\u0434\u043e\u043c \u0441\u043a\u043b\u0435\u0440\u043e\u0442\u0435\u0440\u0430\u043f\u0438\u0438<\/strong><\/a><\/p>\n<\/li>\n<li>\n<p class=\"p1\"><a href=\"https:\/\/twojdoktor.eu\/pliki_do_pobrania\/Informator%20dla%20pacjent%C3%B3w%20-%20leczenie%20zmian%20metod%C4%85%20krioterapii.pdf\"><strong>\u0418\u043d\u0444\u043e\u0440\u043c\u0430\u0442\u043e\u0440 \u0434\u043b\u044f \u041f\u0430\u0446\u0438\u0435\u043d\u0442\u0430 &#8212; \u043b\u0435\u0447\u0435\u043d\u0438\u0435 \u0438\u0437\u043c\u0435\u043d\u0435\u043d\u0438\u0439 \u043c\u0435\u0442\u043e\u0434\u043e\u043c \u043a\u0440\u0438\u043e\u0442\u0435\u0440\u0430\u043f\u0438\u0438<\/strong><\/a><\/p>\n<\/li>\n<li>\n<p class=\"p1\"><a href=\"https:\/\/twojdoktor.eu\/pliki_do_pobrania\/Informator%20dla%20pacjent%C3%B3w%20-%20mezoterapia%20sk%C3%B3ry%20g%C5%82owy.pdf\"><strong>\u0418\u043d\u0444\u043e\u0440\u043c\u0430\u0442\u043e\u0440 \u0434\u043b\u044f \u041f\u0430\u0446\u0438\u0435\u043d\u0442\u0430 &#8212; \u043c\u0435\u0437\u043e\u0442\u0435\u0440\u0430\u043f\u0438\u044f \u043a\u043e\u0436\u0438 \u0433\u043e\u043b\u043e\u0432\u044b<\/strong><\/a><\/p>\n<\/li>\n<li>\n<p class=\"p1\"><a href=\"https:\/\/twojdoktor.eu\/pliki_do_pobrania\/Informator%20dla%20pacjent%C3%B3w%20-%20niehormonalne%20wk%C5%82adki%20domaciczne%20IUB.pdf\"><strong>\u0418\u043d\u0444\u043e\u0440\u043c\u0430\u0442\u043e\u0440 \u0434\u043b\u044f \u041f\u0430\u0446\u0438\u0435\u043d\u0442\u0430 &#8212; \u043d\u0435\u0433\u043e\u0440\u043c\u043e\u043d\u0430\u043b\u044c\u043d\u0430\u044f \u0432\u043d\u0443\u0442\u0440\u0438\u043c\u0430\u0442\u043e\u0447\u043d\u0430\u044f \u0441\u043f\u0438\u0440\u0430\u043b\u044c IUB<\/strong><\/a><\/p>\n<\/li>\n<li>\n<p class=\"p1\"><a href=\"https:\/\/twojdoktor.eu\/pliki_do_pobrania\/Informator%20dla%20pacjent%C3%B3w%20-%20niehormonalne%20wk%C5%82adki%20domaciczne.pdf\"><strong>\u0418\u043d\u0444\u043e\u0440\u043c\u0430\u0442\u043e\u0440 \u0434\u043b\u044f \u041f\u0430\u0446\u0438\u0435\u043d\u0442\u0430 &#8212; \u043d\u0435\u0433\u043e\u0440\u043c\u043e\u043d\u0430\u043b\u044c\u043d\u044b\u0435 \u0432\u043d\u0443\u0442\u0440\u0438\u043c\u0430\u0442\u043e\u0447\u043d\u044b\u0435 \u0441\u043f\u0438\u0440\u0430\u043b\u0438<\/strong><\/a><\/p>\n<\/li>\n<li>\n<p class=\"p1\"><a href=\"https:\/\/twojdoktor.eu\/pliki_do_pobrania\/Informator%20dla%20pacjent%C3%B3w%20-%20systemy%20hormonalne%20Mirena%20i%20Kylena.pdf\"><strong>\u0418\u043d\u0444\u043e\u0440\u043c\u0430\u0446\u0438\u043e\u043d\u043d\u044b\u0439 \u043b\u0438\u0441\u0442\u043e\u043a \u0434\u043b\u044f \u043f\u0430\u0446\u0438\u0435\u043d\u0442\u043e\u0432 &#8212; \u0433\u043e\u0440\u043c\u043e\u043d\u0430\u043b\u044c\u043d\u044b\u0435 \u0441\u0438\u0441\u0442\u0435\u043c\u044b Mirena \u0438 Kylena<\/strong><\/a><\/p>\n<\/li>\n<li>\n<p class=\"p1\"><a href=\"https:\/\/twojdoktor.eu\/pliki_do_pobrania\/Informator%20dla%20pacjent%C3%B3w%20-%20usuwanie%20zmian%20przy%20u%C5%BCyciu%20lasera%20CO2.pdf\"><strong>\u0418\u043d\u0444\u043e\u0440\u043c\u0430\u0442\u043e\u0440 \u0434\u043b\u044f \u041f\u0430\u0446\u0438\u0435\u043d\u0442\u0430 &#8212; \u0443\u0434\u0430\u043b\u0435\u043d\u0438\u0435 \u0438\u0437\u043c\u0435\u043d\u0435\u043d\u0438\u0439 \u0441 \u043f\u043e\u043c\u043e\u0449\u044c\u044e \u043b\u0430\u0437\u0435\u0440\u0430 CO2<\/strong><\/a><\/p>\n<\/li>\n<li><a href=\"https:\/\/twojdoktor.eu\/pliki_do_pobrania\/Informator%20dla%20pacjent%C3%B3w%20-%20Mona%20Lisa%20Touch.pdf\"><strong>\u0418\u043d\u0444\u043e\u0440\u043c\u0430\u0442\u043e\u0440 \u0434\u043b\u044f \u041f\u0430\u0446\u0438\u0435\u043d\u0442\u0430 &#8212; MonaLisa<\/strong><\/a><\/li>\n<li style=\"text-align: left;\"><a href=\"https:\/\/twojdoktor.eu\/pliki_do_pobrania\/INFORMACJA%20DLA%20PACJENTKI%20LECZENIE%20NIEWYDOLNO%C5%9ACI%20CIESNIOWO-%20SZYJKOWEJ%20POPRZEZ%20ZASTOSOWANIE%20PESSARA%20KO%C5%81NIERZYKOWEGO%20SZYJKI%20MACICY%20.pdf\"><strong>Informator dla pacjent\u00f3w &#8212; leczenie niewydolno\u015bci cie\u015bniowo-szyjkowej poprzez zastosowanie pessara ko\u0142nierzykowego szyjki macicy<\/strong><\/a><\/li>\n<li><strong><a href=\"https:\/\/twojdoktor.eu\/pliki_do_pobrania\/Informator%20i%20zgoda%20dla%20pacjenta-%20epilacja%20laserowa%20Motus.pdf\">\u0418\u043d\u0444\u043e\u0440\u043c\u0430\u0446\u0438\u043e\u043d\u043d\u044b\u0439 \u043b\u0438\u0441\u0442\u043e\u043a \u0434\u043b\u044f \u043f\u0430\u0446\u0438\u0435\u043d\u0442\u043e\u0432 &#8212; \u043b\u0430\u0437\u0435\u0440\u043d\u0430\u044f \u044d\u043f\u0438\u043b\u044f\u0446\u0438\u044f<\/a><\/strong><\/li>\n<li><a href=\"https:\/\/twojdoktor.eu\/pliki_do_pobrania\/Informator%20dla%20pacjent%C3%B3w%20-%20Zaffiro.pdf\"><strong>\u0418\u043d\u0444\u043e\u0440\u043c\u0430\u0446\u0438\u043e\u043d\u043d\u044b\u0439 \u043b\u0438\u0441\u0442\u043e\u043a \u0434\u043b\u044f \u043f\u0430\u0446\u0438\u0435\u043d\u0442\u043e\u0432 &#8212; \u0442\u0435\u0440\u043c\u043e\u043b\u0438\u0444\u0442\u0438\u043d\u0433 ZAFFIRO<\/strong><\/a><\/li>\n<li><a href=\"https:\/\/twojdoktor.eu\/pliki_do_pobrania\/Informator%20i%20zgoda%20dla%20pacjenta-%20Labioplastyka.pdf\"><strong>\u0418\u043d\u0444\u043e\u0440\u043c\u0430\u0446\u0438\u043e\u043d\u043d\u044b\u0439 \u043b\u0438\u0441\u0442\u043e\u043a \u0434\u043b\u044f \u043f\u0430\u0446\u0438\u0435\u043d\u0442\u043e\u0432 &#8212; \u043b\u0430\u0431\u0438\u043e\u043f\u043b\u0430\u0441\u0442\u0438\u043a\u0430<\/strong><\/a><\/li>\n<li><a href=\"https:\/\/twojdoktor.eu\/pliki_do_pobrania\/Informator%20dla%20pacjent%C3%B3w%20-%20defloracja.pdf\"><strong>\u0418\u043d\u0444\u043e\u0440\u043c\u0430\u0446\u0438\u043e\u043d\u043d\u043e\u0435 \u0440\u0443\u043a\u043e\u0432\u043e\u0434\u0441\u0442\u0432\u043e \u0434\u043b\u044f \u043f\u0430\u0446\u0438\u0435\u043d\u0442\u043e\u0432 &#8212; \u0434\u0435\u0444\u043b\u043e\u0440\u0430\u0446\u0438\u044f<\/strong><\/a><\/li>\n<li><a href=\"https:\/\/twojdoktor.eu\/pliki_do_pobrania\/Informator%20i%20zgoda%20dla%20pacjenta%20-%20Pessar%20w%20ci%C4%85%C5%BCy.pdf\"><strong>\u0418\u043d\u0444\u043e\u0440\u043c\u0430\u0446\u0438\u043e\u043d\u043d\u044b\u0439 \u043b\u0438\u0441\u0442\u043e\u043a \u0434\u043b\u044f \u043f\u0430\u0446\u0438\u0435\u043d\u0442\u043e\u0432 &#8212; \u041f\u0435\u0441\u0441\u0430\u0440\u0438\u0439 \u043f\u0440\u0438 \u0431\u0435\u0440\u0435\u043c\u0435\u043d\u043d\u043e\u0441\u0442\u0438<\/strong><\/a><\/li>\n<li><a href=\"https:\/\/twojdoktor.eu\/pliki_do_pobrania\/Informator_i_zgoda_dla_pacjenta_-_Kobido_Up.pdf\" target=\"_blank\" rel=\"noopener\"><strong>\u0418\u043d\u0444\u043e\u0440\u043c\u0430\u0446\u0438\u043e\u043d\u043d\u043e\u0435 \u0440\u0443\u043a\u043e\u0432\u043e\u0434\u0441\u0442\u0432\u043e \u0434\u043b\u044f \u043f\u0430\u0446\u0438\u0435\u043d\u0442\u043e\u0432 &#8212; Kobido Up<\/strong><\/a><\/li>\n<li><a href=\"https:\/\/twojdoktor.eu\/pliki_do_pobrania\/Informator_dla_pacjentow_gynatren.pdf\"><strong>\u0418\u043d\u0444\u043e\u0440\u043c\u0430\u0446\u0438\u043e\u043d\u043d\u043e\u0435 \u0440\u0443\u043a\u043e\u0432\u043e\u0434\u0441\u0442\u0432\u043e \u0434\u043b\u044f \u043f\u0430\u0446\u0438\u0435\u043d\u0442\u043e\u0432 &#8212; \u0413\u0438\u043d\u0430\u0442\u0440\u0435\u043d<\/strong><\/a><\/li>\n<li><a href=\"https:\/\/twojdoktor.eu\/pliki_do_pobrania\/Karta_szczepienia_Gardasil.pdf\"><strong>\u041a\u0430\u0440\u0442\u0430 \u043f\u0440\u0438\u0432\u0438\u0432\u043e\u043a &#8212; Gardasil<\/strong><\/a><\/li>\n<li><a href=\"https:\/\/twojdoktor.eu\/pliki_do_pobrania\/Karta_szczepienia_ogolna.pdf\"><strong>\u041e\u0431\u0449\u0430\u044f \u043a\u0430\u0440\u0442\u0430 \u043f\u0440\u0438\u0432\u0438\u0432\u043e\u043a<\/strong><\/a><\/li>\n<li><a href=\"https:\/\/twojdoktor.eu\/pliki_do_pobrania\/Formularz-do-wykonania-badania-EndomKIT.pdf\"><strong>\u0424\u043e\u0440\u043c\u0430 \u0434\u043b\u044f \u0442\u0435\u0441\u0442\u0430 EndomKIT<\/strong><\/a><\/li>\n<\/ul>\n<h3><strong>\u041e\u0441\u0442\u0430\u043b\u044c\u043d\u044b\u0435 \u0434\u043e\u043a\u0443\u043c\u0435\u043d\u0442\u044b:<\/strong><\/h3>\n<ul>\n<li><strong>\u041f\u043e\u043b\u0438\u0442\u0438\u043a\u0430 \u043a\u043e\u043d\u0444\u0438\u0434\u0435\u043d\u0446\u0438\u0430\u043b\u044c\u043d\u043e\u0441\u0442\u0438 GDPR<\/strong><\/li>\n<\/ul>\n<p>[\/et_pb_text][\/et_pb_column][\/et_pb_row][\/et_pb_section][et_pb_section fb_built=&#187;1&#8243; admin_label=&#187;Footer&#187; _builder_version=&#187;3.22&#8243; background_color=&#187;rgba(129,21,211,0.73)&#187; custom_padding=&#187;120px||120px||false|false&#187; top_divider_height=&#187;660px&#187; top_divider_flip=&#187;horizontal&#187; bottom_divider_style=&#187;clouds2&#8243; bottom_divider_color=&#187;rgba(255,255,255,0.08)&#187; bottom_divider_height=&#187;600px&#187; bottom_divider_flip=&#187;vertical&#187; locked=&#187;off&#187; collapsed=&#187;on&#187;][et_pb_row _builder_version=&#187;3.25&#8243;][et_pb_column type=&#187;4_4&#8243; _builder_version=&#187;3.25&#8243; custom_padding=&#187;|||&#187; custom_padding__hover=&#187;|||&#187;][et_pb_image src=&#187;https:\/\/twojdoktor.eu\/wp-content\/uploads\/2019\/03\/061-medical-care.png&#187; align=&#187;center&#187; align_tablet=&#187;center&#187; align_phone=&#187;&#187; align_last_edited=&#187;on|desktop&#187; _builder_version=&#187;3.23&#8243; max_width=&#187;10%&#187; locked=&#187;off&#187;][\/et_pb_image][et_pb_text _builder_version=&#187;3.27.4&#8243; text_font=&#187;Montserrat||||||||&#187; header_font=&#187;||||||||&#187; header_2_font=&#187;Montserrat|300|||||||&#187; header_2_text_align=&#187;center&#187; header_2_font_size=&#187;50px&#187; header_2_line_height=&#187;1.4em&#187; text_orientation=&#187;center&#187; background_layout=&#187;dark&#187; header_2_font_size_tablet=&#187;&#187; header_2_font_size_phone=&#187;30px&#187; header_2_font_size_last_edited=&#187;on|phone&#187; header_2_line_height_tablet=&#187;1.4em&#187; header_2_line_height_phone=&#187;&#187; header_2_line_height_last_edited=&#187;on|desktop&#187;]<\/p>\n<h2>\u041d\u0430\u0448\u0435 \u043f\u0440\u0438\u0437\u0432\u0430\u043d\u0438\u0435 \u044d\u0442\u043e \u0437\u0430\u0431\u043e\u0442\u0430 \u043e \u0432\u0430\u0448\u0435 \u0437\u0434\u043e\u0440\u043e\u0432\u044c\u0435.<\/h2>\n<p>[\/et_pb_text][\/et_pb_column][\/et_pb_row][et_pb_row column_structure=&#187;1_3,1_3,1_3&#8243; _builder_version=&#187;3.25&#8243;][et_pb_column type=&#187;1_3&#8243; _builder_version=&#187;3.25&#8243; custom_padding=&#187;|||&#187; custom_padding__hover=&#187;|||&#187;][et_pb_blurb title=&#187;<br \/> +48 607 811 991 +48 887 811 991&#8243; use_icon=&#187;on&#187; font_icon=&#187;%%264%%&#187; use_circle=&#187;on&#187; circle_color=&#187;#ffffff&#187; icon_placement=&#187;left&#187; use_icon_font_size=&#187;on&#187; icon_font_size=&#187;16px&#187; _builder_version=&#187;4.3.4&#8243; header_font=&#187;Montserrat||||||||&#187; header_text_color=&#187;#ffffff&#187; header_font_size=&#187;20px&#187; header_line_height=&#187;1.7em&#187;][\/et_pb_blurb][\/et_pb_column][et_pb_column type=&#187;1_3&#8243; _builder_version=&#187;3.25&#8243; custom_padding=&#187;|||&#187; custom_padding__hover=&#187;|||&#187;][et_pb_blurb title=&#187;<a href=mailto:gabinety@twojdoktor.eu>gabinety@twojdoktor.eu<a>&#187; use_icon=&#187;on&#187; font_icon=&#187;%%238%%&#187; use_circle=&#187;on&#187; circle_color=&#187;#ffffff&#187; icon_placement=&#187;left&#187; use_icon_font_size=&#187;on&#187; icon_font_size=&#187;16px&#187; _builder_version=&#187;3.18.7&#8243; header_font=&#187;Montserrat||||||||&#187; header_text_color=&#187;#ffffff&#187; header_font_size=&#187;20px&#187; header_line_height=&#187;1.7em&#187; locked=&#187;off&#187;][\/et_pb_blurb][\/et_pb_column][et_pb_column type=&#187;1_3&#8243; _builder_version=&#187;3.25&#8243; custom_padding=&#187;|||&#187; custom_padding__hover=&#187;|||&#187;][et_pb_blurb title=&#187;<br \/>\u0423\u043b\u0438\u0446\u0430 \u041e\u043b\u0438\u0432\u043a\u043e\u0432\u0430, 35, 80-175 \u0413\u0434\u0430\u043d\u044c\u0441\u043a &#187; use_icon=&#187;on&#187; font_icon=&#187;%%249%%&#187; use_circle=&#187;on&#187; circle_color=&#187;#ffffff&#187; icon_placement=&#187;left&#187; use_icon_font_size=&#187;on&#187; icon_font_size=&#187;16px&#187; _builder_version=&#187;3.18.7&#8243; header_font=&#187;Montserrat||||||||&#187; header_text_color=&#187;#ffffff&#187; header_font_size=&#187;20px&#187; header_line_height=&#187;1.7em&#187; locked=&#187;off&#187;][\/et_pb_blurb][\/et_pb_column][\/et_pb_row][\/et_pb_section]<\/p>\n","protected":false},"excerpt":{"rendered":"<p>[et_pb_section fb_built=&#187;1&#8243; use_custom_gutter=&#187;on&#187; specialty=&#187;on&#187; padding_top_2=&#187;20px&#187; padding_right_2=&#187;5%&#187; padding_2_tablet=&#187;0px|10%||10%||true&#187; padding_2_phone=&#187;&#187; padding_2_last_edited=&#187;on|tablet&#187; admin_label=&#187;Ginekologia&#187; _builder_version=&#187;3.22&#8243; inner_width=&#187;100%&#187; inner_max_width=&#187;100%&#187; custom_padding=&#187;0|0px|54px|0px|false|false&#187; use_custom_width=&#187;on&#187; width_unit=&#187;off&#187; custom_width_percent=&#187;100%&#187; locked=&#187;off&#187; collapsed=&#187;off&#187;][et_pb_column type=&#187;1_3&#8243; _builder_version=&#187;3.25&#8243; custom_padding=&#187;|||&#187; parallax__hover=&#187;off&#187; parallax_method__hover=&#187;on&#187; custom_padding__hover=&#187;|||&#187;][et_pb_image src=&#187;https:\/\/twojdoktor.eu\/wp-content\/uploads\/2020\/03\/80391541_s.jpg&#187; force_fullwidth=&#187;on&#187; align_tablet=&#187;center&#187; align_phone=&#187;&#187; align_last_edited=&#187;on|desktop&#187; module_id=&#187;toggledoctors&#187; _builder_version=&#187;4.3.4&#8243; custom_margin=&#187;|||&#187; custom_padding=&#187;|||&#187; animation_style=&#187;slide&#187; animation_direction=&#187;right&#187; animation_intensity_slide=&#187;5%&#187; border_radii=&#187;||30px|15vw|&#187; border_color_all=&#187;rgba(129,21,211,0.73)&#187; border_width_bottom=&#187;2vw&#187; box_shadow_style=&#187;preset3&#8243; box_shadow_vertical=&#187;30px&#187; box_shadow_blur=&#187;80px&#187; box_shadow_spread=&#187;-30px&#187; box_shadow_color=&#187;rgba(102,141,186,0.7)&#187; locked=&#187;off&#187;][\/et_pb_image][\/et_pb_column][et_pb_column type=&#187;2_3&#8243; specialty_columns=&#187;2&#8243; _builder_version=&#187;3.25&#8243; custom_padding=&#187;|||&#187; padding_tablet__hover=&#187;0px|10%||10%||true&#187; padding_last_edited__hover=&#187;on|tablet&#187; padding_right__hover=&#187;5%&#187; padding_top__hover=&#187;20px&#187; parallax__hover=&#187;off&#187; [&hellip;]<\/p>\n","protected":false},"author":1,"featured_media":0,"parent":0,"menu_order":0,"comment_status":"closed","ping_status":"closed","template":"","meta":{"_et_pb_use_builder":"on","_et_pb_old_content":"","_et_gb_content_width":"","footnotes":""},"class_list":["post-3294","page","type-page","status-publish","hentry"],"_links":{"self":[{"href":"https:\/\/twojdoktor.eu\/ru\/index.php\/wp-json\/wp\/v2\/pages\/3294"}],"collection":[{"href":"https:\/\/twojdoktor.eu\/ru\/index.php\/wp-json\/wp\/v2\/pages"}],"about":[{"href":"https:\/\/twojdoktor.eu\/ru\/index.php\/wp-json\/wp\/v2\/types\/page"}],"author":[{"embeddable":true,"href":"https:\/\/twojdoktor.eu\/ru\/index.php\/wp-json\/wp\/v2\/users\/1"}],"replies":[{"embeddable":true,"href":"https:\/\/twojdoktor.eu\/ru\/index.php\/wp-json\/wp\/v2\/comments?post=3294"}],"version-history":[{"count":22,"href":"https:\/\/twojdoktor.eu\/ru\/index.php\/wp-json\/wp\/v2\/pages\/3294\/revisions"}],"predecessor-version":[{"id":4581,"href":"https:\/\/twojdoktor.eu\/ru\/index.php\/wp-json\/wp\/v2\/pages\/3294\/revisions\/4581"}],"wp:attachment":[{"href":"https:\/\/twojdoktor.eu\/ru\/index.php\/wp-json\/wp\/v2\/media?parent=3294"}],"curies":[{"name":"wp","href":"https:\/\/api.w.org\/{rel}","templated":true}]}}