{"id":799,"date":"2019-03-04T20:33:18","date_gmt":"2019-03-04T19:33:18","guid":{"rendered":"https:\/\/twojdoktor.eu\/?page_id=799"},"modified":"2020-04-20T11:33:36","modified_gmt":"2020-04-20T09:33:36","slug":"leczenie-hemoroidow","status":"publish","type":"page","link":"https:\/\/twojdoktor.eu\/index.php\/leczenie-hemoroidow\/","title":{"rendered":"Leczenie hemoroid\u00f3w"},"content":{"rendered":"<p>[et_pb_section fb_built=&#8221;1&#8243; use_custom_gutter=&#8221;on&#8221; specialty=&#8221;on&#8221; padding_top_2=&#8221;20px&#8221; padding_right_2=&#8221;5%&#8221; padding_2_tablet=&#8221;0px|10%||10%||true&#8221; padding_2_phone=&#8221;&#8221; padding_2_last_edited=&#8221;on|tablet&#8221; admin_label=&#8221;Leczenie hemoroid\u00f3w&#8221; _builder_version=&#8221;3.22&#8243; inner_width=&#8221;100%&#8221; inner_max_width=&#8221;100%&#8221; custom_padding=&#8221;0|0px|54px|0px|false|false&#8221; use_custom_width=&#8221;on&#8221; width_unit=&#8221;off&#8221; custom_width_percent=&#8221;100%&#8221; locked=&#8221;off&#8221; collapsed=&#8221;off&#8221;][et_pb_column type=&#8221;1_3&#8243; _builder_version=&#8221;3.25&#8243; custom_padding=&#8221;|||&#8221; parallax__hover=&#8221;off&#8221; parallax_method__hover=&#8221;on&#8221; custom_padding__hover=&#8221;|||&#8221;][et_pb_image src=&#8221;https:\/\/twojdoktor.eu\/wp-content\/uploads\/2019\/12\/109067341_s.jpg&#8221; force_fullwidth=&#8221;on&#8221; align_tablet=&#8221;center&#8221; align_phone=&#8221;&#8221; align_last_edited=&#8221;on|desktop&#8221; module_id=&#8221;toggledoctors&#8221; _builder_version=&#8221;4.3.4&#8243; custom_margin=&#8221;|||&#8221; custom_padding=&#8221;|||&#8221; animation_style=&#8221;slide&#8221; animation_direction=&#8221;right&#8221; animation_intensity_slide=&#8221;5%&#8221; border_radii=&#8221;||30px|15vw|&#8221; border_color_all=&#8221;rgba(129,21,211,0.73)&#8221; border_width_bottom=&#8221;2vw&#8221; box_shadow_style=&#8221;preset3&#8243; box_shadow_vertical=&#8221;30px&#8221; box_shadow_blur=&#8221;80px&#8221; box_shadow_spread=&#8221;-30px&#8221; box_shadow_color=&#8221;rgba(102,141,186,0.7)&#8221; locked=&#8221;off&#8221;][\/et_pb_image][\/et_pb_column][et_pb_column type=&#8221;2_3&#8243; specialty_columns=&#8221;2&#8243; _builder_version=&#8221;3.25&#8243; custom_padding=&#8221;|||&#8221; padding_tablet__hover=&#8221;0px|10%||10%||true&#8221; padding_last_edited__hover=&#8221;on|tablet&#8221; padding_right__hover=&#8221;5%&#8221; padding_top__hover=&#8221;20px&#8221; parallax__hover=&#8221;off&#8221; parallax_method__hover=&#8221;on&#8221; padding_tablet=&#8221;0px|10%||10%||true&#8221; padding_last_edited=&#8221;on|tablet&#8221; custom_padding__hover=&#8221;|||&#8221;][et_pb_row_inner _builder_version=&#8221;3.25&#8243; custom_padding=&#8221;42.6094px|0px|0|0px|false|false&#8221;][et_pb_column_inner saved_specialty_column_type=&#8221;2_3&#8243; _builder_version=&#8221;3.25&#8243; custom_padding=&#8221;|||&#8221; parallax__hover=&#8221;off&#8221; parallax_method__hover=&#8221;on&#8221; custom_padding__hover=&#8221;|||&#8221;][et_pb_image src=&#8221;https:\/\/twojdoktor.eu\/wp-content\/uploads\/2019\/03\/052-doctor-1.png&#8221; align=&#8221;center&#8221; align_tablet=&#8221;center&#8221; align_phone=&#8221;&#8221; align_last_edited=&#8221;on|desktop&#8221; _builder_version=&#8221;3.23&#8243; max_width=&#8221;10%&#8221;][\/et_pb_image][et_pb_text _builder_version=&#8221;4.3.4&#8243; text_font=&#8221;Montserrat|300|||||||&#8221; text_font_size=&#8221;16px&#8221; text_line_height=&#8221;1.8em&#8221; header_text_align=&#8221;center&#8221; header_3_text_align=&#8221;center&#8221; text_orientation=&#8221;center&#8221; max_width=&#8221;800px&#8221; module_alignment=&#8221;center&#8221; custom_margin=&#8221;|||&#8221; custom_margin_tablet=&#8221;0px|50px||50px&#8221; custom_margin_last_edited=&#8221;off|desktop&#8221; custom_padding=&#8221;|||&#8221; locked=&#8221;off&#8221;]<\/p>\n<h3><strong>Leczenie hemoroid\u00f3w metod\u0105 skleroterapii<\/strong><\/h3>\n<p>[\/et_pb_text][et_pb_text _builder_version=&#8221;4.3.4&#8243; header_3_text_align=&#8221;left&#8221; text_orientation=&#8221;center&#8221; max_width=&#8221;700px&#8221; module_alignment=&#8221;center&#8221; custom_margin=&#8221;|||&#8221; custom_margin_tablet=&#8221;0px|50px||50px&#8221; custom_margin_last_edited=&#8221;off|desktop&#8221; custom_padding=&#8221;|||&#8221; locked=&#8221;off&#8221;]<\/p>\n<p>Skleroterapia to nieinwazyjny spos\u00f3b leczenia \u017cylak\u00f3w odbytu przy u\u017cyciu wideoskopu, pod kontrol\u0105 wzroku. Zabieg wykonywany jest w znieczuleniu miejscowym, niesie niewielkie ryzyko powik\u0142a\u0144.<\/p>\n<p>[\/et_pb_text][\/et_pb_column_inner][\/et_pb_row_inner][\/et_pb_column][\/et_pb_section][et_pb_section fb_built=&#8221;1&#8243; admin_label=&#8221;Objawy hemoroid\u00f3w:&#8221; _builder_version=&#8221;4.3.4&#8243; background_color=&#8221;#f1f5f7&#8243;][et_pb_row column_structure=&#8221;3_5,2_5&#8243; _builder_version=&#8221;4.3.4&#8243; background_color=&#8221;rgba(0,0,0,0)&#8221; module_alignment=&#8221;center&#8221; border_radii=&#8221;on|10px|10px|10px|10px&#8221; collapsed=&#8221;off&#8221;][et_pb_column type=&#8221;3_5&#8243; _builder_version=&#8221;3.25&#8243; custom_padding=&#8221;|||&#8221; custom_padding__hover=&#8221;|||&#8221;][et_pb_text admin_label=&#8221;Objawy hemoroid\u00f3w:&#8221; module_id=&#8221;togglesklero1&#8243; _builder_version=&#8221;4.3.4&#8243; header_3_text_align=&#8221;left&#8221; text_orientation=&#8221;justified&#8221; custom_padding=&#8221;5px|5px|5px|5px|true|true&#8221;]<\/p>\n<h3><strong>Objawy hemoroid\u00f3w<\/strong><\/h3>\n<p>Najcz\u0119stszym objawem sygnalizuj\u0105cym chorob\u0119 jest pojawienie si\u0119 krwi po normalnym wypr\u00f3\u017cnieniu. Poniewa\u017c objaw ten mo\u017ce by\u0107 wywo\u0142any nowotworem odbytu, jelita grubego lub szczelin\u0105 odbytu, nale\u017cy si\u0119 bezwzgl\u0119dnie skonsultowa\u0107 z lekarzem. Same hemoroidy nie bol\u0105 mog\u0105 natomiast powodowa\u0107 \u015bwi\u0105d. B\u00f3l hemoroid\u00f3w wyst\u0119puje na og\u00f3\u0142 przy wsp\u00f3\u0142istniej\u0105cym stanie zapalnym, zmianach zakrzepowych lub szczelinie odbytu. W przypadku, gdy g\u0142\u00f3wnymi dolegliwo\u015bciami s\u0105 b\u00f3le, nale\u017cy wykluczy\u0107 inne jego przyczyny.<\/p>\n<p>Z r\u00f3\u017cnorodno\u015bci objaw\u00f3w najgro\u017aniejsza jest krew w stolcu, na papierze toaletowym lub krwawienie z odbytu. Zwi\u0105zane z tym podejrzenie raka odbytnicy powinno by\u0107 poddane dok\u0142adnej diagnozie, pomimo \u017ce w 90% tego typu objaw jest wywo\u0142ywany przez tzw. guzki krwawnicze, czyli hemoroidy. W ka\u017cdym przypadku krwawienia z odbytu konieczna jest jak najszybsza konsultacja z lekarzem!<\/p>\n<p>[\/et_pb_text][et_pb_text admin_label=&#8221;Rozpoznanie&#8221; _builder_version=&#8221;4.3.4&#8243; header_3_text_align=&#8221;left&#8221; text_orientation=&#8221;justified&#8221; custom_padding=&#8221;5px|5px|5px|5px|true|true&#8221;]<\/p>\n<h3><strong>Rozpoznanie<\/strong><\/h3>\n<p>Lekarz rozpoznaje chorob\u0119 na podstawie:<\/p>\n<ul>\n<li>wywiadu lekarskiego,<\/li>\n<li>badania fizykalnego palcem \u2013 tzw. badanie per rectum,<\/li>\n<li>anoskopii, rektoskopii lub kolonoskopii.<\/li>\n<\/ul>\n<p>[\/et_pb_text][\/et_pb_column][et_pb_column type=&#8221;2_5&#8243; _builder_version=&#8221;3.25&#8243; custom_padding=&#8221;|||&#8221; custom_padding__hover=&#8221;|||&#8221;][et_pb_text admin_label=&#8221;Menu&#8221; _builder_version=&#8221;4.3.4&#8243; header_3_text_align=&#8221;left&#8221;]<\/p>\n<h3><strong>Czytaj o:<\/strong><\/h3>\n<ul>\n<li><a href=\"#togglesklero1\"><strong>Objawy hemoroid\u00f3w<\/strong><\/a><\/li>\n<li><a href=\"#togglesklero2\"><strong>Badanie dotykowe \u2013 palcem (tzw. per rectum)<\/strong><\/a><\/li>\n<li><a href=\"#togglesklero3\"><strong>\u201cWypadanie\u201d hemoroid\u00f3w<\/strong><\/a><\/li>\n<li><a href=\"#togglesklero4\"><strong>Skleroterapia hemoroid\u00f3w<\/strong><\/a><\/li>\n<\/ul>\n<p>[\/et_pb_text][\/et_pb_column][\/et_pb_row][\/et_pb_section][et_pb_section fb_built=&#8221;1&#8243; admin_label=&#8221;\u201cWypadanie\u201d hemoroid\u00f3w&#8221; _builder_version=&#8221;4.3.4&#8243;][et_pb_row column_structure=&#8221;1_2,1_2&#8243; _builder_version=&#8221;4.3.4&#8243; background_color=&#8221;rgba(0,0,0,0)&#8221; module_alignment=&#8221;center&#8221; border_radii=&#8221;on|10px|10px|10px|10px&#8221;][et_pb_column type=&#8221;1_2&#8243; _builder_version=&#8221;3.25&#8243; custom_padding=&#8221;|||&#8221; custom_padding__hover=&#8221;|||&#8221;][et_pb_image src=&#8221;https:\/\/twojdoktor.eu\/wp-content\/uploads\/2020\/03\/66838515_s.jpg&#8221; module_id=&#8221;toggle2&#8243; _builder_version=&#8221;4.3.4&#8243; border_radii=&#8221;on|10px|10px|10px|10px&#8221;][\/et_pb_image][\/et_pb_column][et_pb_column type=&#8221;1_2&#8243; _builder_version=&#8221;3.25&#8243; custom_padding=&#8221;|||&#8221; custom_padding__hover=&#8221;|||&#8221;][et_pb_text admin_label=&#8221;\u201cWypadanie\u201d hemoroid\u00f3w&#8221; module_id=&#8221;togglesklero3&#8243; _builder_version=&#8221;4.3.4&#8243; header_3_text_align=&#8221;left&#8221; text_orientation=&#8221;justified&#8221; custom_padding=&#8221;5px|5px|5px|5px|true|true&#8221;]<\/p>\n<h3><strong>\u201cWypadanie\u201d hemoroid\u00f3w<\/strong><\/h3>\n<p>Zaawansowana choroba hemoroidalna sprzyja wypadaniu guzk\u00f3w krwawniczych na zewn\u0105trz odbytu. Wystarczy bowiem zaparcie lub ci\u0105\u017ca, aby utrudniony odp\u0142yw \u017cylny z \u017cy\u0142y odbytniczej g\u00f3rnej os\u0142abi\u0142 tkank\u0119 podporow\u0105, doprowadzi\u0142 do p\u0119kni\u0119\u0107 wi\u0105zade\u0142 \u017cylnych i spowodowa\u0142 wypadanie guzk\u00f3w poza odbyt. Wypadaj\u0105ce guzki krwawnicze maj\u0105 pocz\u0105tkowo zdolno\u015b\u0107 samoistnego wci\u0105gania si\u0119 do kana\u0142u odbytu, z czasem ta zdolno\u015b\u0107 zanika.<\/p>\n<p>Tkanka naczyniowa jest zast\u0119powana przez tkank\u0119 \u0142\u0105czn\u0105 i przy ka\u017cdym wypr\u00f3\u017cnieniu guzki wypadaj\u0105 na zewn\u0105trz lub pozostaj\u0105 na zewn\u0105trz jako trwale wypadni\u0119te (prolapsus). Widoczne s\u0105 w uj\u015bciu kana\u0142u odbytu. Du\u017ce guzy krwawnicze poci\u0105gaj\u0105 za sob\u0105 ku do\u0142owi b\u0142on\u0119 \u015bluzow\u0105, kt\u00f3ra pozostaj\u0105c na zewn\u0105trz jelita podlega sta\u0142emu dra\u017cnieniu i reaguje na to \u015bluzow\u0105 wydzielin\u0105. Odbyt jest stale wilgotny, pojawia si\u0119 brudzenie bielizny, wra\u017cenie ucisku i b\u00f3l. Mo\u017ce wyst\u0119powa\u0107 dokuczliwy \u015bwi\u0105d odbytu.<\/p>\n<p>[\/et_pb_text][\/et_pb_column][\/et_pb_row][\/et_pb_section][et_pb_section fb_built=&#8221;1&#8243; admin_label=&#8221;Skleroterapia hemoroid\u00f3w&#8221; _builder_version=&#8221;4.3.4&#8243; background_color=&#8221;#f1f5f7&#8243;][et_pb_row column_structure=&#8221;1_2,1_2&#8243; make_equal=&#8221;on&#8221; admin_label=&#8221;Row&#8221; _builder_version=&#8221;4.3.4&#8243; background_color=&#8221;rgba(0,0,0,0)&#8221; module_alignment=&#8221;center&#8221; custom_padding=&#8221;||0px||false|false&#8221; border_radii=&#8221;on|10px|10px|10px|10px&#8221;][et_pb_column type=&#8221;1_2&#8243; _builder_version=&#8221;3.25&#8243; custom_padding=&#8221;|||&#8221; custom_padding__hover=&#8221;|||&#8221;][et_pb_text admin_label=&#8221;Skleroterapia hemoroid\u00f3w&#8221; module_id=&#8221;togglesklero4&#8243; _builder_version=&#8221;4.3.4&#8243; header_3_text_align=&#8221;left&#8221; text_orientation=&#8221;justified&#8221; custom_padding=&#8221;5px|5px|5px|5px|true|true&#8221;]<\/p>\n<h3><strong>Skleroterapia hemoroid\u00f3w<\/strong><\/h3>\n<p>Metoda polega na wstrzykiwaniu do warstwy pod\u015bluz\u00f3wkowej lek\u00f3w, kt\u00f3re powoduj\u0105 zw\u0142\u00f3knienie guzka krwawniczego. Zabieg wykonywany jest pod kontrol\u0105 wzroku z zastosowaniem wideoskopu. Wykonuje si\u0119 je w znieczuleniu miejscowym, w czasie jednej lub kilku wizyt w gabinecie. Zabieg ten ma zastosowanie w hemoroidach pierwszego i drugiego stopnia. Hemoroidy trzeciego i czwartego stopnia wymagaj\u0105 leczenia chirurgicznego. Po zabiegu mog\u0105 pojawi\u0107 si\u0119 lekkie krwawienia oraz uczucie pe\u0142no\u015bci w okolicy odbytu. Po kilku dniach od zabiegu dolegliwo\u015bci ust\u0119puj\u0105.<\/p>\n<p>[\/et_pb_text][et_pb_text admin_label=&#8221;Przygotowanie do zabiegu&#8221; _builder_version=&#8221;4.3.4&#8243; header_3_text_align=&#8221;left&#8221; text_orientation=&#8221;justified&#8221; custom_padding=&#8221;5px|5px|5px|5px|true|true&#8221;]<\/p>\n<h3><strong>Przygotowanie do zabiegu<\/strong><\/h3>\n<p>Na 2 godziny przed zabiegiem nale\u017cy wykona\u0107 lewatyw\u0119, zabieg trwa oko\u0142o 30 minut.<\/p>\n<p>[\/et_pb_text][\/et_pb_column][et_pb_column type=&#8221;1_2&#8243; _builder_version=&#8221;3.25&#8243; custom_padding=&#8221;|||&#8221; custom_padding__hover=&#8221;|||&#8221;][et_pb_video src=&#8221;https:\/\/twojdoktor.eu\/wp-content\/uploads\/2020\/03\/skleroterapiaguzko\u0301wkrwawniczychpodkontrolawzroku.mp4&#8243; _builder_version=&#8221;4.3.4&#8243; border_radii=&#8221;on|10px|10px|10px|10px&#8221;][\/et_pb_video][\/et_pb_column][\/et_pb_row][\/et_pb_section][et_pb_section fb_built=&#8221;1&#8243; admin_label=&#8221;Footer&#8221; _builder_version=&#8221;3.22&#8243; background_color=&#8221;rgba(129,21,211,0.73)&#8221; custom_padding=&#8221;120px||120px||false|false&#8221; top_divider_height=&#8221;660px&#8221; top_divider_flip=&#8221;horizontal&#8221; bottom_divider_style=&#8221;clouds2&#8243; bottom_divider_color=&#8221;rgba(255,255,255,0.08)&#8221; bottom_divider_height=&#8221;600px&#8221; bottom_divider_flip=&#8221;vertical&#8221; locked=&#8221;off&#8221; collapsed=&#8221;off&#8221;][et_pb_row _builder_version=&#8221;3.25&#8243;][et_pb_column type=&#8221;4_4&#8243; _builder_version=&#8221;3.25&#8243; custom_padding=&#8221;|||&#8221; custom_padding__hover=&#8221;|||&#8221;][et_pb_image src=&#8221;https:\/\/twojdoktor.eu\/wp-content\/uploads\/2019\/03\/061-medical-care.png&#8221; align=&#8221;center&#8221; align_tablet=&#8221;center&#8221; align_phone=&#8221;&#8221; align_last_edited=&#8221;on|desktop&#8221; _builder_version=&#8221;3.23&#8243; max_width=&#8221;10%&#8221; locked=&#8221;off&#8221;][\/et_pb_image][et_pb_text _builder_version=&#8221;3.27.4&#8243; text_font=&#8221;Montserrat||||||||&#8221; header_font=&#8221;||||||||&#8221; header_2_font=&#8221;Montserrat|300|||||||&#8221; header_2_text_align=&#8221;center&#8221; header_2_font_size=&#8221;50px&#8221; header_2_line_height=&#8221;1.4em&#8221; text_orientation=&#8221;center&#8221; background_layout=&#8221;dark&#8221; header_2_font_size_tablet=&#8221;&#8221; header_2_font_size_phone=&#8221;30px&#8221; header_2_font_size_last_edited=&#8221;on|phone&#8221; header_2_line_height_tablet=&#8221;1.4em&#8221; header_2_line_height_phone=&#8221;&#8221; header_2_line_height_last_edited=&#8221;on|desktop&#8221;]<\/p>\n<h2>Troska o Wasze zdrowie jest naszym powo\u0142aniem.<\/h2>\n<p>[\/et_pb_text][\/et_pb_column][\/et_pb_row][et_pb_row column_structure=&#8221;1_3,1_3,1_3&#8243; _builder_version=&#8221;3.25&#8243;][et_pb_column type=&#8221;1_3&#8243; _builder_version=&#8221;3.25&#8243; custom_padding=&#8221;|||&#8221; custom_padding__hover=&#8221;|||&#8221;][et_pb_blurb title=&#8221;+48 607 811 991 <br \/> +48 887 811 991&#8243; use_icon=&#8221;on&#8221; font_icon=&#8221;%%264%%&#8221; use_circle=&#8221;on&#8221; circle_color=&#8221;#ffffff&#8221; icon_placement=&#8221;left&#8221; use_icon_font_size=&#8221;on&#8221; icon_font_size=&#8221;16px&#8221; _builder_version=&#8221;4.3.4&#8243; header_font=&#8221;Montserrat||||||||&#8221; header_text_color=&#8221;#ffffff&#8221; header_font_size=&#8221;20px&#8221; header_line_height=&#8221;1.7em&#8221; hover_enabled=&#8221;0&#8243;][\/et_pb_blurb][\/et_pb_column][et_pb_column type=&#8221;1_3&#8243; _builder_version=&#8221;3.25&#8243; custom_padding=&#8221;|||&#8221; custom_padding__hover=&#8221;|||&#8221;][et_pb_blurb title=&#8221;<a href=mailto:gabinety@twojdoktor.eu>gabinety@twojdoktor.eu<a>&#8221; use_icon=&#8221;on&#8221; font_icon=&#8221;%%238%%&#8221; use_circle=&#8221;on&#8221; circle_color=&#8221;#ffffff&#8221; icon_placement=&#8221;left&#8221; use_icon_font_size=&#8221;on&#8221; icon_font_size=&#8221;16px&#8221; _builder_version=&#8221;3.18.7&#8243; header_font=&#8221;Montserrat||||||||&#8221; header_text_color=&#8221;#ffffff&#8221; header_font_size=&#8221;20px&#8221; header_line_height=&#8221;1.7em&#8221; locked=&#8221;off&#8221;][\/et_pb_blurb][\/et_pb_column][et_pb_column type=&#8221;1_3&#8243; _builder_version=&#8221;3.25&#8243; custom_padding=&#8221;|||&#8221; custom_padding__hover=&#8221;|||&#8221;][et_pb_blurb title=&#8221;ul. Oliwkowa 35, <br \/>80-175 Gda\u0144sk&#8221; use_icon=&#8221;on&#8221; font_icon=&#8221;%%249%%&#8221; use_circle=&#8221;on&#8221; circle_color=&#8221;#ffffff&#8221; icon_placement=&#8221;left&#8221; use_icon_font_size=&#8221;on&#8221; icon_font_size=&#8221;16px&#8221; _builder_version=&#8221;3.18.7&#8243; header_font=&#8221;Montserrat||||||||&#8221; header_text_color=&#8221;#ffffff&#8221; header_font_size=&#8221;20px&#8221; header_line_height=&#8221;1.7em&#8221; locked=&#8221;off&#8221;][\/et_pb_blurb][\/et_pb_column][\/et_pb_row][\/et_pb_section]<\/p>\n","protected":false},"excerpt":{"rendered":"<p>[et_pb_section fb_built=&#8221;1&#8243; use_custom_gutter=&#8221;on&#8221; specialty=&#8221;on&#8221; padding_top_2=&#8221;20px&#8221; padding_right_2=&#8221;5%&#8221; padding_2_tablet=&#8221;0px|10%||10%||true&#8221; padding_2_phone=&#8221;&#8221; padding_2_last_edited=&#8221;on|tablet&#8221; admin_label=&#8221;Leczenie hemoroid\u00f3w&#8221; _builder_version=&#8221;3.22&#8243; inner_width=&#8221;100%&#8221; inner_max_width=&#8221;100%&#8221; custom_padding=&#8221;0|0px|54px|0px|false|false&#8221; use_custom_width=&#8221;on&#8221; width_unit=&#8221;off&#8221; custom_width_percent=&#8221;100%&#8221; locked=&#8221;off&#8221; collapsed=&#8221;off&#8221;][et_pb_column type=&#8221;1_3&#8243; _builder_version=&#8221;3.25&#8243; custom_padding=&#8221;|||&#8221; parallax__hover=&#8221;off&#8221; parallax_method__hover=&#8221;on&#8221; custom_padding__hover=&#8221;|||&#8221;][et_pb_image src=&#8221;https:\/\/twojdoktor.eu\/wp-content\/uploads\/2019\/12\/109067341_s.jpg&#8221; force_fullwidth=&#8221;on&#8221; align_tablet=&#8221;center&#8221; align_phone=&#8221;&#8221; align_last_edited=&#8221;on|desktop&#8221; module_id=&#8221;toggledoctors&#8221; _builder_version=&#8221;4.3.4&#8243; custom_margin=&#8221;|||&#8221; custom_padding=&#8221;|||&#8221; animation_style=&#8221;slide&#8221; animation_direction=&#8221;right&#8221; animation_intensity_slide=&#8221;5%&#8221; border_radii=&#8221;||30px|15vw|&#8221; border_color_all=&#8221;rgba(129,21,211,0.73)&#8221; border_width_bottom=&#8221;2vw&#8221; box_shadow_style=&#8221;preset3&#8243; box_shadow_vertical=&#8221;30px&#8221; box_shadow_blur=&#8221;80px&#8221; box_shadow_spread=&#8221;-30px&#8221; box_shadow_color=&#8221;rgba(102,141,186,0.7)&#8221; locked=&#8221;off&#8221;][\/et_pb_image][\/et_pb_column][et_pb_column type=&#8221;2_3&#8243; specialty_columns=&#8221;2&#8243; _builder_version=&#8221;3.25&#8243; custom_padding=&#8221;|||&#8221; padding_tablet__hover=&#8221;0px|10%||10%||true&#8221; padding_last_edited__hover=&#8221;on|tablet&#8221; padding_right__hover=&#8221;5%&#8221; padding_top__hover=&#8221;20px&#8221; [&hellip;]<\/p>\n","protected":false},"author":1,"featured_media":0,"parent":0,"menu_order":0,"comment_status":"closed","ping_status":"closed","template":"","meta":{"_et_pb_use_builder":"on","_et_pb_old_content":"","_et_gb_content_width":"","footnotes":""},"class_list":["post-799","page","type-page","status-publish","hentry"],"_links":{"self":[{"href":"https:\/\/twojdoktor.eu\/index.php\/wp-json\/wp\/v2\/pages\/799"}],"collection":[{"href":"https:\/\/twojdoktor.eu\/index.php\/wp-json\/wp\/v2\/pages"}],"about":[{"href":"https:\/\/twojdoktor.eu\/index.php\/wp-json\/wp\/v2\/types\/page"}],"author":[{"embeddable":true,"href":"https:\/\/twojdoktor.eu\/index.php\/wp-json\/wp\/v2\/users\/1"}],"replies":[{"embeddable":true,"href":"https:\/\/twojdoktor.eu\/index.php\/wp-json\/wp\/v2\/comments?post=799"}],"version-history":[{"count":24,"href":"https:\/\/twojdoktor.eu\/index.php\/wp-json\/wp\/v2\/pages\/799\/revisions"}],"predecessor-version":[{"id":2960,"href":"https:\/\/twojdoktor.eu\/index.php\/wp-json\/wp\/v2\/pages\/799\/revisions\/2960"}],"wp:attachment":[{"href":"https:\/\/twojdoktor.eu\/index.php\/wp-json\/wp\/v2\/media?parent=799"}],"curies":[{"name":"wp","href":"https:\/\/api.w.org\/{rel}","templated":true}]}}