{"id":776,"date":"2019-03-04T20:16:46","date_gmt":"2019-03-04T19:16:46","guid":{"rendered":"https:\/\/twojdoktor.eu\/?page_id=776"},"modified":"2020-04-20T11:35:59","modified_gmt":"2020-04-20T09:35:59","slug":"ginekologia-dziewczeca","status":"publish","type":"page","link":"https:\/\/twojdoktor.eu\/index.php\/ginekologia-dziewczeca\/","title":{"rendered":"Ginekologia dziewcz\u0119ca"},"content":{"rendered":"<p>[et_pb_section fb_built=&#8221;1&#8243; use_custom_gutter=&#8221;on&#8221; specialty=&#8221;on&#8221; padding_top_2=&#8221;20px&#8221; padding_right_2=&#8221;5%&#8221; padding_2_tablet=&#8221;0px|10%||10%||true&#8221; padding_2_last_edited=&#8221;off|desktop&#8221; admin_label=&#8221;Ginekologia dziewcz\u0119ca&#8221; _builder_version=&#8221;4.3.4&#8243; inner_width=&#8221;100%&#8221; inner_max_width=&#8221;100%&#8221; custom_padding=&#8221;0px|0px|50px|0px|false|false&#8221; use_custom_width=&#8221;on&#8221; width_unit=&#8221;off&#8221; custom_width_percent=&#8221;100%&#8221; locked=&#8221;off&#8221; collapsed=&#8221;off&#8221;][et_pb_column type=&#8221;1_3&#8243; _builder_version=&#8221;3.25&#8243; custom_padding=&#8221;|||&#8221; parallax__hover=&#8221;off&#8221; parallax_method__hover=&#8221;on&#8221; custom_padding__hover=&#8221;|||&#8221;][et_pb_image src=&#8221;https:\/\/twojdoktor.eu\/wp-content\/uploads\/2020\/02\/38975738_s.jpg&#8221; force_fullwidth=&#8221;on&#8221; align_tablet=&#8221;center&#8221; align_phone=&#8221;&#8221; align_last_edited=&#8221;on|desktop&#8221; module_id=&#8221;toggledoctors&#8221; _builder_version=&#8221;4.3.4&#8243; custom_margin=&#8221;|||&#8221; custom_padding=&#8221;|||&#8221; animation_style=&#8221;slide&#8221; animation_direction=&#8221;right&#8221; animation_intensity_slide=&#8221;5%&#8221; border_radii=&#8221;||30px|15vw|&#8221; border_color_all=&#8221;rgba(129,21,211,0.73)&#8221; border_width_bottom=&#8221;2vw&#8221; box_shadow_style=&#8221;preset3&#8243; box_shadow_vertical=&#8221;30px&#8221; box_shadow_blur=&#8221;80px&#8221; box_shadow_spread=&#8221;-30px&#8221; box_shadow_color=&#8221;rgba(102,141,186,0.7)&#8221; locked=&#8221;off&#8221;][\/et_pb_image][\/et_pb_column][et_pb_column type=&#8221;2_3&#8243; specialty_columns=&#8221;2&#8243; _builder_version=&#8221;3.25&#8243; custom_padding=&#8221;|||&#8221; padding_tablet__hover=&#8221;0px|10%||10%||true&#8221; padding_last_edited__hover=&#8221;on|tablet&#8221; padding_right__hover=&#8221;5%&#8221; padding_top__hover=&#8221;20px&#8221; parallax__hover=&#8221;off&#8221; parallax_method__hover=&#8221;on&#8221; padding_tablet=&#8221;0px|10%||10%||true&#8221; padding_last_edited=&#8221;on|tablet&#8221; custom_padding__hover=&#8221;|||&#8221;][et_pb_row_inner _builder_version=&#8221;3.25&#8243; custom_padding=&#8221;42.6094px|0px|0|0px|false|false&#8221;][et_pb_column_inner saved_specialty_column_type=&#8221;2_3&#8243; _builder_version=&#8221;3.25&#8243; custom_padding=&#8221;|||&#8221; parallax__hover=&#8221;off&#8221; parallax_method__hover=&#8221;on&#8221; custom_padding__hover=&#8221;|||&#8221;][et_pb_image src=&#8221;https:\/\/twojdoktor.eu\/wp-content\/uploads\/2019\/03\/052-doctor-1.png&#8221; align=&#8221;center&#8221; align_tablet=&#8221;center&#8221; align_phone=&#8221;&#8221; align_last_edited=&#8221;on|desktop&#8221; _builder_version=&#8221;3.23&#8243; max_width=&#8221;10%&#8221;][\/et_pb_image][et_pb_text _builder_version=&#8221;4.3.4&#8243; text_font=&#8221;Montserrat|300|||||||&#8221; text_font_size=&#8221;16px&#8221; text_line_height=&#8221;1.8em&#8221; header_3_text_align=&#8221;left&#8221; text_orientation=&#8221;center&#8221; max_width=&#8221;800px&#8221; module_alignment=&#8221;center&#8221; custom_margin=&#8221;|||&#8221; custom_margin_tablet=&#8221;0px|50px||50px&#8221; custom_margin_last_edited=&#8221;off|desktop&#8221; custom_padding=&#8221;|||&#8221; locked=&#8221;off&#8221;]<\/p>\n<h2>Ginekologia dziewcz\u0119ca<\/h2>\n<p>[\/et_pb_text][et_pb_text _builder_version=&#8221;4.3.4&#8243; header_3_text_align=&#8221;left&#8221; text_orientation=&#8221;center&#8221; max_width=&#8221;700px&#8221; module_alignment=&#8221;center&#8221; custom_margin=&#8221;|||&#8221; custom_margin_tablet=&#8221;0px|50px||50px&#8221; custom_margin_last_edited=&#8221;off|desktop&#8221; custom_padding=&#8221;|||&#8221; locked=&#8221;off&#8221;]<\/p>\n<p>Celem ginekologii dziewcz\u0119cej zwanej te\u017c ginekologi\u0105 wieku rozwojowego jest zapewnienie opieki dziewczynce w najwa\u017cniejszym czasie w jej \u017cyciu jakim jest okres rozwoju p\u0142ciowego. W naszych Gabinetach dok\u0142adany wszelkich stara\u0144 aby pierwsza wizyta ma\u0142ej dziewczynki, przebiega\u0142a bezstresowo. Zajmiemy si\u0119 ni\u0105 z delikatno\u015bci\u0105 i wyczuciem.<\/p>\n<p>[\/et_pb_text][\/et_pb_column_inner][\/et_pb_row_inner][\/et_pb_column][\/et_pb_section][et_pb_section fb_built=&#8221;1&#8243; admin_label=&#8221;Ginekologia dziewcz\u0119ca og\u00f3lnie&#8221; _builder_version=&#8221;4.3.4&#8243; background_color=&#8221;#f1f5f7&#8243;][et_pb_row column_structure=&#8221;3_5,2_5&#8243; _builder_version=&#8221;4.3.4&#8243; background_color=&#8221;rgba(0,0,0,0)&#8221; module_alignment=&#8221;center&#8221; border_radii=&#8221;on|10px|10px|10px|10px&#8221; collapsed=&#8221;off&#8221;][et_pb_column type=&#8221;3_5&#8243; _builder_version=&#8221;3.25&#8243; custom_padding=&#8221;|||&#8221; custom_padding__hover=&#8221;|||&#8221;][et_pb_text admin_label=&#8221;Ginekologia dziewcz\u0119ca&#8221; _builder_version=&#8221;4.3.4&#8243; header_3_text_align=&#8221;left&#8221; text_orientation=&#8221;justified&#8221; custom_padding=&#8221;5px|5px|5px|5px|true|true&#8221;]<\/p>\n<h3><strong>Ginekologia dziewcz\u0119ca<\/strong><\/h3>\n<p>W naszych Gabinetach otaczamy opiek\u0105 dziewczynki i kobiety w ka\u017cdym wieku, poczynaj\u0105c od momentu narodzin, nastolatki po kobiety dojrza\u0142e.<\/p>\n<p>Promocja zdrowia kobiety od najm\u0142odszego wieku jest dla nas bardzo wa\u017cna. Dzi\u0119ki konsultacjom u ginekologa na tak wczesnym etapie \u017cycia, mo\u017cemy zapobiec i wyleczy\u0107 wiele chor\u00f3b, kt\u00f3re mog\u0142yby mie\u0107 konsekwencje w przysz\u0142o\u015bci np. przy planowaniu ci\u0105\u017cy. Jest to tak\u017ce wspania\u0142a okazja do zapoznania dziecka z tym jak wygl\u0105da wizyta u lekarza ginekologa a przede wszystkim do tego by pokaza\u0107, \u017ce takie spotkanie z ginekologiem to nic strasznego.<\/p>\n<p>Dziewczynki, jako, \u017ce dopiero zapoznaj\u0105 si\u0119 z wizytami u ginekologa, traktowane s\u0105 w spos\u00f3b wyj\u0105tkowy. Uwa\u017camy, \u017ce nale\u017cy im po\u015bwi\u0119ci\u0107 wi\u0119cej czasu i da\u0107 mo\u017cliwo\u015b\u0107 oswojenia si\u0119 z gabinetem i sprz\u0119tem, kt\u00f3rego u\u017cywamy. Dbamy o to, aby pacjentka czu\u0142a si\u0119 u nas swobodnie i bezpiecznie. Pierwsza wizyta u ginekologa to wa\u017cne wydarzenie w \u017cyciu m\u0142odej kobiety. Cz\u0119sto od tej wizyty b\u0119dzie zale\u017ca\u0142o to czy w przysz\u0142o\u015bci b\u0119dzie regularnie dba\u0107 o swoje zdrowie i ucz\u0119szcza\u0107 do ginekologa.<\/p>\n<p>[\/et_pb_text][\/et_pb_column][et_pb_column type=&#8221;2_5&#8243; _builder_version=&#8221;3.25&#8243; custom_padding=&#8221;|||&#8221; custom_padding__hover=&#8221;|||&#8221;][et_pb_text admin_label=&#8221;Menu&#8221; _builder_version=&#8221;4.3.4&#8243; header_3_text_align=&#8221;left&#8221;]<\/p>\n<h3><strong>Czytaj o:<\/strong><\/h3>\n<ul>\n<li><a href=\"#togglegindziew1\"><strong>Kiedy nale\u017cy uda\u0107 si\u0119 do ginekologa dziewcz\u0119cego?<\/strong><\/a><\/li>\n<li><a href=\"#togglegindziew2\"><strong>Przygotowanie do badania<\/strong><\/a><\/li>\n<li><a href=\"#togglegindziew3\"><strong>Zasady przyjmowania pacjentek nieletnich<\/strong><\/a><\/li>\n<\/ul>\n<p>[\/et_pb_text][\/et_pb_column][\/et_pb_row][\/et_pb_section][et_pb_section fb_built=&#8221;1&#8243; admin_label=&#8221;Kiedy nale\u017cy uda\u0107 si\u0119 do ginekologa dziewcz\u0119cego?&#8221; _builder_version=&#8221;4.3.4&#8243;][et_pb_row column_structure=&#8221;3_5,2_5&#8243; _builder_version=&#8221;4.3.4&#8243; border_color_all=&#8221;#b7b7b7&#8243;][et_pb_column type=&#8221;3_5&#8243; _builder_version=&#8221;4.3.4&#8243;][et_pb_text admin_label=&#8221;Kiedy nale\u017cy uda\u0107 si\u0119 do ginekologa dziewcz\u0119cego?&#8221; module_id=&#8221;togglegindziew1&#8243; _builder_version=&#8221;4.3.4&#8243; header_3_text_align=&#8221;left&#8221; text_orientation=&#8221;justified&#8221; custom_padding=&#8221;5px|5px|5px|5px|true|true&#8221; border_radii=&#8221;on|10px|10px|10px|10px&#8221; border_color_all=&#8221;#8300e9&#8243;]<\/p>\n<h3><strong>Kiedy nale\u017cy uda\u0107 si\u0119 do ginekologa dziewcz\u0119cego?<\/strong><\/h3>\n<ul>\n<li>Pierwsza wizyta powinna odby\u0107 si\u0119 w okresie dojrzewania przed pierwsza miesi\u0105czka wizyta edukacyjna( 14- 15 rok \u017cycia),<\/li>\n<li>przy zaburzeniach rozwoju p\u0142ciowego (brak cech dojrzewania p\u0142ciowego, brak miesi\u0105czki), w tym r\u00f3wnie\u017c o pod\u0142o\u017cu genetycznym,<\/li>\n<li>przy stanach zapalnych narz\u0105d\u00f3w p\u0142ciowych wyst\u0119puj\u0105cych u dziewczynek,<\/li>\n<li>przy sklejaniu si\u0119 warg sromowych u ma\u0142ych dziewczynek,<\/li>\n<li>w celu edukacyjnym dotycz\u0105cym seksualno\u015bci,<\/li>\n<li>om\u00f3wienia fizjologii cyklu miesi\u0105czkowego oraz radzenia sobie z problemami ginekologicznymi w przysz\u0142o\u015bci,<\/li>\n<li>W celu profilaktyki raka szyjki macicy &#8211; szczepienia przeciw HPV.<\/li>\n<\/ul>\n<p>&nbsp;<\/p>\n<p>[\/et_pb_text][et_pb_text admin_label=&#8221;Przygotowanie do badania&#8221; module_id=&#8221;togglegindziew2&#8243; _builder_version=&#8221;4.3.4&#8243; header_3_text_align=&#8221;left&#8221; text_orientation=&#8221;justified&#8221; custom_padding=&#8221;5px|5px|5px|5px|true|true&#8221; border_radii=&#8221;on|10px|10px|10px|10px&#8221; border_color_all=&#8221;#8300e9&#8243;]<\/p>\n<h3><strong>Przygotowanie do badania<\/strong><\/h3>\n<ul>\n<li>U dziewczynek wykonujemy USG przez pow\u0142oki brzuszne w tym celu pacjentka musi mie\u0107 wype\u0142niony p\u0119cherz moczowy (zalecamy wypicie 2-3 szklanek wody na oko\u0142o 2 godziny przed badaniem)<\/li>\n<li>Na 48 godzin przed planowanym pobraniem posiewu nie nale\u017cy stosowa\u0107 p\u0142yn\u00f3w do higieny intymnej ani innych preparat\u00f3w.<\/li>\n<\/ul>\n<p>[\/et_pb_text][\/et_pb_column][et_pb_column type=&#8221;2_5&#8243; _builder_version=&#8221;4.3.4&#8243;][et_pb_image src=&#8221;https:\/\/twojdoktor.eu\/wp-content\/uploads\/2020\/02\/doctor-13.jpg&#8221; _builder_version=&#8221;4.3.4&#8243; border_radii=&#8221;on|10px|10px|10px|10px&#8221;][\/et_pb_image][\/et_pb_column][\/et_pb_row][\/et_pb_section][et_pb_section fb_built=&#8221;1&#8243; admin_label=&#8221;Zasady przyjmowania pacjentek nieletnich&#8221; _builder_version=&#8221;4.3.4&#8243; background_color=&#8221;#f1f5f7&#8243;][et_pb_row column_structure=&#8221;1_2,1_2&#8243; _builder_version=&#8221;4.3.4&#8243; background_color=&#8221;rgba(0,0,0,0)&#8221; module_alignment=&#8221;center&#8221; border_radii=&#8221;on|10px|10px|10px|10px&#8221;][et_pb_column type=&#8221;1_2&#8243; _builder_version=&#8221;3.25&#8243; custom_padding=&#8221;|||&#8221; custom_padding__hover=&#8221;|||&#8221;][et_pb_image src=&#8221;https:\/\/twojdoktor.eu\/wp-content\/uploads\/2020\/03\/46905351_s.jpg&#8221; module_id=&#8221;togglegindziew3&#8243; _builder_version=&#8221;4.3.4&#8243; border_radii=&#8221;on|10px|10px|10px|10px&#8221;][\/et_pb_image][\/et_pb_column][et_pb_column type=&#8221;1_2&#8243; _builder_version=&#8221;3.25&#8243; custom_padding=&#8221;|||&#8221; custom_padding__hover=&#8221;|||&#8221;][et_pb_text admin_label=&#8221;Zasady przyjmowania pacjentek nieletnich&#8221; _builder_version=&#8221;4.3.4&#8243; header_3_text_align=&#8221;left&#8221; text_orientation=&#8221;justified&#8221; custom_padding=&#8221;5px|5px|5px|5px|true|true&#8221;]<\/p>\n<h3><strong>Zasady przyjmowania pacjentek nieletnich<\/strong><\/h3>\n<p>Wed\u0142ug prawa polskiego dziewczynkom w wieku do 16 roku \u017cycia musi towarzyszy\u0107 na wizycie Rodzic lub opiekun prawny natomiast od 16 do 18 roku \u017cycia wymagana jest pisemna zgoda Rodzica lub opiekuna prawnego lub jego obecno\u015b\u0107.<\/p>\n<p>[\/et_pb_text][et_pb_button button_url=&#8221;https:\/\/twojdoktor.eu\/index.php\/do-pobrania\/&#8221; button_text=&#8221;Pobierz zgod\u0119 na wizyt\u0119 ma\u0142oletniej pacjentki&#8221; button_alignment=&#8221;center&#8221; _builder_version=&#8221;4.3.4&#8243; custom_button=&#8221;on&#8221; button_border_radius=&#8221;10px&#8221;][\/et_pb_button][\/et_pb_column][\/et_pb_row][\/et_pb_section][et_pb_section fb_built=&#8221;1&#8243; admin_label=&#8221;Footer&#8221; _builder_version=&#8221;3.22&#8243; background_color=&#8221;rgba(129,21,211,0.73)&#8221; custom_padding=&#8221;120px||120px||false|false&#8221; top_divider_height=&#8221;660px&#8221; top_divider_flip=&#8221;horizontal&#8221; bottom_divider_style=&#8221;clouds2&#8243; bottom_divider_color=&#8221;rgba(255,255,255,0.08)&#8221; bottom_divider_height=&#8221;600px&#8221; bottom_divider_flip=&#8221;vertical&#8221; locked=&#8221;off&#8221; collapsed=&#8221;off&#8221;][et_pb_row _builder_version=&#8221;3.25&#8243;][et_pb_column type=&#8221;4_4&#8243; _builder_version=&#8221;3.25&#8243; custom_padding=&#8221;|||&#8221; custom_padding__hover=&#8221;|||&#8221;][et_pb_image src=&#8221;https:\/\/twojdoktor.eu\/wp-content\/uploads\/2019\/03\/061-medical-care.png&#8221; align=&#8221;center&#8221; align_tablet=&#8221;center&#8221; align_phone=&#8221;&#8221; align_last_edited=&#8221;on|desktop&#8221; _builder_version=&#8221;3.23&#8243; max_width=&#8221;10%&#8221; locked=&#8221;off&#8221;][\/et_pb_image][et_pb_text _builder_version=&#8221;3.27.4&#8243; text_font=&#8221;Montserrat||||||||&#8221; header_font=&#8221;||||||||&#8221; header_2_font=&#8221;Montserrat|300|||||||&#8221; header_2_text_align=&#8221;center&#8221; header_2_font_size=&#8221;50px&#8221; header_2_line_height=&#8221;1.4em&#8221; text_orientation=&#8221;center&#8221; background_layout=&#8221;dark&#8221; header_2_font_size_tablet=&#8221;&#8221; header_2_font_size_phone=&#8221;30px&#8221; header_2_font_size_last_edited=&#8221;on|phone&#8221; header_2_line_height_tablet=&#8221;1.4em&#8221; header_2_line_height_phone=&#8221;&#8221; header_2_line_height_last_edited=&#8221;on|desktop&#8221;]<\/p>\n<h2>Troska o Wasze zdrowie jest naszym powo\u0142aniem.<\/h2>\n<p>[\/et_pb_text][\/et_pb_column][\/et_pb_row][et_pb_row column_structure=&#8221;1_3,1_3,1_3&#8243; _builder_version=&#8221;3.25&#8243;][et_pb_column type=&#8221;1_3&#8243; _builder_version=&#8221;3.25&#8243; custom_padding=&#8221;|||&#8221; custom_padding__hover=&#8221;|||&#8221;][et_pb_blurb title=&#8221;+48 607 811 991 <br \/> +48 887 811 991&#8243; use_icon=&#8221;on&#8221; font_icon=&#8221;%%264%%&#8221; use_circle=&#8221;on&#8221; circle_color=&#8221;#ffffff&#8221; icon_placement=&#8221;left&#8221; use_icon_font_size=&#8221;on&#8221; icon_font_size=&#8221;16px&#8221; _builder_version=&#8221;4.3.4&#8243; header_font=&#8221;Montserrat||||||||&#8221; header_text_color=&#8221;#ffffff&#8221; header_font_size=&#8221;20px&#8221; header_line_height=&#8221;1.7em&#8221; hover_enabled=&#8221;0&#8243;][\/et_pb_blurb][\/et_pb_column][et_pb_column type=&#8221;1_3&#8243; _builder_version=&#8221;3.25&#8243; custom_padding=&#8221;|||&#8221; custom_padding__hover=&#8221;|||&#8221;][et_pb_blurb title=&#8221;<a href=mailto:gabinety@twojdoktor.eu>gabinety@twojdoktor.eu<a>&#8221; use_icon=&#8221;on&#8221; font_icon=&#8221;%%238%%&#8221; use_circle=&#8221;on&#8221; circle_color=&#8221;#ffffff&#8221; icon_placement=&#8221;left&#8221; use_icon_font_size=&#8221;on&#8221; icon_font_size=&#8221;16px&#8221; _builder_version=&#8221;3.18.7&#8243; header_font=&#8221;Montserrat||||||||&#8221; header_text_color=&#8221;#ffffff&#8221; header_font_size=&#8221;20px&#8221; header_line_height=&#8221;1.7em&#8221; locked=&#8221;off&#8221;][\/et_pb_blurb][\/et_pb_column][et_pb_column type=&#8221;1_3&#8243; _builder_version=&#8221;3.25&#8243; custom_padding=&#8221;|||&#8221; custom_padding__hover=&#8221;|||&#8221;][et_pb_blurb title=&#8221;ul. Oliwkowa 35, <br \/>80-175 Gda\u0144sk&#8221; use_icon=&#8221;on&#8221; font_icon=&#8221;%%249%%&#8221; use_circle=&#8221;on&#8221; circle_color=&#8221;#ffffff&#8221; icon_placement=&#8221;left&#8221; use_icon_font_size=&#8221;on&#8221; icon_font_size=&#8221;16px&#8221; _builder_version=&#8221;3.18.7&#8243; header_font=&#8221;Montserrat||||||||&#8221; header_text_color=&#8221;#ffffff&#8221; header_font_size=&#8221;20px&#8221; header_line_height=&#8221;1.7em&#8221; locked=&#8221;off&#8221;][\/et_pb_blurb][\/et_pb_column][\/et_pb_row][\/et_pb_section]<\/p>\n","protected":false},"excerpt":{"rendered":"<p>[et_pb_section fb_built=&#8221;1&#8243; use_custom_gutter=&#8221;on&#8221; specialty=&#8221;on&#8221; padding_top_2=&#8221;20px&#8221; padding_right_2=&#8221;5%&#8221; padding_2_tablet=&#8221;0px|10%||10%||true&#8221; padding_2_last_edited=&#8221;off|desktop&#8221; admin_label=&#8221;Ginekologia dziewcz\u0119ca&#8221; _builder_version=&#8221;4.3.4&#8243; inner_width=&#8221;100%&#8221; inner_max_width=&#8221;100%&#8221; custom_padding=&#8221;0px|0px|50px|0px|false|false&#8221; use_custom_width=&#8221;on&#8221; width_unit=&#8221;off&#8221; custom_width_percent=&#8221;100%&#8221; locked=&#8221;off&#8221; collapsed=&#8221;off&#8221;][et_pb_column type=&#8221;1_3&#8243; _builder_version=&#8221;3.25&#8243; custom_padding=&#8221;|||&#8221; parallax__hover=&#8221;off&#8221; parallax_method__hover=&#8221;on&#8221; custom_padding__hover=&#8221;|||&#8221;][et_pb_image src=&#8221;https:\/\/twojdoktor.eu\/wp-content\/uploads\/2020\/02\/38975738_s.jpg&#8221; force_fullwidth=&#8221;on&#8221; align_tablet=&#8221;center&#8221; align_phone=&#8221;&#8221; align_last_edited=&#8221;on|desktop&#8221; module_id=&#8221;toggledoctors&#8221; _builder_version=&#8221;4.3.4&#8243; custom_margin=&#8221;|||&#8221; custom_padding=&#8221;|||&#8221; animation_style=&#8221;slide&#8221; animation_direction=&#8221;right&#8221; animation_intensity_slide=&#8221;5%&#8221; border_radii=&#8221;||30px|15vw|&#8221; border_color_all=&#8221;rgba(129,21,211,0.73)&#8221; border_width_bottom=&#8221;2vw&#8221; box_shadow_style=&#8221;preset3&#8243; box_shadow_vertical=&#8221;30px&#8221; box_shadow_blur=&#8221;80px&#8221; box_shadow_spread=&#8221;-30px&#8221; box_shadow_color=&#8221;rgba(102,141,186,0.7)&#8221; locked=&#8221;off&#8221;][\/et_pb_image][\/et_pb_column][et_pb_column type=&#8221;2_3&#8243; specialty_columns=&#8221;2&#8243; _builder_version=&#8221;3.25&#8243; custom_padding=&#8221;|||&#8221; padding_tablet__hover=&#8221;0px|10%||10%||true&#8221; padding_last_edited__hover=&#8221;on|tablet&#8221; padding_right__hover=&#8221;5%&#8221; padding_top__hover=&#8221;20px&#8221; parallax__hover=&#8221;off&#8221; [&hellip;]<\/p>\n","protected":false},"author":1,"featured_media":0,"parent":0,"menu_order":0,"comment_status":"closed","ping_status":"closed","template":"","meta":{"_et_pb_use_builder":"on","_et_pb_old_content":"","_et_gb_content_width":"","footnotes":""},"class_list":["post-776","page","type-page","status-publish","hentry"],"_links":{"self":[{"href":"https:\/\/twojdoktor.eu\/index.php\/wp-json\/wp\/v2\/pages\/776"}],"collection":[{"href":"https:\/\/twojdoktor.eu\/index.php\/wp-json\/wp\/v2\/pages"}],"about":[{"href":"https:\/\/twojdoktor.eu\/index.php\/wp-json\/wp\/v2\/types\/page"}],"author":[{"embeddable":true,"href":"https:\/\/twojdoktor.eu\/index.php\/wp-json\/wp\/v2\/users\/1"}],"replies":[{"embeddable":true,"href":"https:\/\/twojdoktor.eu\/index.php\/wp-json\/wp\/v2\/comments?post=776"}],"version-history":[{"count":36,"href":"https:\/\/twojdoktor.eu\/index.php\/wp-json\/wp\/v2\/pages\/776\/revisions"}],"predecessor-version":[{"id":2962,"href":"https:\/\/twojdoktor.eu\/index.php\/wp-json\/wp\/v2\/pages\/776\/revisions\/2962"}],"wp:attachment":[{"href":"https:\/\/twojdoktor.eu\/index.php\/wp-json\/wp\/v2\/media?parent=776"}],"curies":[{"name":"wp","href":"https:\/\/api.w.org\/{rel}","templated":true}]}}