{"id":4380,"date":"2024-11-28T23:12:32","date_gmt":"2024-11-28T22:12:32","guid":{"rendered":"https:\/\/twojdoktor.eu\/?page_id=4380"},"modified":"2024-11-29T11:00:25","modified_gmt":"2024-11-29T10:00:25","slug":"masaz-kobido-up","status":"publish","type":"page","link":"https:\/\/twojdoktor.eu\/index.php\/masaz-kobido-up\/","title":{"rendered":"Masa\u017c Kobido Up"},"content":{"rendered":"<p>[et_pb_section fb_built=&#8221;1&#8243; use_custom_gutter=&#8221;on&#8221; specialty=&#8221;on&#8221; padding_top_2=&#8221;20px&#8221; padding_right_2=&#8221;5%&#8221; padding_2_tablet=&#8221;0px|10%||10%||true&#8221; padding_2_phone=&#8221;&#8221; padding_2_last_edited=&#8221;on|tablet&#8221; admin_label=&#8221;Kobido up&#8221; _builder_version=&#8221;3.22&#8243; inner_width=&#8221;100%&#8221; inner_max_width=&#8221;100%&#8221; custom_padding=&#8221;0|0px|54px|0px|false|false&#8221; use_custom_width=&#8221;on&#8221; width_unit=&#8221;off&#8221; custom_width_percent=&#8221;100%&#8221; locked=&#8221;off&#8221; collapsed=&#8221;off&#8221;][et_pb_column type=&#8221;1_3&#8243; _builder_version=&#8221;3.25&#8243; custom_padding=&#8221;|||&#8221; parallax__hover=&#8221;off&#8221; parallax_method__hover=&#8221;on&#8221; custom_padding__hover=&#8221;|||&#8221;][et_pb_image src=&#8221;https:\/\/twojdoktor.eu\/wp-content\/uploads\/2024\/11\/170235777_m_normal_none.webp&#8221; title_text=&#8221;170235777_m_normal_none&#8221; force_fullwidth=&#8221;on&#8221; align_tablet=&#8221;center&#8221; align_phone=&#8221;&#8221; align_last_edited=&#8221;on|desktop&#8221; module_id=&#8221;toggledoctors&#8221; _builder_version=&#8221;4.8.1&#8243; custom_margin=&#8221;|||&#8221; custom_padding=&#8221;|||&#8221; animation_style=&#8221;slide&#8221; animation_direction=&#8221;right&#8221; animation_intensity_slide=&#8221;5%&#8221; border_radii=&#8221;||30px|15vw|&#8221; border_color_all=&#8221;rgba(129,21,211,0.73)&#8221; border_width_bottom=&#8221;2vw&#8221; box_shadow_style=&#8221;preset3&#8243; box_shadow_vertical=&#8221;30px&#8221; box_shadow_blur=&#8221;80px&#8221; box_shadow_spread=&#8221;-30px&#8221; box_shadow_color=&#8221;rgba(102,141,186,0.7)&#8221; locked=&#8221;off&#8221;][\/et_pb_image][\/et_pb_column][et_pb_column type=&#8221;2_3&#8243; specialty_columns=&#8221;2&#8243; _builder_version=&#8221;3.25&#8243; custom_padding=&#8221;|||&#8221; padding_tablet__hover=&#8221;0px|10%||10%||true&#8221; padding_last_edited__hover=&#8221;on|tablet&#8221; padding_right__hover=&#8221;5%&#8221; padding_top__hover=&#8221;20px&#8221; parallax__hover=&#8221;off&#8221; parallax_method__hover=&#8221;on&#8221; padding_tablet=&#8221;0px|10%||10%||true&#8221; padding_last_edited=&#8221;on|tablet&#8221; custom_padding__hover=&#8221;|||&#8221;][et_pb_row_inner _builder_version=&#8221;3.25&#8243; custom_padding=&#8221;42.6094px|0px|0|0px|false|false&#8221;][et_pb_column_inner saved_specialty_column_type=&#8221;2_3&#8243; _builder_version=&#8221;3.25&#8243; custom_padding=&#8221;|||&#8221; parallax__hover=&#8221;off&#8221; parallax_method__hover=&#8221;on&#8221; custom_padding__hover=&#8221;|||&#8221;][et_pb_image src=&#8221;https:\/\/twojdoktor.eu\/wp-content\/uploads\/2019\/03\/052-doctor-1.png&#8221; align=&#8221;center&#8221; align_tablet=&#8221;center&#8221; align_phone=&#8221;&#8221; align_last_edited=&#8221;on|desktop&#8221; _builder_version=&#8221;3.23&#8243; max_width=&#8221;10%&#8221; hover_enabled=&#8221;0&#8243; sticky_enabled=&#8221;0&#8243;][\/et_pb_image][et_pb_text _builder_version=&#8221;4.8.1&#8243; text_font=&#8221;Montserrat|300|||||||&#8221; text_font_size=&#8221;16px&#8221; text_line_height=&#8221;1.8em&#8221; header_3_text_align=&#8221;left&#8221; text_orientation=&#8221;center&#8221; max_width=&#8221;800px&#8221; module_alignment=&#8221;center&#8221; custom_margin=&#8221;|||&#8221; custom_margin_tablet=&#8221;0px|50px||50px&#8221; custom_margin_last_edited=&#8221;off|desktop&#8221; custom_padding=&#8221;|||&#8221; locked=&#8221;off&#8221;]<\/p>\n<h2>Masa\u017c Kobido Up<\/h2>\n<p>[\/et_pb_text][et_pb_text _builder_version=&#8221;4.8.1&#8243; header_3_text_align=&#8221;left&#8221; text_orientation=&#8221;center&#8221; max_width=&#8221;700px&#8221; module_alignment=&#8221;center&#8221; custom_margin=&#8221;|||&#8221; custom_margin_tablet=&#8221;0px|50px||50px&#8221; custom_margin_last_edited=&#8221;off|desktop&#8221; custom_padding=&#8221;|||&#8221; locked=&#8221;off&#8221;]<\/p>\n<p>Masa\u017c Kobido UP to zaawansowana technika g\u0142\u0119bokiego masa\u017cu twarzy, nazywana niechirurgicznym liftingiem. Dzia\u0142a na g\u0142\u0119bokie struktury mi\u0119\u015bniowe i powi\u0119zi, poprawiaj\u0105c napi\u0119cie sk\u00f3ry, redukuj\u0105c zmarszczki, a jednocze\u015bnie relaksuj\u0105c i redukuj\u0105c napi\u0119cia mi\u0119\u015bniowe. Zabieg \u0142\u0105czy tradycyjne japo\u0144skie techniki z nowoczesnym podej\u015bciem, oferuj\u0105c naturalne odm\u0142odzenie i odpr\u0119\u017cenie.<\/p>\n<p>[\/et_pb_text][\/et_pb_column_inner][\/et_pb_row_inner][\/et_pb_column][\/et_pb_section][et_pb_section fb_built=&#8221;1&#8243; admin_label=&#8221;Czym jest masa\u017c Kobido?&#8221; _builder_version=&#8221;4.3.4&#8243; background_color=&#8221;#f1f5f7&#8243; collapsed=&#8221;off&#8221;][et_pb_row column_structure=&#8221;3_5,2_5&#8243; _builder_version=&#8221;4.3.4&#8243; background_color=&#8221;rgba(0,0,0,0)&#8221; module_alignment=&#8221;center&#8221; border_radii=&#8221;on|10px|10px|10px|10px&#8221; collapsed=&#8221;off&#8221;][et_pb_column type=&#8221;3_5&#8243; _builder_version=&#8221;3.25&#8243; custom_padding=&#8221;|||&#8221; custom_padding__hover=&#8221;|||&#8221;][et_pb_text _builder_version=&#8221;4.8.1&#8243; header_3_text_align=&#8221;left&#8221; text_orientation=&#8221;justified&#8221; custom_padding=&#8221;5px|5px|5px|5px|true|true&#8221;]<\/p>\n<h3>Czym jest masa\u017c Kobido?<\/h3>\n<p>Masa\u017c Kobido to wyj\u0105tkowa technika masa\u017cu twarzy, kt\u00f3ra swoje korzenie ma w Japonii, w tradycji si\u0119gaj\u0105cej XV wieku. Kobido oznacza &#8222;drog\u0119 do naturalnego pi\u0119kna&#8221; i jest uznawane za jedn\u0105 z najbardziej zaawansowanych form masa\u017cu. Kobido UP to rozwini\u0119cie tej techniki, \u0142\u0105cz\u0105ce intensywne manualne ruchy, akupresur\u0119, drena\u017c limfatyczny, masa\u017c kulami solnymi oraz oklejanie ta\u015bmami kinezjologicznymi, zapewniaj\u0105c spektakularne efekty liftinguj\u0105ce i relaksacyjne.<\/p>\n<p>[\/et_pb_text][\/et_pb_column][et_pb_column type=&#8221;2_5&#8243; _builder_version=&#8221;3.25&#8243; custom_padding=&#8221;|||&#8221; custom_padding__hover=&#8221;|||&#8221;][et_pb_text _builder_version=&#8221;4.8.1&#8243; header_3_text_align=&#8221;left&#8221;]<\/p>\n<h3><strong>Czytaj o:<\/strong><\/h3>\n<ul>\n<li><a href=\"#toggle1\" rel=\"noopener\">Czym jest masa\u017c Kobido?<\/a><\/li>\n<li><a href=\"https:\/\/mail.google.com\/mail\/u\/0\/#m_-402422900980639296_jakie-s%C4%85-korzy%C5%9Bci-z-masa%C5%BCu-kobido-up\" rel=\"noopener\">Jakie s\u0105 korzy\u015bci z masa\u017cu Kobido UP?<\/a><\/li>\n<li><a href=\"https:\/\/mail.google.com\/mail\/u\/0\/#m_-402422900980639296_jakie-s%C4%85-wskazania-do-zabiegu\" rel=\"noopener\">Jakie s\u0105 wskazania do zabiegu?<\/a><\/li>\n<li><a href=\"https:\/\/mail.google.com\/mail\/u\/0\/#m_-402422900980639296_jakie-s%C4%85-przeciwwskazania-do-wykonania-masa%C5%BCu-kobido-up\" rel=\"noopener\">Jakie s\u0105 przeciwskazania do wykonania masa\u017cu Kobido UP?<\/a><\/li>\n<li><a href=\"https:\/\/mail.google.com\/mail\/u\/0\/#m_-402422900980639296_jakich-efekt%C3%B3w-mo%C5%BCna-si%C4%99-spodziewa%C4%87\" rel=\"noopener\">Jakich efekt\u00f3w mo\u017cna si\u0119 spodziewa\u0107?<\/a><\/li>\n<\/ul>\n<p>[\/et_pb_text][\/et_pb_column][\/et_pb_row][\/et_pb_section][et_pb_section fb_built=&#8221;1&#8243; _builder_version=&#8221;4.3.4&#8243; collapsed=&#8221;off&#8221;][et_pb_row column_structure=&#8221;3_5,2_5&#8243; _builder_version=&#8221;4.3.4&#8243; border_color_all=&#8221;#b7b7b7&#8243;][et_pb_column type=&#8221;3_5&#8243; _builder_version=&#8221;4.3.4&#8243;][et_pb_text module_id=&#8221;toggle1&#8243; _builder_version=&#8221;4.8.1&#8243; header_3_text_align=&#8221;left&#8221; text_orientation=&#8221;justified&#8221; custom_padding=&#8221;5px|5px|5px|5px|true|true&#8221; border_radii=&#8221;on|10px|10px|10px|10px&#8221; border_color_all=&#8221;#8300e9&#8243;]<\/p>\n<h3>Jakie s\u0105 korzy\u015bci z masa\u017cu Kobido UP?<\/h3>\n<p>Masa\u017c Kobido UP przynosi wiele korzy\u015bci zar\u00f3wno w kontek\u015bcie estetyki, jak i zdrowia:<\/p>\n<ul>\n<li>Redukcja zmarszczek i bruzd mimicznych.<\/li>\n<li>Poprawa owalu twarzy i napi\u0119cia sk\u00f3ry.<\/li>\n<li>Zwi\u0119kszenie produkcji kolagenu i elastyny.<\/li>\n<li>Zmniejszenie opuchlizny oraz work\u00f3w pod oczami.<\/li>\n<li>Rozlu\u017anienie napi\u0119\u0107 mi\u0119\u015bniowych, w tym eliminacja problem\u00f3w zwi\u0105zanych z bruksizmem.<\/li>\n<li>G\u0142\u0119bokie odpr\u0119\u017cenie i redukcja stresu.<\/li>\n<li>Poprawa jako\u015bci snu i samopoczucia.<\/li>\n<\/ul>\n<p>[\/et_pb_text][\/et_pb_column][et_pb_column type=&#8221;2_5&#8243; _builder_version=&#8221;4.3.4&#8243;][et_pb_image src=&#8221;https:\/\/twojdoktor.eu\/wp-content\/uploads\/2024\/11\/99919175_m_normal_none.webp&#8221; title_text=&#8221;99919175_m_normal_none&#8221; _builder_version=&#8221;4.8.1&#8243; border_radii=&#8221;on|10px|10px|10px|10px&#8221;][\/et_pb_image][\/et_pb_column][\/et_pb_row][\/et_pb_section][et_pb_section fb_built=&#8221;1&#8243; _builder_version=&#8221;4.3.4&#8243; background_color=&#8221;#f1f5f7&#8243; collapsed=&#8221;off&#8221;][et_pb_row column_structure=&#8221;1_2,1_2&#8243; _builder_version=&#8221;4.3.4&#8243; border_color_all=&#8221;#b7b7b7&#8243; collapsed=&#8221;off&#8221;][et_pb_column type=&#8221;1_2&#8243; _builder_version=&#8221;4.3.4&#8243;][et_pb_text module_id=&#8221;toggle6&#8243; _builder_version=&#8221;4.8.1&#8243; header_3_text_align=&#8221;left&#8221; text_orientation=&#8221;justified&#8221; custom_padding=&#8221;5px|5px|5px|5px|true|true&#8221; border_radii=&#8221;on|10px|10px|10px|10px&#8221; border_color_all=&#8221;#8300e9&#8243;]<\/p>\n<h3>Jakie s\u0105 wskazania do zabiegu?<\/h3>\n<p>Zabieg Kobido UP polecany jest dla os\u00f3b, kt\u00f3re chc\u0105:<\/p>\n<ul>\n<li>Uj\u0119drni\u0107 wiotk\u0105 sk\u00f3r\u0119 twarzy i szyi.<\/li>\n<li>Poprawi\u0107 kontur twarzy i wyra\u017anie zmniejszy\u0107 widoczno\u015b\u0107 zmarszczek.<\/li>\n<li>Zredukowa\u0107 napi\u0119cia w obr\u0119bie g\u0142owy i szyi, np. zwi\u0105zane z bruksizmem.<\/li>\n<li>Skorzysta\u0107 z naturalnej alternatywy dla inwazyjnych zabieg\u00f3w estetycznych.<\/li>\n<li>Spowolni\u0107 procesy starzenia si\u0119 sk\u00f3ry.<\/li>\n<\/ul>\n<p>[\/et_pb_text][\/et_pb_column][et_pb_column type=&#8221;1_2&#8243; _builder_version=&#8221;4.3.4&#8243;][et_pb_image src=&#8221;https:\/\/twojdoktor.eu\/wp-content\/uploads\/2024\/11\/55497792_m_normal_none-1024&#215;683.webp&#8221; title_text=&#8221;55497792_m_normal_none&#8221; _builder_version=&#8221;4.8.1&#8243; border_radii=&#8221;on|10px|10px|10px|10px&#8221;][\/et_pb_image][\/et_pb_column][\/et_pb_row][et_pb_row column_structure=&#8221;1_2,1_2&#8243; _builder_version=&#8221;4.3.4&#8243; collapsed=&#8221;off&#8221;][et_pb_column type=&#8221;1_2&#8243; _builder_version=&#8221;4.3.4&#8243;][et_pb_image src=&#8221;https:\/\/twojdoktor.eu\/wp-content\/uploads\/2024\/11\/188160566_m_normal_none-1024&#215;683.webp&#8221; title_text=&#8221;188160566_m_normal_none&#8221; module_id=&#8221;toggle7&#8243; _builder_version=&#8221;4.8.1&#8243; border_radii=&#8221;on|10px|10px|10px|10px&#8221;][\/et_pb_image][\/et_pb_column][et_pb_column type=&#8221;1_2&#8243; _builder_version=&#8221;4.3.4&#8243;][et_pb_text _builder_version=&#8221;4.8.1&#8243; header_3_text_align=&#8221;left&#8221; text_orientation=&#8221;justified&#8221; custom_padding=&#8221;5px|5px|5px|5px|true|true&#8221;]<\/p>\n<h3>Jakie s\u0105 przeciwskazania do wykonania masa\u017cu Kobido UP?<\/h3>\n<p>Cho\u0107 masa\u017c Kobido UP jest bezpieczny, istniej\u0105 pewne przeciwwskazania:<\/p>\n<ul>\n<li>stany zapalne w obszarze zabiegowym &#8211; rany\/otarcia itp.<\/li>\n<li>\u0142uszczyca<\/li>\n<li>opryszczka<\/li>\n<li>nieleczona padaczka<\/li>\n<li>nowotwory i 5 lat po wyleczeniu<\/li>\n<li>aktywny tr\u0105dzik r\u00f3\u017cowaty<\/li>\n<li>og\u00f3lny z\u0142y stan pacjenta &#8211; przezi\u0119bienie\/gor\u0105czka<\/li>\n<li>du\u017ce nadci\u015bnienie t\u0119tnicze<\/li>\n<li>zagro\u017cona b\u0105d\u017a zaawansowana ci\u0105\u017ca<\/li>\n<li>wype\u0142niacze typu kwas hialuronowy &#8211; w ci\u0105gu 2-3 ostatnich tygodni przed zabiegiem<\/li>\n<li>botoks &#8211; w ci\u0105gu 2-3 ostatnich tygodni przed zabiegiem<\/li>\n<li>nici PDO &#8211; w ci\u0105gu 6 ostatnich miesi\u0119cy przed zabiegiem<\/li>\n<li>medycyna estetyczna &#8211; nici z haczykami<\/li>\n<li>mezoterapia ig\u0142owa i mikroiglowa- w ci\u0105gu 2 ostatnich tygodni przed zabiegiem<\/li>\n<\/ul>\n<p>[\/et_pb_text][\/et_pb_column][\/et_pb_row][et_pb_row _builder_version=&#8221;4.3.4&#8243;][et_pb_column type=&#8221;4_4&#8243; _builder_version=&#8221;4.3.4&#8243;][et_pb_text _builder_version=&#8221;4.8.1&#8243; header_3_text_align=&#8221;left&#8221; text_orientation=&#8221;justified&#8221; custom_padding=&#8221;5px|5px|5px|5px|true|true&#8221;]<\/p>\n<h3>Jakich efekt\u00f3w mo\u017cna si\u0119 spodziewa\u0107?<\/h3>\n<p>Pierwsze efekty masa\u017cu Kobido UP s\u0105 widoczne ju\u017c po jednej sesji. Regularne zabiegi pozwalaj\u0105 uzyska\u0107:<\/p>\n<ul>\n<li>Wyg\u0142adzenie zmarszczek i bruzd mimicznych.<\/li>\n<li>Podniesienie policzk\u00f3w i popraw\u0119 owalu twarzy.<\/li>\n<li>Redukcj\u0119 opuchlizny i rozja\u015bnienie cieni pod oczami.<\/li>\n<li>Popraw\u0119 j\u0119drno\u015bci i kolorytu sk\u00f3ry.<\/li>\n<li>Og\u00f3ln\u0105 popraw\u0119 samopoczucia i redukcj\u0119 stresu.<\/li>\n<li>D\u0142ugofalowe spowolnienie proces\u00f3w starzenia.<\/li>\n<\/ul>\n<p>[\/et_pb_text][\/et_pb_column][\/et_pb_row][et_pb_row _builder_version=&#8221;4.3.4&#8243;][et_pb_column type=&#8221;4_4&#8243; _builder_version=&#8221;4.3.4&#8243;][et_pb_text _builder_version=&#8221;4.8.1&#8243; header_3_text_align=&#8221;left&#8221; text_orientation=&#8221;justified&#8221; custom_padding=&#8221;5px|5px|5px|5px|true|true&#8221;]<\/p>\n<h3>Kiedy warto wykona\u0107 Kobido UP?<\/h3>\n<p>Zabieg mo\u017cna przeprowadza\u0107 przez ca\u0142y rok, jednak najlepsze efekty osi\u0105ga si\u0119, w\u0142\u0105czaj\u0105c masa\u017c do regularnej piel\u0119gnacji. Masa\u017c idealnie sprawdzi si\u0119 wieczorem lub popo\u0142udniami, pozwalaj\u0105c na pe\u0142en relaks i regeneracj\u0119 po ca\u0142ym dniu.<\/p>\n<p>Zapraszamy do um\u00f3wienia wizyty i do\u015bwiadczenia niezwyk\u0142ych korzy\u015bci p\u0142yn\u0105cych z masa\u017cu Kobido UP!<\/p>\n<p>[\/et_pb_text][\/et_pb_column][\/et_pb_row][\/et_pb_section][et_pb_section fb_built=&#8221;1&#8243; admin_label=&#8221;Footer&#8221; _builder_version=&#8221;3.22&#8243; background_color=&#8221;rgba(129,21,211,0.73)&#8221; custom_padding=&#8221;120px||120px||false|false&#8221; top_divider_height=&#8221;660px&#8221; top_divider_flip=&#8221;horizontal&#8221; bottom_divider_style=&#8221;clouds2&#8243; bottom_divider_color=&#8221;rgba(255,255,255,0.08)&#8221; bottom_divider_height=&#8221;600px&#8221; bottom_divider_flip=&#8221;vertical&#8221; locked=&#8221;off&#8221; collapsed=&#8221;on&#8221;][et_pb_row _builder_version=&#8221;3.25&#8243;][et_pb_column type=&#8221;4_4&#8243; _builder_version=&#8221;3.25&#8243; custom_padding=&#8221;|||&#8221; custom_padding__hover=&#8221;|||&#8221;][et_pb_image src=&#8221;https:\/\/twojdoktor.eu\/wp-content\/uploads\/2019\/03\/061-medical-care.png&#8221; align=&#8221;center&#8221; align_tablet=&#8221;center&#8221; align_phone=&#8221;&#8221; align_last_edited=&#8221;on|desktop&#8221; _builder_version=&#8221;3.23&#8243; max_width=&#8221;10%&#8221; locked=&#8221;off&#8221;][\/et_pb_image][et_pb_text _builder_version=&#8221;3.27.4&#8243; text_font=&#8221;Montserrat||||||||&#8221; header_font=&#8221;||||||||&#8221; header_2_font=&#8221;Montserrat|300|||||||&#8221; header_2_text_align=&#8221;center&#8221; header_2_font_size=&#8221;50px&#8221; header_2_line_height=&#8221;1.4em&#8221; text_orientation=&#8221;center&#8221; background_layout=&#8221;dark&#8221; header_2_font_size_tablet=&#8221;&#8221; header_2_font_size_phone=&#8221;30px&#8221; header_2_font_size_last_edited=&#8221;on|phone&#8221; header_2_line_height_tablet=&#8221;1.4em&#8221; header_2_line_height_phone=&#8221;&#8221; header_2_line_height_last_edited=&#8221;on|desktop&#8221;]<\/p>\n<h2>Troska o Wasze zdrowie jest naszym powo\u0142aniem.<\/h2>\n<p>[\/et_pb_text][\/et_pb_column][\/et_pb_row][et_pb_row column_structure=&#8221;1_3,1_3,1_3&#8243; _builder_version=&#8221;3.25&#8243;][et_pb_column type=&#8221;1_3&#8243; _builder_version=&#8221;3.25&#8243; custom_padding=&#8221;|||&#8221; custom_padding__hover=&#8221;|||&#8221;][et_pb_blurb title=&#8221;+48 607 811 991 <br \/> +48 887 811 991&#8243; use_icon=&#8221;on&#8221; font_icon=&#8221;%%264%%&#8221; use_circle=&#8221;on&#8221; circle_color=&#8221;#ffffff&#8221; icon_placement=&#8221;left&#8221; use_icon_font_size=&#8221;on&#8221; icon_font_size=&#8221;16px&#8221; _builder_version=&#8221;4.3.4&#8243; header_font=&#8221;Montserrat||||||||&#8221; header_text_color=&#8221;#ffffff&#8221; header_font_size=&#8221;20px&#8221; header_line_height=&#8221;1.7em&#8221;][\/et_pb_blurb][\/et_pb_column][et_pb_column type=&#8221;1_3&#8243; _builder_version=&#8221;3.25&#8243; custom_padding=&#8221;|||&#8221; custom_padding__hover=&#8221;|||&#8221;][et_pb_blurb title=&#8221;<a href=mailto:gabinety@twojdoktor.eu>gabinety@twojdoktor.eu<a>&#8221; use_icon=&#8221;on&#8221; font_icon=&#8221;%%238%%&#8221; use_circle=&#8221;on&#8221; circle_color=&#8221;#ffffff&#8221; icon_placement=&#8221;left&#8221; use_icon_font_size=&#8221;on&#8221; icon_font_size=&#8221;16px&#8221; _builder_version=&#8221;3.18.7&#8243; header_font=&#8221;Montserrat||||||||&#8221; header_text_color=&#8221;#ffffff&#8221; header_font_size=&#8221;20px&#8221; header_line_height=&#8221;1.7em&#8221; locked=&#8221;off&#8221;][\/et_pb_blurb][\/et_pb_column][et_pb_column type=&#8221;1_3&#8243; _builder_version=&#8221;3.25&#8243; custom_padding=&#8221;|||&#8221; custom_padding__hover=&#8221;|||&#8221;][et_pb_blurb title=&#8221;ul. Oliwkowa 35, <br \/>80-175 Gda\u0144sk&#8221; use_icon=&#8221;on&#8221; font_icon=&#8221;%%249%%&#8221; use_circle=&#8221;on&#8221; circle_color=&#8221;#ffffff&#8221; icon_placement=&#8221;left&#8221; use_icon_font_size=&#8221;on&#8221; icon_font_size=&#8221;16px&#8221; _builder_version=&#8221;3.18.7&#8243; header_font=&#8221;Montserrat||||||||&#8221; header_text_color=&#8221;#ffffff&#8221; header_font_size=&#8221;20px&#8221; header_line_height=&#8221;1.7em&#8221; locked=&#8221;off&#8221;][\/et_pb_blurb][\/et_pb_column][\/et_pb_row][\/et_pb_section]<\/p>\n","protected":false},"excerpt":{"rendered":"<p>[et_pb_section fb_built=&#8221;1&#8243; use_custom_gutter=&#8221;on&#8221; specialty=&#8221;on&#8221; padding_top_2=&#8221;20px&#8221; padding_right_2=&#8221;5%&#8221; padding_2_tablet=&#8221;0px|10%||10%||true&#8221; padding_2_phone=&#8221;&#8221; padding_2_last_edited=&#8221;on|tablet&#8221; admin_label=&#8221;Kobido up&#8221; _builder_version=&#8221;3.22&#8243; inner_width=&#8221;100%&#8221; inner_max_width=&#8221;100%&#8221; custom_padding=&#8221;0|0px|54px|0px|false|false&#8221; use_custom_width=&#8221;on&#8221; width_unit=&#8221;off&#8221; custom_width_percent=&#8221;100%&#8221; locked=&#8221;off&#8221; collapsed=&#8221;off&#8221;][et_pb_column type=&#8221;1_3&#8243; _builder_version=&#8221;3.25&#8243; custom_padding=&#8221;|||&#8221; parallax__hover=&#8221;off&#8221; parallax_method__hover=&#8221;on&#8221; custom_padding__hover=&#8221;|||&#8221;][et_pb_image src=&#8221;https:\/\/twojdoktor.eu\/wp-content\/uploads\/2024\/11\/170235777_m_normal_none.webp&#8221; title_text=&#8221;170235777_m_normal_none&#8221; force_fullwidth=&#8221;on&#8221; align_tablet=&#8221;center&#8221; align_phone=&#8221;&#8221; align_last_edited=&#8221;on|desktop&#8221; module_id=&#8221;toggledoctors&#8221; _builder_version=&#8221;4.8.1&#8243; custom_margin=&#8221;|||&#8221; custom_padding=&#8221;|||&#8221; animation_style=&#8221;slide&#8221; animation_direction=&#8221;right&#8221; animation_intensity_slide=&#8221;5%&#8221; border_radii=&#8221;||30px|15vw|&#8221; border_color_all=&#8221;rgba(129,21,211,0.73)&#8221; border_width_bottom=&#8221;2vw&#8221; box_shadow_style=&#8221;preset3&#8243; box_shadow_vertical=&#8221;30px&#8221; box_shadow_blur=&#8221;80px&#8221; box_shadow_spread=&#8221;-30px&#8221; box_shadow_color=&#8221;rgba(102,141,186,0.7)&#8221; locked=&#8221;off&#8221;][\/et_pb_image][\/et_pb_column][et_pb_column type=&#8221;2_3&#8243; specialty_columns=&#8221;2&#8243; _builder_version=&#8221;3.25&#8243; custom_padding=&#8221;|||&#8221; padding_tablet__hover=&#8221;0px|10%||10%||true&#8221; padding_last_edited__hover=&#8221;on|tablet&#8221; padding_right__hover=&#8221;5%&#8221; [&hellip;]<\/p>\n","protected":false},"author":1,"featured_media":0,"parent":0,"menu_order":0,"comment_status":"closed","ping_status":"closed","template":"","meta":{"_et_pb_use_builder":"on","_et_pb_old_content":"","_et_gb_content_width":"","footnotes":""},"class_list":["post-4380","page","type-page","status-publish","hentry"],"_links":{"self":[{"href":"https:\/\/twojdoktor.eu\/index.php\/wp-json\/wp\/v2\/pages\/4380"}],"collection":[{"href":"https:\/\/twojdoktor.eu\/index.php\/wp-json\/wp\/v2\/pages"}],"about":[{"href":"https:\/\/twojdoktor.eu\/index.php\/wp-json\/wp\/v2\/types\/page"}],"author":[{"embeddable":true,"href":"https:\/\/twojdoktor.eu\/index.php\/wp-json\/wp\/v2\/users\/1"}],"replies":[{"embeddable":true,"href":"https:\/\/twojdoktor.eu\/index.php\/wp-json\/wp\/v2\/comments?post=4380"}],"version-history":[{"count":10,"href":"https:\/\/twojdoktor.eu\/index.php\/wp-json\/wp\/v2\/pages\/4380\/revisions"}],"predecessor-version":[{"id":4411,"href":"https:\/\/twojdoktor.eu\/index.php\/wp-json\/wp\/v2\/pages\/4380\/revisions\/4411"}],"wp:attachment":[{"href":"https:\/\/twojdoktor.eu\/index.php\/wp-json\/wp\/v2\/media?parent=4380"}],"curies":[{"name":"wp","href":"https:\/\/api.w.org\/{rel}","templated":true}]}}