{"id":4052,"date":"2023-03-28T22:07:54","date_gmt":"2023-03-28T20:07:54","guid":{"rendered":"https:\/\/twojdoktor.eu\/?page_id=4052"},"modified":"2023-03-28T23:59:05","modified_gmt":"2023-03-28T21:59:05","slug":"fizjoterapia","status":"publish","type":"page","link":"https:\/\/twojdoktor.eu\/index.php\/fizjoterapia\/","title":{"rendered":"Fizjoterapia"},"content":{"rendered":"<p>[et_pb_section fb_built=&#8221;1&#8243; use_custom_gutter=&#8221;on&#8221; specialty=&#8221;on&#8221; padding_top_2=&#8221;20px&#8221; padding_right_2=&#8221;5%&#8221; padding_2_tablet=&#8221;0px|10%||10%||true&#8221; padding_2_phone=&#8221;&#8221; padding_2_last_edited=&#8221;on|tablet&#8221; admin_label=&#8221;Kinesiotaping w ci\u0105\u017cy i po\u0142ogu&#8221; _builder_version=&#8221;3.22&#8243; inner_width=&#8221;100%&#8221; inner_max_width=&#8221;100%&#8221; custom_padding=&#8221;0|0px|54px|0px|false|false&#8221; use_custom_width=&#8221;on&#8221; width_unit=&#8221;off&#8221; custom_width_percent=&#8221;100%&#8221; locked=&#8221;off&#8221; collapsed=&#8221;off&#8221;][et_pb_column type=&#8221;1_3&#8243; _builder_version=&#8221;3.25&#8243; custom_padding=&#8221;|||&#8221; parallax__hover=&#8221;off&#8221; parallax_method__hover=&#8221;on&#8221; custom_padding__hover=&#8221;|||&#8221;][et_pb_image src=&#8221;https:\/\/twojdoktor.eu\/wp-content\/uploads\/2023\/03\/AdobeStock_537009654-min-1-1024&#215;682.jpeg&#8221; title_text=&#8221;AdobeStock_537009654-min&#8221; force_fullwidth=&#8221;on&#8221; align_tablet=&#8221;center&#8221; align_phone=&#8221;&#8221; align_last_edited=&#8221;on|desktop&#8221; module_id=&#8221;toggledoctors&#8221; _builder_version=&#8221;4.8.1&#8243; custom_margin=&#8221;|||&#8221; custom_padding=&#8221;|||&#8221; animation_style=&#8221;slide&#8221; animation_direction=&#8221;right&#8221; animation_intensity_slide=&#8221;5%&#8221; border_radii=&#8221;||30px|15vw|&#8221; border_color_all=&#8221;rgba(129,21,211,0.73)&#8221; border_width_bottom=&#8221;2vw&#8221; box_shadow_style=&#8221;preset3&#8243; box_shadow_vertical=&#8221;30px&#8221; box_shadow_blur=&#8221;80px&#8221; box_shadow_spread=&#8221;-30px&#8221; box_shadow_color=&#8221;rgba(102,141,186,0.7)&#8221; locked=&#8221;off&#8221;][\/et_pb_image][\/et_pb_column][et_pb_column type=&#8221;2_3&#8243; specialty_columns=&#8221;2&#8243; _builder_version=&#8221;3.25&#8243; custom_padding=&#8221;|||&#8221; padding_tablet__hover=&#8221;0px|10%||10%||true&#8221; padding_last_edited__hover=&#8221;on|tablet&#8221; padding_right__hover=&#8221;5%&#8221; padding_top__hover=&#8221;20px&#8221; parallax__hover=&#8221;off&#8221; parallax_method__hover=&#8221;on&#8221; padding_tablet=&#8221;0px|10%||10%||true&#8221; padding_last_edited=&#8221;on|tablet&#8221; custom_padding__hover=&#8221;|||&#8221;][et_pb_row_inner _builder_version=&#8221;3.25&#8243; custom_padding=&#8221;42.6094px|0px|0|0px|false|false&#8221;][et_pb_column_inner saved_specialty_column_type=&#8221;2_3&#8243; _builder_version=&#8221;3.25&#8243; custom_padding=&#8221;|||&#8221; parallax__hover=&#8221;off&#8221; parallax_method__hover=&#8221;on&#8221; custom_padding__hover=&#8221;|||&#8221;][et_pb_image src=&#8221;https:\/\/twojdoktor.eu\/wp-content\/uploads\/2019\/03\/052-doctor-1-150&#215;150.png&#8221; title_text=&#8221;052-doctor-1&#8243; align=&#8221;center&#8221; align_tablet=&#8221;center&#8221; align_phone=&#8221;&#8221; align_last_edited=&#8221;on|desktop&#8221; _builder_version=&#8221;4.8.1&#8243; max_width=&#8221;10%&#8221;][\/et_pb_image][et_pb_text _builder_version=&#8221;4.8.1&#8243; text_font=&#8221;Montserrat|300|||||||&#8221; text_font_size=&#8221;16px&#8221; text_line_height=&#8221;1.8em&#8221; header_text_align=&#8221;center&#8221; header_3_text_align=&#8221;center&#8221; text_orientation=&#8221;center&#8221; max_width=&#8221;800px&#8221; module_alignment=&#8221;center&#8221; custom_margin=&#8221;|||&#8221; custom_margin_tablet=&#8221;0px|50px||50px&#8221; custom_margin_last_edited=&#8221;off|desktop&#8221; custom_padding=&#8221;|||&#8221; locked=&#8221;off&#8221;]<\/p>\n<h3><strong><span class=\"il\">Fizjoterapia<\/span> uroginekologiczna<\/strong><\/h3>\n<p>[\/et_pb_text][et_pb_text _builder_version=&#8221;4.8.1&#8243; header_3_text_align=&#8221;left&#8221; text_orientation=&#8221;center&#8221; max_width=&#8221;700px&#8221; module_alignment=&#8221;center&#8221; custom_margin=&#8221;|||&#8221; custom_margin_tablet=&#8221;0px|50px||50px&#8221; custom_margin_last_edited=&#8221;off|desktop&#8221; custom_padding=&#8221;|||&#8221; locked=&#8221;off&#8221;]<\/p>\n<div dir=\"auto\"><span class=\"il\">Fizjoterapia<\/span> uroginekologiczna to nowoczesna dziedzina <span class=\"il\">fizjoterapii<\/span> zajmuj\u0105ca si\u0119 profilaktyk\u0105, diagnostyk\u0105 i leczeniem schorze\u0144 w obr\u0119bie miednicy.\u00a0<\/div>\n<p>[\/et_pb_text][\/et_pb_column_inner][\/et_pb_row_inner][\/et_pb_column][\/et_pb_section][et_pb_section fb_built=&#8221;1&#8243; admin_label=&#8221;Kinesiotaping w ci\u0105\u017cy i po\u0142ogu&#8221; _builder_version=&#8221;4.3.4&#8243; background_color=&#8221;#f1f5f7&#8243;][et_pb_row column_structure=&#8221;3_5,2_5&#8243; _builder_version=&#8221;4.3.4&#8243; background_color=&#8221;rgba(0,0,0,0)&#8221; module_alignment=&#8221;center&#8221; border_radii=&#8221;on|10px|10px|10px|10px&#8221; collapsed=&#8221;off&#8221;][et_pb_column type=&#8221;3_5&#8243; _builder_version=&#8221;3.25&#8243; custom_padding=&#8221;|||&#8221; custom_padding__hover=&#8221;|||&#8221;][et_pb_text admin_label=&#8221;Zalety masa\u017cu ci\u0105\u017cowego:&#8221; module_id=&#8221;togglemasaz1&#8243; _builder_version=&#8221;4.8.1&#8243; header_3_text_align=&#8221;left&#8221; text_orientation=&#8221;justified&#8221; custom_padding=&#8221;5px|5px|5px|5px|true|true&#8221;]<\/p>\n<div dir=\"auto\">\n<div dir=\"auto\">\n<div dir=\"auto\">Terapia polega na przywr\u00f3ceniu r\u00f3wnowagi mi\u0119\u015bniowo- powi\u0119ziowej, prawid\u0142owej funkcji narz\u0105d\u00f3w w obszarze miednicy mniejszej i struktur podtrzymuj\u0105cych narz\u0105dy jamy brzusznej.\u00a0<\/div>\n<div dir=\"auto\">\u00a0<\/div>\n<div dir=\"auto\">Dodatkowo ma niezwykle wa\u017cne dzia\u0142anie profilaktyczne &#8211; zapobiegaj\u0105ce problemom w przysz\u0142o\u015bci.<\/div>\n<div dir=\"auto\">\u00a0<\/div>\n<div dir=\"auto\">Dzi\u015b <span class=\"il\">fizjoterapia<\/span> nie jest tylko dodatkiem do leczenia, ale jego istotn\u0105 cz\u0119\u015bci\u0105 i cz\u0119sto inspiracj\u0105 do zmiany stylu \u017cycia.\u00a0<\/div>\n<\/div>\n<\/div>\n<p>[\/et_pb_text][\/et_pb_column][et_pb_column type=&#8221;2_5&#8243; _builder_version=&#8221;3.25&#8243; custom_padding=&#8221;|||&#8221; custom_padding__hover=&#8221;|||&#8221;][et_pb_text admin_label=&#8221;Menu&#8221; _builder_version=&#8221;4.8.1&#8243; header_3_text_align=&#8221;left&#8221;]<\/p>\n<h3><strong>Czytaj o:<\/strong><\/h3>\n<ul>\n<li><a href=\"#toggleuro1\">Z jakimi dolegliwo\u015bciami warto uda\u0107 si\u0119 do fizjoterapeutki uroginekologicznej?<\/a><\/li>\n<li><a href=\"#toggleuro2\">Jak wygl\u0105da wizyta krok po kroku?<\/a><\/li>\n<\/ul>\n<p>[\/et_pb_text][\/et_pb_column][\/et_pb_row][\/et_pb_section][et_pb_section fb_built=&#8221;1&#8243; admin_label=&#8221;Kinesiotaping w ci\u0105\u017cy &#8211; techniki stosujemy od 6 miesi\u0105ca &#8221; _builder_version=&#8221;4.3.4&#8243;][et_pb_row column_structure=&#8221;1_2,1_2&#8243; _builder_version=&#8221;4.3.4&#8243; border_color_all=&#8221;#b7b7b7&#8243;][et_pb_column type=&#8221;1_2&#8243; _builder_version=&#8221;4.3.4&#8243;][et_pb_text admin_label=&#8221;Kinesiotaping w ci\u0105\u017cy &#8211; techniki stosujemy od 6 miesi\u0105ca &#8221; module_id=&#8221;toggleuro1&#8243; _builder_version=&#8221;4.8.1&#8243; header_3_text_align=&#8221;left&#8221; text_orientation=&#8221;justified&#8221; custom_padding=&#8221;5px|5px|5px|5px|true|true&#8221; border_radii=&#8221;on|10px|10px|10px|10px&#8221; border_color_all=&#8221;#8300e9&#8243;]<\/p>\n<h3><strong>Z jakimi dolegliwo\u015bciami warto uda\u0107 si\u0119 do fizjoterapeutki uroginekologicznej?<\/strong><strong>\u00a0<\/strong><\/h3>\n<div dir=\"auto\"><strong>DYSFUNKCJE DNA MIEDNICY\u00a0<\/strong><\/div>\n<ul>\n<li dir=\"auto\">wysi\u0142kowe\/ nagl\u0105ce nietrzymanie moczu,<\/li>\n<li dir=\"auto\">b\u00f3le miednicy,<\/li>\n<li dir=\"auto\">nawracaj\u0105ce zapalenia dr\u00f3g moczowych,<\/li>\n<li dir=\"auto\">obni\u017cenie narz\u0105d\u00f3w,<\/li>\n<li dir=\"auto\">bolesne miesi\u0105czki,<\/li>\n<li dir=\"auto\">bolesne wsp\u00f3\u0142\u017cycie\/ brak mo\u017cliwo\u015bci wsp\u00f3\u0142\u017cycia (pochwica),<\/li>\n<li dir=\"auto\">wsparcie p\u0142odno\u015bci,<\/li>\n<li dir=\"auto\">endometrioza,<\/li>\n<li dir=\"auto\">nietrzymanie gaz\u00f3w i stolca,<\/li>\n<li dir=\"auto\">gazy pochwowe,<\/li>\n<li dir=\"auto\">zaparcia.<\/li>\n<\/ul>\n<div dir=\"auto\">\u00a0<\/div>\n<div dir=\"auto\"><strong>CI\u0104\u017bA I PO\u0141\u00d3G\u00a0<\/strong><\/div>\n<ul>\n<li dir=\"auto\">\u00a0przygotowanie do ci\u0105\u017cy,<\/li>\n<li dir=\"auto\">przygotowanie krocza do porodu,<\/li>\n<li dir=\"auto\">wsparcie w po\u0142ogu,<\/li>\n<li dir=\"auto\">rozej\u015bcie mi\u0119\u015bni prostych brzucha\/spojenia \u0142onowego,<\/li>\n<li dir=\"auto\">blizna po ci\u0119ciu cesarskim, p\u0119kni\u0119ciu\/naci\u0119ciu krocza,<\/li>\n<li dir=\"auto\">\u0142agodzenie dolegliwo\u015bci b\u00f3lowych i obrz\u0119k\u00f3w.<\/li>\n<\/ul>\n<p>[\/et_pb_text][\/et_pb_column][et_pb_column type=&#8221;1_2&#8243; _builder_version=&#8221;4.3.4&#8243;][et_pb_image src=&#8221;https:\/\/twojdoktor.eu\/wp-content\/uploads\/2023\/03\/149617626_m_normal_none-min-1024&#215;683.png&#8221; title_text=&#8221;149617626_m_normal_none-min&#8221; _builder_version=&#8221;4.8.1&#8243; hover_enabled=&#8221;0&#8243; border_radii=&#8221;on|10px|10px|10px|10px&#8221; sticky_enabled=&#8221;0&#8243;][\/et_pb_image][\/et_pb_column][\/et_pb_row][\/et_pb_section][et_pb_section fb_built=&#8221;1&#8243; admin_label=&#8221;Kinesiotaping w po\u0142ogu &#8221; _builder_version=&#8221;4.3.4&#8243; background_color=&#8221;#f1f5f7&#8243;][et_pb_row column_structure=&#8221;1_2,1_2&#8243; _builder_version=&#8221;4.3.4&#8243; background_color=&#8221;rgba(0,0,0,0)&#8221; module_alignment=&#8221;center&#8221; border_radii=&#8221;on|10px|10px|10px|10px&#8221;][et_pb_column type=&#8221;1_2&#8243; _builder_version=&#8221;3.25&#8243; custom_padding=&#8221;|||&#8221; custom_padding__hover=&#8221;|||&#8221;][et_pb_image src=&#8221;https:\/\/twojdoktor.eu\/wp-content\/uploads\/2023\/03\/AdobeStock_560011420-min-1-scaled.jpeg&#8221; title_text=&#8221;AdobeStock_560011420-min (1)&#8221; module_id=&#8221;toggle2&#8243; _builder_version=&#8221;4.8.1&#8243; hover_enabled=&#8221;0&#8243; border_radii=&#8221;on|10px|10px|10px|10px&#8221; sticky_enabled=&#8221;0&#8243;][\/et_pb_image][\/et_pb_column][et_pb_column type=&#8221;1_2&#8243; _builder_version=&#8221;3.25&#8243; custom_padding=&#8221;|||&#8221; custom_padding__hover=&#8221;|||&#8221;][et_pb_text admin_label=&#8221;Kinesiotaping w po\u0142ogu &#8221; module_id=&#8221;toggleuro2&#8243; _builder_version=&#8221;4.8.1&#8243; header_3_text_align=&#8221;left&#8221; text_orientation=&#8221;justified&#8221; custom_padding=&#8221;5px|5px|5px|5px|true|true&#8221;]<\/p>\n<h3><strong>Jak wygl\u0105da wizyta krok po kroku?<\/strong><\/h3>\n<ul>\n<li dir=\"auto\">\n<div dir=\"auto\">wywiad &#8211; szczeg\u00f3\u0142owa rozmowa dotycz\u0105ca rodzaju zaburzenia,<\/div>\n<\/li>\n<li dir=\"auto\">\n<div dir=\"auto\">badanie i ocena postawy cia\u0142a, testy funkcjonalne, badanie per rectum\/per vaginam (za zgod\u0105 pacjenta),<\/div>\n<\/li>\n<li dir=\"auto\">\n<div dir=\"auto\">terapia manualna,<\/div>\n<\/li>\n<li dir=\"auto\">\n<div dir=\"auto\">edukacja pacjenta i zalecenia do domu.<\/div>\n<\/li>\n<\/ul>\n<p>[\/et_pb_text][\/et_pb_column][\/et_pb_row][\/et_pb_section][et_pb_section fb_built=&#8221;1&#8243; admin_label=&#8221;Footer&#8221; _builder_version=&#8221;3.22&#8243; background_color=&#8221;rgba(129,21,211,0.73)&#8221; custom_padding=&#8221;120px||120px||false|false&#8221; top_divider_height=&#8221;660px&#8221; top_divider_flip=&#8221;horizontal&#8221; bottom_divider_style=&#8221;clouds2&#8243; bottom_divider_color=&#8221;rgba(255,255,255,0.08)&#8221; bottom_divider_height=&#8221;600px&#8221; bottom_divider_flip=&#8221;vertical&#8221; locked=&#8221;off&#8221; collapsed=&#8221;on&#8221;][et_pb_row _builder_version=&#8221;3.25&#8243;][et_pb_column type=&#8221;4_4&#8243; _builder_version=&#8221;3.25&#8243; custom_padding=&#8221;|||&#8221; custom_padding__hover=&#8221;|||&#8221;][et_pb_image src=&#8221;https:\/\/twojdoktor.eu\/wp-content\/uploads\/2019\/03\/061-medical-care.png&#8221; align=&#8221;center&#8221; align_tablet=&#8221;center&#8221; align_phone=&#8221;&#8221; align_last_edited=&#8221;on|desktop&#8221; _builder_version=&#8221;3.23&#8243; max_width=&#8221;10%&#8221; locked=&#8221;off&#8221;][\/et_pb_image][et_pb_text _builder_version=&#8221;3.27.4&#8243; text_font=&#8221;Montserrat||||||||&#8221; header_font=&#8221;||||||||&#8221; header_2_font=&#8221;Montserrat|300|||||||&#8221; header_2_text_align=&#8221;center&#8221; header_2_font_size=&#8221;50px&#8221; header_2_line_height=&#8221;1.4em&#8221; text_orientation=&#8221;center&#8221; background_layout=&#8221;dark&#8221; header_2_font_size_tablet=&#8221;&#8221; header_2_font_size_phone=&#8221;30px&#8221; header_2_font_size_last_edited=&#8221;on|phone&#8221; header_2_line_height_tablet=&#8221;1.4em&#8221; header_2_line_height_phone=&#8221;&#8221; header_2_line_height_last_edited=&#8221;on|desktop&#8221;]<\/p>\n<h2>Troska o Wasze zdrowie jest naszym powo\u0142aniem.<\/h2>\n<p>[\/et_pb_text][\/et_pb_column][\/et_pb_row][et_pb_row column_structure=&#8221;1_3,1_3,1_3&#8243; _builder_version=&#8221;3.25&#8243;][et_pb_column type=&#8221;1_3&#8243; _builder_version=&#8221;3.25&#8243; custom_padding=&#8221;|||&#8221; custom_padding__hover=&#8221;|||&#8221;][et_pb_blurb title=&#8221;+48 607 811 991 <br \/> +48 887 811 991&#8243; use_icon=&#8221;on&#8221; font_icon=&#8221;%%264%%&#8221; use_circle=&#8221;on&#8221; circle_color=&#8221;#ffffff&#8221; icon_placement=&#8221;left&#8221; use_icon_font_size=&#8221;on&#8221; icon_font_size=&#8221;16px&#8221; _builder_version=&#8221;4.3.4&#8243; header_font=&#8221;Montserrat||||||||&#8221; header_text_color=&#8221;#ffffff&#8221; header_font_size=&#8221;20px&#8221; header_line_height=&#8221;1.7em&#8221;][\/et_pb_blurb][\/et_pb_column][et_pb_column type=&#8221;1_3&#8243; _builder_version=&#8221;3.25&#8243; custom_padding=&#8221;|||&#8221; custom_padding__hover=&#8221;|||&#8221;][et_pb_blurb title=&#8221;<a href=%22mailto:gabinety@twojdoktor.eu%22>gabinety@twojdoktor.eu<\/a>&#8221; use_icon=&#8221;on&#8221; font_icon=&#8221;%%238%%&#8221; use_circle=&#8221;on&#8221; circle_color=&#8221;#ffffff&#8221; icon_placement=&#8221;left&#8221; use_icon_font_size=&#8221;on&#8221; icon_font_size=&#8221;16px&#8221; _builder_version=&#8221;4.8.1&#8243; header_font=&#8221;Montserrat||||||||&#8221; header_text_color=&#8221;#ffffff&#8221; header_font_size=&#8221;20px&#8221; header_line_height=&#8221;1.7em&#8221; locked=&#8221;off&#8221;][\/et_pb_blurb][\/et_pb_column][et_pb_column type=&#8221;1_3&#8243; _builder_version=&#8221;3.25&#8243; custom_padding=&#8221;|||&#8221; custom_padding__hover=&#8221;|||&#8221;][et_pb_blurb title=&#8221;ul. Oliwkowa 35,<br \/>\n80-175 Gda\u0144sk&#8221; use_icon=&#8221;on&#8221; font_icon=&#8221;%%249%%&#8221; use_circle=&#8221;on&#8221; circle_color=&#8221;#ffffff&#8221; icon_placement=&#8221;left&#8221; use_icon_font_size=&#8221;on&#8221; icon_font_size=&#8221;16px&#8221; _builder_version=&#8221;3.18.7&#8243; header_font=&#8221;Montserrat||||||||&#8221; header_text_color=&#8221;#ffffff&#8221; header_font_size=&#8221;20px&#8221; header_line_height=&#8221;1.7em&#8221; locked=&#8221;off&#8221;][\/et_pb_blurb][\/et_pb_column][\/et_pb_row][\/et_pb_section]<\/p>\n","protected":false},"excerpt":{"rendered":"<p>[et_pb_section fb_built=&#8221;1&#8243; use_custom_gutter=&#8221;on&#8221; specialty=&#8221;on&#8221; padding_top_2=&#8221;20px&#8221; padding_right_2=&#8221;5%&#8221; padding_2_tablet=&#8221;0px|10%||10%||true&#8221; padding_2_phone=&#8221;&#8221; padding_2_last_edited=&#8221;on|tablet&#8221; admin_label=&#8221;Kinesiotaping w ci\u0105\u017cy i po\u0142ogu&#8221; _builder_version=&#8221;3.22&#8243; inner_width=&#8221;100%&#8221; inner_max_width=&#8221;100%&#8221; custom_padding=&#8221;0|0px|54px|0px|false|false&#8221; use_custom_width=&#8221;on&#8221; width_unit=&#8221;off&#8221; custom_width_percent=&#8221;100%&#8221; locked=&#8221;off&#8221; collapsed=&#8221;off&#8221;][et_pb_column type=&#8221;1_3&#8243; _builder_version=&#8221;3.25&#8243; custom_padding=&#8221;|||&#8221; parallax__hover=&#8221;off&#8221; parallax_method__hover=&#8221;on&#8221; custom_padding__hover=&#8221;|||&#8221;][et_pb_image src=&#8221;https:\/\/twojdoktor.eu\/wp-content\/uploads\/2023\/03\/AdobeStock_537009654-min-1-1024&#215;682.jpeg&#8221; title_text=&#8221;AdobeStock_537009654-min&#8221; force_fullwidth=&#8221;on&#8221; align_tablet=&#8221;center&#8221; align_phone=&#8221;&#8221; align_last_edited=&#8221;on|desktop&#8221; module_id=&#8221;toggledoctors&#8221; _builder_version=&#8221;4.8.1&#8243; custom_margin=&#8221;|||&#8221; custom_padding=&#8221;|||&#8221; animation_style=&#8221;slide&#8221; animation_direction=&#8221;right&#8221; animation_intensity_slide=&#8221;5%&#8221; border_radii=&#8221;||30px|15vw|&#8221; border_color_all=&#8221;rgba(129,21,211,0.73)&#8221; border_width_bottom=&#8221;2vw&#8221; box_shadow_style=&#8221;preset3&#8243; box_shadow_vertical=&#8221;30px&#8221; box_shadow_blur=&#8221;80px&#8221; box_shadow_spread=&#8221;-30px&#8221; box_shadow_color=&#8221;rgba(102,141,186,0.7)&#8221; locked=&#8221;off&#8221;][\/et_pb_image][\/et_pb_column][et_pb_column type=&#8221;2_3&#8243; specialty_columns=&#8221;2&#8243; _builder_version=&#8221;3.25&#8243; custom_padding=&#8221;|||&#8221; [&hellip;]<\/p>\n","protected":false},"author":1,"featured_media":0,"parent":0,"menu_order":0,"comment_status":"closed","ping_status":"closed","template":"","meta":{"_et_pb_use_builder":"on","_et_pb_old_content":"","_et_gb_content_width":"","footnotes":""},"class_list":["post-4052","page","type-page","status-publish","hentry"],"_links":{"self":[{"href":"https:\/\/twojdoktor.eu\/index.php\/wp-json\/wp\/v2\/pages\/4052"}],"collection":[{"href":"https:\/\/twojdoktor.eu\/index.php\/wp-json\/wp\/v2\/pages"}],"about":[{"href":"https:\/\/twojdoktor.eu\/index.php\/wp-json\/wp\/v2\/types\/page"}],"author":[{"embeddable":true,"href":"https:\/\/twojdoktor.eu\/index.php\/wp-json\/wp\/v2\/users\/1"}],"replies":[{"embeddable":true,"href":"https:\/\/twojdoktor.eu\/index.php\/wp-json\/wp\/v2\/comments?post=4052"}],"version-history":[{"count":7,"href":"https:\/\/twojdoktor.eu\/index.php\/wp-json\/wp\/v2\/pages\/4052\/revisions"}],"predecessor-version":[{"id":4078,"href":"https:\/\/twojdoktor.eu\/index.php\/wp-json\/wp\/v2\/pages\/4052\/revisions\/4078"}],"wp:attachment":[{"href":"https:\/\/twojdoktor.eu\/index.php\/wp-json\/wp\/v2\/media?parent=4052"}],"curies":[{"name":"wp","href":"https:\/\/api.w.org\/{rel}","templated":true}]}}