{"id":3792,"date":"2021-04-21T15:27:08","date_gmt":"2021-04-21T13:27:08","guid":{"rendered":"https:\/\/twojdoktor.eu\/?page_id=3792"},"modified":"2021-04-22T22:59:44","modified_gmt":"2021-04-22T20:59:44","slug":"depilacja-laserowa-motus-ax-deka","status":"publish","type":"page","link":"https:\/\/twojdoktor.eu\/index.php\/depilacja-laserowa-motus-ax-deka\/","title":{"rendered":"Depilacja laserowa Motus AX Deka"},"content":{"rendered":"<p>[et_pb_section fb_built=&#8221;1&#8243; use_custom_gutter=&#8221;on&#8221; specialty=&#8221;on&#8221; padding_top_2=&#8221;20px&#8221; padding_right_2=&#8221;5%&#8221; padding_2_tablet=&#8221;0px|10%||10%||true&#8221; padding_2_phone=&#8221;&#8221; padding_2_last_edited=&#8221;on|tablet&#8221; admin_label=&#8221;Kinesiotaping w ci\u0105\u017cy i po\u0142ogu&#8221; _builder_version=&#8221;3.22&#8243; inner_width=&#8221;100%&#8221; inner_max_width=&#8221;100%&#8221; custom_padding=&#8221;0|0px|54px|0px|false|false&#8221; use_custom_width=&#8221;on&#8221; width_unit=&#8221;off&#8221; custom_width_percent=&#8221;100%&#8221; locked=&#8221;off&#8221; collapsed=&#8221;off&#8221;][et_pb_column type=&#8221;1_3&#8243; _builder_version=&#8221;3.25&#8243; custom_padding=&#8221;|||&#8221; parallax__hover=&#8221;off&#8221; parallax_method__hover=&#8221;on&#8221; custom_padding__hover=&#8221;|||&#8221;][et_pb_image src=&#8221;https:\/\/twojdoktor.eu\/wp-content\/uploads\/2021\/04\/97738681_s.jpg&#8221; title_text=&#8221;Beautiful young woman with feather on color background, closeup. Epilation concept&#8221; force_fullwidth=&#8221;on&#8221; align_tablet=&#8221;center&#8221; align_phone=&#8221;&#8221; align_last_edited=&#8221;on|desktop&#8221; module_id=&#8221;toggledoctors&#8221; _builder_version=&#8221;4.8.1&#8243; background_color=&#8221;#FFFFFF&#8221; custom_margin=&#8221;|||&#8221; custom_padding=&#8221;|||&#8221; animation_style=&#8221;slide&#8221; animation_direction=&#8221;right&#8221; animation_intensity_slide=&#8221;5%&#8221; border_radii=&#8221;||30px|15vw|&#8221; border_color_all=&#8221;rgba(129,21,211,0.73)&#8221; border_width_bottom=&#8221;2vw&#8221; box_shadow_style=&#8221;preset3&#8243; box_shadow_vertical=&#8221;30px&#8221; box_shadow_blur=&#8221;80px&#8221; box_shadow_spread=&#8221;-30px&#8221; box_shadow_color=&#8221;rgba(102,141,186,0.7)&#8221; locked=&#8221;off&#8221;][\/et_pb_image][\/et_pb_column][et_pb_column type=&#8221;2_3&#8243; specialty_columns=&#8221;2&#8243; _builder_version=&#8221;3.25&#8243; custom_padding=&#8221;|||&#8221; padding_tablet__hover=&#8221;0px|10%||10%||true&#8221; padding_last_edited__hover=&#8221;on|tablet&#8221; padding_right__hover=&#8221;5%&#8221; padding_top__hover=&#8221;20px&#8221; parallax__hover=&#8221;off&#8221; parallax_method__hover=&#8221;on&#8221; padding_tablet=&#8221;0px|10%||10%||true&#8221; padding_last_edited=&#8221;on|tablet&#8221; custom_padding__hover=&#8221;|||&#8221;][et_pb_row_inner _builder_version=&#8221;3.25&#8243; custom_padding=&#8221;42.6094px|0px|0|0px|false|false&#8221;][et_pb_column_inner saved_specialty_column_type=&#8221;2_3&#8243; _builder_version=&#8221;3.25&#8243; custom_padding=&#8221;|||&#8221; parallax__hover=&#8221;off&#8221; parallax_method__hover=&#8221;on&#8221; custom_padding__hover=&#8221;|||&#8221;][et_pb_image src=&#8221;https:\/\/twojdoktor.eu\/wp-content\/uploads\/2019\/03\/052-doctor-1-150&#215;150.png&#8221; title_text=&#8221;052-doctor-1&#8243; align=&#8221;center&#8221; align_tablet=&#8221;center&#8221; align_phone=&#8221;&#8221; align_last_edited=&#8221;on|desktop&#8221; _builder_version=&#8221;4.8.1&#8243; max_width=&#8221;10%&#8221;][\/et_pb_image][et_pb_text _builder_version=&#8221;4.8.1&#8243; text_font=&#8221;Montserrat|300|||||||&#8221; text_font_size=&#8221;16px&#8221; text_line_height=&#8221;1.8em&#8221; header_text_align=&#8221;center&#8221; header_3_text_align=&#8221;center&#8221; text_orientation=&#8221;center&#8221; max_width=&#8221;800px&#8221; module_alignment=&#8221;center&#8221; custom_margin=&#8221;|||&#8221; custom_margin_tablet=&#8221;0px|50px||50px&#8221; custom_margin_last_edited=&#8221;off|desktop&#8221; custom_padding=&#8221;|||&#8221; locked=&#8221;off&#8221;]<\/p>\n<h3><strong>Depilacja laserowa Motus AX Deka<\/strong><\/h3>\n<p>[\/et_pb_text][et_pb_text _builder_version=&#8221;4.8.1&#8243; header_3_text_align=&#8221;left&#8221; text_orientation=&#8221;center&#8221; max_width=&#8221;700px&#8221; module_alignment=&#8221;center&#8221; custom_margin=&#8221;|||&#8221; custom_margin_tablet=&#8221;0px|50px||50px&#8221; custom_margin_last_edited=&#8221;off|desktop&#8221; custom_padding=&#8221;|||&#8221; locked=&#8221;off&#8221;]<\/p>\n<div dir=\"auto\">To bezpieczny, komfortowy i skuteczny zabieg pozwalaj\u0105cy trwale usun\u0105\u0107 niechciane ow\u0142osienie z wybranych, nawet najwra\u017cliwszych obszar\u00f3w cia\u0142a.<\/div>\n<p>[\/et_pb_text][\/et_pb_column_inner][\/et_pb_row_inner][\/et_pb_column][\/et_pb_section][et_pb_section fb_built=&#8221;1&#8243; admin_label=&#8221;Kinesiotaping w ci\u0105\u017cy i po\u0142ogu&#8221; _builder_version=&#8221;4.3.4&#8243; background_color=&#8221;#f1f5f7&#8243;][et_pb_row column_structure=&#8221;3_5,2_5&#8243; _builder_version=&#8221;4.3.4&#8243; background_color=&#8221;rgba(0,0,0,0)&#8221; module_alignment=&#8221;center&#8221; border_radii=&#8221;on|10px|10px|10px|10px&#8221; collapsed=&#8221;off&#8221;][et_pb_column type=&#8221;3_5&#8243; _builder_version=&#8221;3.25&#8243; custom_padding=&#8221;|||&#8221; custom_padding__hover=&#8221;|||&#8221;][et_pb_text admin_label=&#8221;Motus opis og\u00f3lny&#8221; module_id=&#8221;togglemasaz1&#8243; _builder_version=&#8221;4.8.1&#8243; header_3_text_align=&#8221;left&#8221; text_orientation=&#8221;justified&#8221; custom_padding=&#8221;5px|5px|5px|5px|true|true&#8221;]<\/p>\n<div dir=\"auto\">\n<h3><strong>Informacja o zabiegu<\/strong><\/h3>\n<p>Motus AX firmy Deka jest\u00a0 laserem aleksandrytowym emituj\u0105cym fale o d\u0142ugo\u015bci 755 nm, posiadaj\u0105cym bardzo wysoka\u0328 absorpcje\u0328 w melaninie. Oznacza to, \u017ce jest laserem do depilacji, kt\u00f3ry najszybciej spo\u015br\u00f3d wykorzystywanych na rynku urz\u0105dze\u0144 do trwa\u0142ego usuwania ow\u0142osienia, wychwytuje chromofor melaniny. Powoduje to, \u017ce laser Motus opr\u00f3cz skutecznego usuwania ciemnego ow\u0142osienia, doskonale radzi sobie r\u00f3wnie\u017c z cienkimi oraz bardzo jasnymi w\u0142ossmi, w kt\u00f3rych melanina wyst\u0119puje w mniejszych st\u0119\u017ceniach.<\/p>\n<p>Dzi\u0119ki szybkiemu impulsowi i szafirowej 20mm g\u0142owicy, kt\u00f3ra sch\u0142adza sk\u00f3r\u0119 do temperatury 15 stopni Celsjusza, zabieg jest\u00a0 bezbolesny, komfortowy, a przede wszystkim bezpieczny dla Pacjenta.<\/p>\n<p>Laser Motus AX wyposa\u017cony jest w nowoczesn\u0105 technologi\u0119 Moveo, zapewniaj\u0105c\u0105 maksymaln\u0105 skuteczno\u015b\u0107 i bezpiecze\u0144stwo zabiegu.<\/p>\n<p>Praca w trybie Moveo polega na wykonaniu p\u0142ynnych, prostych, szybkich i powtarzaj\u0105cych si\u0119 ruch\u00f3w w obszarze zabiegowym, czego nast\u0119pstwem jest stopniowe nagrzewanie i trwa\u0142e uszkodzenie cebulki w\u0142osowej, co uniemo\u017cliwia ponowny wzrost w\u0142osa.<\/p>\n<p>Seria obejmuje zazwyczaj 4-6 zabieg\u00f3w wykonywanych w odst\u0119pie czasowym 6-8 tygodni, w zale\u017cno\u015bci od rodzaju w\u0142osa.<\/p>\n<\/div>\n<p>[\/et_pb_text][\/et_pb_column][et_pb_column type=&#8221;2_5&#8243; _builder_version=&#8221;3.25&#8243; custom_padding=&#8221;|||&#8221; custom_padding__hover=&#8221;|||&#8221;][et_pb_text admin_label=&#8221;Menu&#8221; _builder_version=&#8221;4.8.1&#8243; header_3_text_align=&#8221;left&#8221;]<\/p>\n<h3><strong>Czytaj o:<\/strong><\/h3>\n<ul>\n<li><a href=\"#togglekineso1\">Przeciwwskazania<\/a><\/li>\n<li><a href=\"#togglekineso2\">Przygotowanie do zabiegu<\/a><\/li>\n<\/ul>\n<p>[\/et_pb_text][\/et_pb_column][\/et_pb_row][\/et_pb_section][et_pb_section fb_built=&#8221;1&#8243; admin_label=&#8221;Kinesiotaping w ci\u0105\u017cy &#8211; techniki stosujemy od 6 miesi\u0105ca &#8221; _builder_version=&#8221;4.3.4&#8243;][et_pb_row column_structure=&#8221;1_2,1_2&#8243; _builder_version=&#8221;4.3.4&#8243; border_color_all=&#8221;#b7b7b7&#8243;][et_pb_column type=&#8221;1_2&#8243; _builder_version=&#8221;4.3.4&#8243;][et_pb_text admin_label=&#8221;Przeciwwskazania: &#8221; module_id=&#8221;togglekineso1&#8243; _builder_version=&#8221;4.8.1&#8243; header_3_text_align=&#8221;left&#8221; text_orientation=&#8221;justified&#8221; custom_padding=&#8221;5px|5px|5px|5px|true|true&#8221; border_radii=&#8221;on|10px|10px|10px|10px&#8221; border_color_all=&#8221;#8300e9&#8243;]<\/p>\n<h3><strong>Przeciwwskazania: <\/strong><\/h3>\n<ul>\n<li dir=\"auto\">\n<p>\u015bwie\u017ca opalenizna<\/p>\n<\/li>\n<li dir=\"auto\">\n<p>ci\u0105\u017ca, karmienie piersi\u0105<\/p>\n<\/li>\n<li dir=\"auto\">\n<p>przerwana ci\u0105g\u0142o\u015b\u0107 nask\u00f3rka<\/p>\n<\/li>\n<li dir=\"auto\">\n<p>epilepsja<\/p>\n<\/li>\n<li dir=\"auto\">\n<p>leki, antybiotyki, zio\u0142a fotouczulaj\u0105ce<\/p>\n<\/li>\n<li dir=\"auto\">\n<p>terapia retinoidami<\/p>\n<\/li>\n<li dir=\"auto\">\n<p>przyjmowanie lek\u00f3w obni\u017caj\u0105cych krzepliwo\u015b\u0107 krwi<\/p>\n<\/li>\n<li dir=\"auto\">\n<p>\u0142uszczyca, bielactwo<\/p>\n<\/li>\n<li dir=\"auto\">\n<p>cukrzyca<\/p>\n<\/li>\n<li dir=\"auto\">\n<p>bliznowce<\/p>\n<\/li>\n<li dir=\"auto\">\n<p>aktywne infekcje sk\u00f3rne, opryszczka<\/p>\n<\/li>\n<li dir=\"auto\">\n<p>rozrusznik serca<\/p>\n<\/li>\n<li dir=\"auto\">\n<p>\u015bwie\u017ce zabiegi chirurgiczne<\/p>\n<\/li>\n<\/ul>\n<p>[\/et_pb_text][\/et_pb_column][et_pb_column type=&#8221;1_2&#8243; _builder_version=&#8221;4.3.4&#8243;][et_pb_image src=&#8221;https:\/\/twojdoktor.eu\/wp-content\/uploads\/2021\/04\/54086565_s.jpg&#8221; title_text=&#8221;Woman at beach&#8221; _builder_version=&#8221;4.8.1&#8243; border_radii=&#8221;on|10px|10px|10px|10px&#8221;][\/et_pb_image][\/et_pb_column][\/et_pb_row][\/et_pb_section][et_pb_section fb_built=&#8221;1&#8243; admin_label=&#8221;Kinesiotaping w po\u0142ogu &#8221; _builder_version=&#8221;4.3.4&#8243; background_color=&#8221;#f1f5f7&#8243;][et_pb_row column_structure=&#8221;1_2,1_2&#8243; _builder_version=&#8221;4.3.4&#8243; background_color=&#8221;rgba(0,0,0,0)&#8221; module_alignment=&#8221;center&#8221; border_radii=&#8221;on|10px|10px|10px|10px&#8221;][et_pb_column type=&#8221;1_2&#8243; _builder_version=&#8221;3.25&#8243; custom_padding=&#8221;|||&#8221; custom_padding__hover=&#8221;|||&#8221;][et_pb_image src=&#8221;https:\/\/twojdoktor.eu\/wp-content\/uploads\/2021\/04\/AdobeStock_80312782-scaled.jpeg&#8221; title_text=&#8221;Depilacja, kobieta goli nogi&#8221; module_id=&#8221;toggle2&#8243; _builder_version=&#8221;4.8.1&#8243; hover_enabled=&#8221;0&#8243; border_radii=&#8221;on|10px|10px|10px|10px&#8221; sticky_enabled=&#8221;0&#8243;][\/et_pb_image][\/et_pb_column][et_pb_column type=&#8221;1_2&#8243; _builder_version=&#8221;3.25&#8243; custom_padding=&#8221;|||&#8221; custom_padding__hover=&#8221;|||&#8221;][et_pb_text admin_label=&#8221;Przygotowanie do zabiegu&#8221; module_id=&#8221;togglekineso2&#8243; _builder_version=&#8221;4.8.1&#8243; header_3_text_align=&#8221;left&#8221; text_orientation=&#8221;justified&#8221; custom_padding=&#8221;5px|5px|5px|5px|true|true&#8221;]<\/p>\n<h3><strong>Przed zabiegiem epilacji laserowej: <\/strong><\/h3>\n<ul>\n<li dir=\"auto\">\n<p>nale\u017cy zgoli\u0107 wybran\u0105 parti\u0119 cia\u0142a w dzie\u0144 poprzedzaj\u0105cy zabieg lub w dniu zabiegu,<\/p>\n<\/li>\n<li dir=\"auto\">\n<p>nale\u017cy \u00a0zaprzesta\u0107 mechanicznego usuwania w\u0142os\u00f3w w miejscach planowanego zabiegu, na 6 tygodni przed wykonywaniem epilacji,<\/p>\n<\/li>\n<li dir=\"auto\">\n<p>nale\u017cy zaprzesta\u0107 stosowania preparat\u00f3w z retinoidami w miejscach planowanego zabiegu, na 6 tygodni przed wykonywaniem epilacji,<\/p>\n<\/li>\n<li dir=\"auto\">\n<p>nie nale\u017cy stosowa\u0107 bezpo\u015brednio przed zabiegiem krem\u00f3w do depilacji,<\/p>\n<\/li>\n<li dir=\"auto\">\n<p>nie nale\u017cy stosowa\u0107 balsam\u00f3w samoopalaj\u0105cych,<\/p>\n<\/li>\n<li dir=\"auto\">\n<p>nie nale\u017cy stosowa\u0107 balsam\u00f3w nat\u0142uszczaj\u0105cych lub z b\u0142yszcz\u0105cymi drobinkami,<\/p>\n<\/li>\n<li dir=\"auto\">\n<p>sk\u00f3ra musi by\u0107 czysta, sucha i bez \u017cadnych preparat\u00f3w.<\/p>\n<\/li>\n<\/ul>\n<p>[\/et_pb_text][\/et_pb_column][\/et_pb_row][\/et_pb_section][et_pb_section fb_built=&#8221;1&#8243; admin_label=&#8221;film&#8221; _builder_version=&#8221;4.3.4&#8243; locked=&#8221;off&#8221;][et_pb_row _builder_version=&#8221;4.3.4&#8243;][et_pb_column type=&#8221;4_4&#8243; _builder_version=&#8221;4.3.4&#8243;][et_pb_text module_id=&#8221;togglemonalisa5&#8243; _builder_version=&#8221;4.8.1&#8243;]<\/p>\n<h3><strong>Depilacja laserowa Motus AX Deka<\/strong><\/h3>\n<p>[\/et_pb_text][et_pb_video src=&#8221;https:\/\/twojdoktor.eu\/wp-content\/uploads\/2021\/04\/Motus-AX-laser-do-depilacji.mp4&#8243; play_icon_color=&#8221;#8300e9&#8243; thumbnail_overlay_color=&#8221;rgba(0,0,0,0.6)&#8221; _builder_version=&#8221;4.8.1&#8243;][\/et_pb_video][\/et_pb_column][\/et_pb_row][\/et_pb_section][et_pb_section fb_built=&#8221;1&#8243; admin_label=&#8221;Footer&#8221; _builder_version=&#8221;3.22&#8243; background_color=&#8221;rgba(129,21,211,0.73)&#8221; custom_padding=&#8221;120px||120px||false|false&#8221; top_divider_height=&#8221;660px&#8221; top_divider_flip=&#8221;horizontal&#8221; bottom_divider_style=&#8221;clouds2&#8243; bottom_divider_color=&#8221;rgba(255,255,255,0.08)&#8221; bottom_divider_height=&#8221;600px&#8221; bottom_divider_flip=&#8221;vertical&#8221; locked=&#8221;off&#8221; collapsed=&#8221;off&#8221;][et_pb_row _builder_version=&#8221;3.25&#8243;][et_pb_column type=&#8221;4_4&#8243; _builder_version=&#8221;3.25&#8243; custom_padding=&#8221;|||&#8221; custom_padding__hover=&#8221;|||&#8221;][et_pb_image src=&#8221;https:\/\/twojdoktor.eu\/wp-content\/uploads\/2019\/03\/061-medical-care.png&#8221; align=&#8221;center&#8221; align_tablet=&#8221;center&#8221; align_phone=&#8221;&#8221; align_last_edited=&#8221;on|desktop&#8221; _builder_version=&#8221;3.23&#8243; max_width=&#8221;10%&#8221; locked=&#8221;off&#8221;][\/et_pb_image][et_pb_text _builder_version=&#8221;3.27.4&#8243; text_font=&#8221;Montserrat||||||||&#8221; header_font=&#8221;||||||||&#8221; header_2_font=&#8221;Montserrat|300|||||||&#8221; header_2_text_align=&#8221;center&#8221; header_2_font_size=&#8221;50px&#8221; header_2_line_height=&#8221;1.4em&#8221; text_orientation=&#8221;center&#8221; background_layout=&#8221;dark&#8221; header_2_font_size_tablet=&#8221;&#8221; header_2_font_size_phone=&#8221;30px&#8221; header_2_font_size_last_edited=&#8221;on|phone&#8221; header_2_line_height_tablet=&#8221;1.4em&#8221; header_2_line_height_phone=&#8221;&#8221; header_2_line_height_last_edited=&#8221;on|desktop&#8221;]<\/p>\n<h2>Troska o Wasze zdrowie jest naszym powo\u0142aniem.<\/h2>\n<p>[\/et_pb_text][\/et_pb_column][\/et_pb_row][et_pb_row column_structure=&#8221;1_3,1_3,1_3&#8243; _builder_version=&#8221;3.25&#8243;][et_pb_column type=&#8221;1_3&#8243; _builder_version=&#8221;3.25&#8243; custom_padding=&#8221;|||&#8221; custom_padding__hover=&#8221;|||&#8221;][et_pb_blurb title=&#8221;+48 607 811 991 <br \/> +48 887 811 991&#8243; use_icon=&#8221;on&#8221; font_icon=&#8221;%%264%%&#8221; use_circle=&#8221;on&#8221; circle_color=&#8221;#ffffff&#8221; icon_placement=&#8221;left&#8221; use_icon_font_size=&#8221;on&#8221; icon_font_size=&#8221;16px&#8221; _builder_version=&#8221;4.3.4&#8243; header_font=&#8221;Montserrat||||||||&#8221; header_text_color=&#8221;#ffffff&#8221; header_font_size=&#8221;20px&#8221; header_line_height=&#8221;1.7em&#8221;][\/et_pb_blurb][\/et_pb_column][et_pb_column type=&#8221;1_3&#8243; _builder_version=&#8221;3.25&#8243; custom_padding=&#8221;|||&#8221; custom_padding__hover=&#8221;|||&#8221;][et_pb_blurb title=&#8221;<a href=%22mailto:gabinety@twojdoktor.eu%22>gabinety@twojdoktor.eu<\/a>&#8221; use_icon=&#8221;on&#8221; font_icon=&#8221;%%238%%&#8221; use_circle=&#8221;on&#8221; circle_color=&#8221;#ffffff&#8221; icon_placement=&#8221;left&#8221; use_icon_font_size=&#8221;on&#8221; icon_font_size=&#8221;16px&#8221; _builder_version=&#8221;4.8.1&#8243; header_font=&#8221;Montserrat||||||||&#8221; header_text_color=&#8221;#ffffff&#8221; header_font_size=&#8221;20px&#8221; header_line_height=&#8221;1.7em&#8221; locked=&#8221;off&#8221;][\/et_pb_blurb][\/et_pb_column][et_pb_column type=&#8221;1_3&#8243; _builder_version=&#8221;3.25&#8243; custom_padding=&#8221;|||&#8221; custom_padding__hover=&#8221;|||&#8221;][et_pb_blurb title=&#8221;ul. Oliwkowa 35,<br \/>\n80-175 Gda\u0144sk&#8221; use_icon=&#8221;on&#8221; font_icon=&#8221;%%249%%&#8221; use_circle=&#8221;on&#8221; circle_color=&#8221;#ffffff&#8221; icon_placement=&#8221;left&#8221; use_icon_font_size=&#8221;on&#8221; icon_font_size=&#8221;16px&#8221; _builder_version=&#8221;3.18.7&#8243; header_font=&#8221;Montserrat||||||||&#8221; header_text_color=&#8221;#ffffff&#8221; header_font_size=&#8221;20px&#8221; header_line_height=&#8221;1.7em&#8221; locked=&#8221;off&#8221;][\/et_pb_blurb][\/et_pb_column][\/et_pb_row][\/et_pb_section]<\/p>\n","protected":false},"excerpt":{"rendered":"<p>[et_pb_section fb_built=&#8221;1&#8243; use_custom_gutter=&#8221;on&#8221; specialty=&#8221;on&#8221; padding_top_2=&#8221;20px&#8221; padding_right_2=&#8221;5%&#8221; padding_2_tablet=&#8221;0px|10%||10%||true&#8221; padding_2_phone=&#8221;&#8221; padding_2_last_edited=&#8221;on|tablet&#8221; admin_label=&#8221;Kinesiotaping w ci\u0105\u017cy i po\u0142ogu&#8221; _builder_version=&#8221;3.22&#8243; inner_width=&#8221;100%&#8221; inner_max_width=&#8221;100%&#8221; custom_padding=&#8221;0|0px|54px|0px|false|false&#8221; use_custom_width=&#8221;on&#8221; width_unit=&#8221;off&#8221; custom_width_percent=&#8221;100%&#8221; locked=&#8221;off&#8221; collapsed=&#8221;off&#8221;][et_pb_column type=&#8221;1_3&#8243; _builder_version=&#8221;3.25&#8243; custom_padding=&#8221;|||&#8221; parallax__hover=&#8221;off&#8221; parallax_method__hover=&#8221;on&#8221; custom_padding__hover=&#8221;|||&#8221;][et_pb_image src=&#8221;https:\/\/twojdoktor.eu\/wp-content\/uploads\/2021\/04\/97738681_s.jpg&#8221; title_text=&#8221;Beautiful young woman with feather on color background, closeup. Epilation concept&#8221; force_fullwidth=&#8221;on&#8221; align_tablet=&#8221;center&#8221; align_phone=&#8221;&#8221; align_last_edited=&#8221;on|desktop&#8221; module_id=&#8221;toggledoctors&#8221; _builder_version=&#8221;4.8.1&#8243; background_color=&#8221;#FFFFFF&#8221; custom_margin=&#8221;|||&#8221; custom_padding=&#8221;|||&#8221; animation_style=&#8221;slide&#8221; animation_direction=&#8221;right&#8221; animation_intensity_slide=&#8221;5%&#8221; border_radii=&#8221;||30px|15vw|&#8221; border_color_all=&#8221;rgba(129,21,211,0.73)&#8221; [&hellip;]<\/p>\n","protected":false},"author":1,"featured_media":0,"parent":0,"menu_order":0,"comment_status":"closed","ping_status":"closed","template":"","meta":{"_et_pb_use_builder":"on","_et_pb_old_content":"","_et_gb_content_width":"","footnotes":""},"class_list":["post-3792","page","type-page","status-publish","hentry"],"_links":{"self":[{"href":"https:\/\/twojdoktor.eu\/index.php\/wp-json\/wp\/v2\/pages\/3792"}],"collection":[{"href":"https:\/\/twojdoktor.eu\/index.php\/wp-json\/wp\/v2\/pages"}],"about":[{"href":"https:\/\/twojdoktor.eu\/index.php\/wp-json\/wp\/v2\/types\/page"}],"author":[{"embeddable":true,"href":"https:\/\/twojdoktor.eu\/index.php\/wp-json\/wp\/v2\/users\/1"}],"replies":[{"embeddable":true,"href":"https:\/\/twojdoktor.eu\/index.php\/wp-json\/wp\/v2\/comments?post=3792"}],"version-history":[{"count":18,"href":"https:\/\/twojdoktor.eu\/index.php\/wp-json\/wp\/v2\/pages\/3792\/revisions"}],"predecessor-version":[{"id":3874,"href":"https:\/\/twojdoktor.eu\/index.php\/wp-json\/wp\/v2\/pages\/3792\/revisions\/3874"}],"wp:attachment":[{"href":"https:\/\/twojdoktor.eu\/index.php\/wp-json\/wp\/v2\/media?parent=3792"}],"curies":[{"name":"wp","href":"https:\/\/api.w.org\/{rel}","templated":true}]}}