{"id":3754,"date":"2021-04-01T21:29:38","date_gmt":"2021-04-01T19:29:38","guid":{"rendered":"https:\/\/twojdoktor.eu\/?page_id=3754"},"modified":"2021-04-01T21:29:41","modified_gmt":"2021-04-01T19:29:41","slug":"vcghjgfkj","status":"publish","type":"page","link":"https:\/\/twojdoktor.eu\/index.php\/vcghjgfkj\/","title":{"rendered":"vcghjgfkj"},"content":{"rendered":"<p>[et_pb_section fb_built=&#8221;1&#8243; _builder_version=&#8221;4.8.1&#8243; _module_preset=&#8221;default&#8221;][et_pb_row _builder_version=&#8221;4.8.1&#8243; _module_preset=&#8221;default&#8221;][et_pb_column _builder_version=&#8221;4.8.1&#8243; _module_preset=&#8221;default&#8221; type=&#8221;4_4&#8243;][et_pb_text _builder_version=&#8221;4.8.1&#8243; _module_preset=&#8221;default&#8221; hover_enabled=&#8221;0&#8243; sticky_enabled=&#8221;0&#8243;]<\/p>\n<p>Doktor Ewa Paszkiewicz-Juszczak jest za\u0142o\u017cycielk\u0105 Gabinet\u00f3w Medycznych Tw\u00f3j Doktor. Studia medyczne uko\u0144czy\u0142a w Gda\u0144sku w 1991r. Specjalizacj\u0119 II stopnia uzyska\u0142a w 2003r. Swoje zawodowe do\u015bwiadczenie zdobywa\u0142a w Klinice Ginekologii i Po\u0142o\u017cnictwa AMG oraz w Klinice Leczenia Niep\u0142odno\u015bci i lecznictwie otwartym. Pani doktor stale uczestniczy w szkoleniach i konferencjach w Polsce jak i za granic\u0105, nieustannie doskonali si\u0119 i aktualizuje wiedz\u0119 medyczn\u0105. Specjalizuje si\u0119 w diagnostyce i leczeniu problem\u00f3w z zaj\u015bciem w ci\u0105\u017ce, w tym opartych na metodach naturalnych, prowadzeniu ci\u0105\u017cy, zaburzeniach endokrynologiczne, leczeniu menopauzy. Od 15 lat uczestniczy w kursach i szkoleniach Ginekologii Dzieci\u0119cej co pozwala jej zajmowa\u0107 si\u0119 kobiet\u0105 od jej najm\u0142odszych lat do okresu staro\u015bci. Od 6 lat zajmuje si\u0119 r\u00f3wnie\u017c ginekologi\u0105 estetyczn\u0105 tj. leczeniem laserowym w tym rewitalizacj\u0105 pochwy, nie trzymaniem moczu oraz skleroterapi\u0105 hemoroid\u00f3w. Sw\u00f3j zaw\u00f3d wykonuje z pasj\u0105 i pe\u0142nym zaanga\u017cowaniem.<\/p>\n<p>[\/et_pb_text][et_pb_text _builder_version=&#8221;4.8.1&#8243; _module_preset=&#8221;default&#8221; hover_enabled=&#8221;0&#8243; sticky_enabled=&#8221;0&#8243;]<\/p>\n<p>Doktor J\u00f3zef Koz\u0142owski jest do\u015bwiadczonym specjalist\u0105 ginekologii i po\u0142o\u017cnictwa. Uko\u0144czy\u0142 Akademi\u0119 Medyczn\u0105 w Gda\u0144sku w 1982r. Specjalizacj\u0119 drugiego stopnia w tej dziedzinie uzyska\u0142 w 1993r. Do\u015bwiadczenie zawodowe zdobywa\u0142 pracuj\u0105c w szpitalu oraz w praktyce lekarskiej. W 2015 roku uzyska\u0142 certyfikat PTG w zakresie bada\u0144 serca p\u0142odu. Specjalizuje si\u0119 w ultrasonografii ci\u0105\u017cy oraz perinatologii. W gabinetach Medycznych Tw\u00f3j Doktor wykonuje badania prenatalne. Uczestniczy w licznych szkoleniach i konferencjach rozwijaj\u0105c swoj\u0105 wiedz\u0119 w tej dziedzinie.<\/p>\n<p>[\/et_pb_text][et_pb_text _builder_version=&#8221;4.8.1&#8243; _module_preset=&#8221;default&#8221; hover_enabled=&#8221;0&#8243; sticky_enabled=&#8221;0&#8243;]<\/p>\n<p>Krzysztof Juszczak jest do\u015bwiadczonym, certyfikowanym masa\u017cyst\u0105. Specjalizuje si\u0119 w masa\u017cu kobiet ci\u0119\u017carnych. Certyfikat uzyska\u0142 w 2016 roku i od tego czasu doskonali swoje umiej\u0119tno\u015bci uczestnicz\u0105c w szkoleniach podnosz\u0105cych kwalifikacje.<\/p>\n<p>Masa\u017c wykonywany jest u pacjentek Gabinet\u00f3w Medycznych Tw\u00f3j Doktor pod \u015bcis\u0142ym nadzorem lekarza.<\/p>\n<p>Pan Krzysztof pe\u0142ni tak\u017ce funkcj\u0119 opiekuna naszych pacjentek, koordynuje rejestracj\u0119 telefoniczn\u0105 oraz dba by pilne wizyty odbywa\u0142y si\u0119 w mo\u017cliwie jak najszybszym terminie.<\/p>\n<p>[\/et_pb_text][et_pb_text _builder_version=&#8221;4.8.1&#8243; _module_preset=&#8221;default&#8221; hover_enabled=&#8221;0&#8243; sticky_enabled=&#8221;0&#8243;]<\/p>\n<p>Ewelina Pi\u0105tkowska jest dyplomowan\u0105 kosmetolo\u017ck\u0105. Studia pierwszego stopnia uko\u0144czy\u0142a w 2014 roku. W 2020 roku uzyska\u0142a certyfikat z zakresu obs\u0142ugi lasera MonaLisa Touch. W Gabinetach Medycznych Tw\u00f3j Doktor wykonuje laserowy lifting twarzy, szyi i dekoltu, redukcj\u0119 rozst\u0119p\u00f3w oraz blizn, zabiegi z\u0142uszczania sk\u00f3ry twarzy za pomoc\u0105 kwas\u00f3w oraz mezoterapi\u0119 sk\u00f3ry g\u0142owy. Specjalizuje si\u0119 w zabiegach odm\u0142adzania oraz piel\u0119gnacji sk\u00f3ry twarzy i cia\u0142a, a tak\u017ce redukcji ich niedoskona\u0142o\u015bci. Wci\u0105\u017c doskonali si\u0119, na bie\u017c\u0105co \u015bledzi nowo\u015bci z \u015bwiata kosmetologi oraz na bie\u017c\u0105co uzupe\u0142nia swoj\u0105 wiedz\u0119. Na codzie\u0144 zajmuje si\u0119 r\u00f3wnie\u017c obs\u0142ug\u0105 recepcji.<\/p>\n<p>[\/et_pb_text][et_pb_text _builder_version=&#8221;4.8.1&#8243; _module_preset=&#8221;default&#8221; hover_enabled=&#8221;0&#8243; sticky_enabled=&#8221;0&#8243;]<\/p>\n<div dir=\"auto\">Karolina Kwiatek jest dyplomowan\u0105 fizjoterapeutk\u0105. Studia magisterskie uko\u0144czy\u0142a na Gda\u0144skim Uniwersytecie Medycznym.<\/div>\n<div dir=\"auto\">W Gabinetach Medycznych Tw\u00f3j Doktor wykonuje plastrowanie dynamiczne czyli kinesiotaping. Metoda ta jest jedn\u0105 z bezpiecznych i nieinwazyjnych metod uzupe\u0142niaj\u0105cych rehabilitacj\u0119 &#8211; szczeg\u00f3lnie u kobiet w okresie oko\u0142oporodowym oraz ci\u0105\u017cowym. W zale\u017cno\u015bci od aplikacji mo\u017cemy np. usprawni\u0107 prac\u0119 mi\u0119\u015bni brzucha, zmniejszy\u0107 obrz\u0119ki, z\u0142agodzi\u0107 b\u00f3le kr\u0119gos\u0142upa czy nawet dzia\u0142a\u0107 profilaktycznie przeciwko powstawaniu rozst\u0119p\u00f3w.<\/div>\n<div dir=\"auto\">Pani Karolina dodatkowo specjalizuje si\u0119 w pracy ze starszymi dzie\u0107mi i m\u0142odzie\u017c\u0105 &#8211; zajmuje si\u0119 korygowaniem wad postawy i kr\u0119gos\u0142upa\/skolioz. Aktywnie uczestniczy w kursach i szkoleniach, aby poszerza\u0107 swoj\u0105 wiedz\u0119 z dziedziny fizjoterapii. Na codzie\u0144 zajmuje si\u0119 r\u00f3wnie\u017c obs\u0142ug\u0105 recepcji.<\/div>\n<p>[\/et_pb_text][\/et_pb_column][\/et_pb_row][\/et_pb_section]<\/p>\n","protected":false},"excerpt":{"rendered":"<p>[et_pb_section fb_built=&#8221;1&#8243; _builder_version=&#8221;4.8.1&#8243; _module_preset=&#8221;default&#8221;][et_pb_row _builder_version=&#8221;4.8.1&#8243; _module_preset=&#8221;default&#8221;][et_pb_column _builder_version=&#8221;4.8.1&#8243; _module_preset=&#8221;default&#8221; type=&#8221;4_4&#8243;][et_pb_text _builder_version=&#8221;4.8.1&#8243; _module_preset=&#8221;default&#8221; hover_enabled=&#8221;0&#8243; sticky_enabled=&#8221;0&#8243;] Doktor Ewa Paszkiewicz-Juszczak jest za\u0142o\u017cycielk\u0105 Gabinet\u00f3w Medycznych Tw\u00f3j Doktor. Studia medyczne uko\u0144czy\u0142a w Gda\u0144sku w 1991r. Specjalizacj\u0119 II stopnia uzyska\u0142a w 2003r. Swoje zawodowe do\u015bwiadczenie zdobywa\u0142a w Klinice Ginekologii i Po\u0142o\u017cnictwa AMG oraz w Klinice Leczenia Niep\u0142odno\u015bci i lecznictwie otwartym. Pani doktor [&hellip;]<\/p>\n","protected":false},"author":1,"featured_media":0,"parent":0,"menu_order":0,"comment_status":"closed","ping_status":"closed","template":"","meta":{"_et_pb_use_builder":"on","_et_pb_old_content":"","_et_gb_content_width":"","footnotes":""},"class_list":["post-3754","page","type-page","status-publish","hentry"],"_links":{"self":[{"href":"https:\/\/twojdoktor.eu\/index.php\/wp-json\/wp\/v2\/pages\/3754"}],"collection":[{"href":"https:\/\/twojdoktor.eu\/index.php\/wp-json\/wp\/v2\/pages"}],"about":[{"href":"https:\/\/twojdoktor.eu\/index.php\/wp-json\/wp\/v2\/types\/page"}],"author":[{"embeddable":true,"href":"https:\/\/twojdoktor.eu\/index.php\/wp-json\/wp\/v2\/users\/1"}],"replies":[{"embeddable":true,"href":"https:\/\/twojdoktor.eu\/index.php\/wp-json\/wp\/v2\/comments?post=3754"}],"version-history":[{"count":2,"href":"https:\/\/twojdoktor.eu\/index.php\/wp-json\/wp\/v2\/pages\/3754\/revisions"}],"predecessor-version":[{"id":3757,"href":"https:\/\/twojdoktor.eu\/index.php\/wp-json\/wp\/v2\/pages\/3754\/revisions\/3757"}],"wp:attachment":[{"href":"https:\/\/twojdoktor.eu\/index.php\/wp-json\/wp\/v2\/media?parent=3754"}],"curies":[{"name":"wp","href":"https:\/\/api.w.org\/{rel}","templated":true}]}}