{"id":1870,"date":"2020-02-29T22:29:49","date_gmt":"2020-02-29T21:29:49","guid":{"rendered":"https:\/\/twojdoktor.eu\/?page_id=1870"},"modified":"2021-02-22T17:19:40","modified_gmt":"2021-02-22T16:19:40","slug":"badania-prenatalne","status":"publish","type":"page","link":"https:\/\/twojdoktor.eu\/index.php\/badania-prenatalne\/","title":{"rendered":"Badania prenatalne"},"content":{"rendered":"<p>[et_pb_section fb_built=&#8221;1&#8243; use_custom_gutter=&#8221;on&#8221; specialty=&#8221;on&#8221; padding_top_2=&#8221;20px&#8221; padding_right_2=&#8221;5%&#8221; padding_2_tablet=&#8221;0px|10%||10%||true&#8221; padding_2_phone=&#8221;&#8221; padding_2_last_edited=&#8221;on|tablet&#8221; admin_label=&#8221;Badania prenatalne&#8221; _builder_version=&#8221;3.22&#8243; inner_width=&#8221;100%&#8221; inner_max_width=&#8221;100%&#8221; custom_padding=&#8221;0|0px|54px|0px|false|false&#8221; use_custom_width=&#8221;on&#8221; width_unit=&#8221;off&#8221; custom_width_percent=&#8221;100%&#8221; locked=&#8221;off&#8221; collapsed=&#8221;off&#8221;][et_pb_column type=&#8221;1_3&#8243; _builder_version=&#8221;3.25&#8243; custom_padding=&#8221;|||&#8221; parallax__hover=&#8221;off&#8221; parallax_method__hover=&#8221;on&#8221; custom_padding__hover=&#8221;|||&#8221;][et_pb_image src=&#8221;https:\/\/twojdoktor.eu\/wp-content\/uploads\/2020\/03\/41748098_s.jpg&#8221; force_fullwidth=&#8221;on&#8221; align_tablet=&#8221;center&#8221; align_phone=&#8221;&#8221; align_last_edited=&#8221;on|desktop&#8221; module_id=&#8221;toggledoctors&#8221; _builder_version=&#8221;4.3.4&#8243; custom_margin=&#8221;|||&#8221; custom_padding=&#8221;|||&#8221; animation_style=&#8221;slide&#8221; animation_direction=&#8221;right&#8221; animation_intensity_slide=&#8221;5%&#8221; border_radii=&#8221;||30px|15vw|&#8221; border_color_all=&#8221;rgba(129,21,211,0.73)&#8221; border_width_bottom=&#8221;2vw&#8221; box_shadow_style=&#8221;preset3&#8243; box_shadow_vertical=&#8221;30px&#8221; box_shadow_blur=&#8221;80px&#8221; box_shadow_spread=&#8221;-30px&#8221; box_shadow_color=&#8221;rgba(102,141,186,0.7)&#8221; locked=&#8221;off&#8221;][\/et_pb_image][\/et_pb_column][et_pb_column type=&#8221;2_3&#8243; specialty_columns=&#8221;2&#8243; _builder_version=&#8221;3.25&#8243; custom_padding=&#8221;|||&#8221; padding_tablet__hover=&#8221;0px|10%||10%||true&#8221; padding_last_edited__hover=&#8221;on|tablet&#8221; padding_right__hover=&#8221;5%&#8221; padding_top__hover=&#8221;20px&#8221; parallax__hover=&#8221;off&#8221; parallax_method__hover=&#8221;on&#8221; padding_tablet=&#8221;0px|10%||10%||true&#8221; padding_last_edited=&#8221;on|tablet&#8221; custom_padding__hover=&#8221;|||&#8221;][et_pb_row_inner _builder_version=&#8221;3.25&#8243; custom_padding=&#8221;42.6094px|0px|0|0px|false|false&#8221;][et_pb_column_inner saved_specialty_column_type=&#8221;2_3&#8243; _builder_version=&#8221;3.25&#8243; custom_padding=&#8221;|||&#8221; parallax__hover=&#8221;off&#8221; parallax_method__hover=&#8221;on&#8221; custom_padding__hover=&#8221;|||&#8221;][et_pb_image src=&#8221;https:\/\/twojdoktor.eu\/wp-content\/uploads\/2019\/03\/052-doctor-1.png&#8221; align=&#8221;center&#8221; align_tablet=&#8221;center&#8221; align_phone=&#8221;&#8221; align_last_edited=&#8221;on|desktop&#8221; _builder_version=&#8221;3.23&#8243; max_width=&#8221;10%&#8221;][\/et_pb_image][et_pb_text _builder_version=&#8221;4.3.4&#8243; text_font=&#8221;Montserrat|300|||||||&#8221; text_font_size=&#8221;16px&#8221; text_line_height=&#8221;1.8em&#8221; header_3_text_align=&#8221;center&#8221; text_orientation=&#8221;center&#8221; max_width=&#8221;800px&#8221; module_alignment=&#8221;center&#8221; custom_margin=&#8221;|||&#8221; custom_margin_tablet=&#8221;0px|50px||50px&#8221; custom_margin_last_edited=&#8221;off|desktop&#8221; custom_padding=&#8221;|||&#8221; hover_enabled=&#8221;0&#8243; locked=&#8221;off&#8221; sticky_enabled=&#8221;0&#8243;]<\/p>\n<h3><strong>B<\/strong><strong>adania prenatalne<\/strong><\/h3>\n<p>[\/et_pb_text][\/et_pb_column_inner][\/et_pb_row_inner][\/et_pb_column][\/et_pb_section][et_pb_section fb_built=&#8221;1&#8243; admin_label=&#8221;Badania prenatalne og\u00f3lnie&#8221; _builder_version=&#8221;4.3.4&#8243; background_color=&#8221;#f1f5f7&#8243;][et_pb_row column_structure=&#8221;3_5,2_5&#8243; _builder_version=&#8221;4.3.4&#8243; background_color=&#8221;rgba(0,0,0,0)&#8221; module_alignment=&#8221;center&#8221; border_radii=&#8221;on|10px|10px|10px|10px&#8221; collapsed=&#8221;off&#8221;][et_pb_column type=&#8221;3_5&#8243; _builder_version=&#8221;3.25&#8243; custom_padding=&#8221;|||&#8221; custom_padding__hover=&#8221;|||&#8221;][et_pb_text admin_label=&#8221;Nieinwazyjne&#8221; _builder_version=&#8221;4.3.4&#8243; header_3_text_align=&#8221;left&#8221; text_orientation=&#8221;justified&#8221; custom_padding=&#8221;5px|5px|5px|5px|true|true&#8221;]<\/p>\n<h3><strong>Nieinwazyjne badania prenatalne<\/strong><\/h3>\n<p>S\u0105 to badania, kt\u00f3re w \u017caden spos\u00f3b nie ingeruj\u0105 w organizm kobiety ani dziecka, s\u0105 ca\u0142kowicie bezpieczne i nie nios\u0105 za sob\u0105 \u017cadnego ryzyka powik\u0142a\u0144. Okre\u015blaj\u0105 one ryzyko wyst\u0105pienia u dziecka chor\u00f3b genetycznych oraz szacuj\u0105 ryzyko porodu przedwczesnego.<\/p>\n<p>Zaliczamy do nich USG genetyczne, test podw\u00f3jny PAPP-A oraz test SANCO (dawniej NIFTY)<\/p>\n<p>[\/et_pb_text][et_pb_text admin_label=&#8221;inwazyjne&#8221; _builder_version=&#8221;4.3.4&#8243; header_3_text_align=&#8221;left&#8221; text_orientation=&#8221;justified&#8221; custom_padding=&#8221;5px|5px|5px|5px|true|true&#8221;]<\/p>\n<h3><strong>Inwazyjne badania prenatalne<\/strong><\/h3>\n<p>Polegaj\u0105 na pobraniu materia\u0142u do bada\u0144 prosto z macicy matki za pomoc\u0105 ig\u0142y pod kontrol\u0105 USG. Badania te nios\u0105 za sob\u0105 niewielkie ryzyko powik\u0142a\u0144 jakimi jest poronienie (ok 1%), do niedawna by\u0142a to jedyna metoda daj\u0105ca ostateczna odpowied\u017a czy dziecko jest zdrowe, obecnie badania te cz\u0119sto zast\u0119powane s\u0105 nieinwazyjnymi testami z krwi matki (test SANCO)<\/p>\n<p>[\/et_pb_text][\/et_pb_column][et_pb_column type=&#8221;2_5&#8243; _builder_version=&#8221;3.25&#8243; custom_padding=&#8221;|||&#8221; custom_padding__hover=&#8221;|||&#8221;][et_pb_text admin_label=&#8221;menu&#8221; _builder_version=&#8221;4.3.4&#8243; header_3_text_align=&#8221;left&#8221;]<\/p>\n<h3><strong>Czytaj o:<\/strong><\/h3>\n<p><strong>Nieinwazyjne badania prenatalne:<\/strong><\/p>\n<ul>\n<li><a href=\"#togglenieinwaz1\"><strong>USG genetyczne<\/strong><\/a><\/li>\n<li><a href=\"#togglenieinwaz2\"><strong>Test podw\u00f3jny PAPP-A<\/strong><\/a><\/li>\n<li><a href=\"#togglenieinwaz3\"><strong>Test prenatalny SANCO <\/strong><\/a><\/li>\n<li><a href=\"#togglenieinwaz4\"><strong>Echo serca p\u0142odu<\/strong><\/a><\/li>\n<li><a href=\"#togglenieinwaz5\"><strong>USG prenatalne\u00a0po\u0142\u00f3wkowe<\/strong><\/a><\/li>\n<\/ul>\n<p><strong>Inwazyjne badania prenatalne:<\/strong><\/p>\n<ul>\n<li><a href=\"#toggleinwazja1\"><strong>Amniopunkcja<\/strong><\/a><\/li>\n<li><a href=\"#toggleinwazja2\"><strong>Biopsja kosm\u00f3wki <\/strong><\/a><\/li>\n<li><a href=\"#toggleinwazja3\"><strong>Badanie materia\u0142u z poronienia<\/strong><\/a><\/li>\n<\/ul>\n<p>[\/et_pb_text][\/et_pb_column][\/et_pb_row][\/et_pb_section][et_pb_section fb_built=&#8221;1&#8243; _builder_version=&#8221;4.3.4&#8243; background_color=&#8221;#ffffff&#8221;][et_pb_row column_structure=&#8221;1_2,1_2&#8243; _builder_version=&#8221;4.3.4&#8243;][et_pb_column type=&#8221;1_2&#8243; _builder_version=&#8221;4.3.4&#8243;][et_pb_image src=&#8221;https:\/\/twojdoktor.eu\/wp-content\/uploads\/2020\/03\/111574407_s.jpg&#8221; _builder_version=&#8221;4.3.4&#8243; border_radii=&#8221;on|10px|10px|10px|10px&#8221; locked=&#8221;off&#8221;][\/et_pb_image][\/et_pb_column][et_pb_column type=&#8221;1_2&#8243; _builder_version=&#8221;4.3.4&#8243;][et_pb_text admin_label=&#8221;USG genetyczne&#8221; module_id=&#8221;togglenieinwaz1&#8243; _builder_version=&#8221;4.3.4&#8243; header_3_text_align=&#8221;left&#8221; text_orientation=&#8221;justified&#8221; custom_padding=&#8221;5px|5px|5px|5px|true|true&#8221;]<\/p>\n<h3><strong>USG genetyczne<\/strong><\/h3>\n<p>Wykonywane jest mi\u0119dzy 11 a 14 tygodniem ci\u0105\u017cy. Badanie to przypomina standardowe USG w ci\u0105\u017cy, podczas kt\u00f3rego oceniana jest przezierno\u015b\u0107 karkowa dziecka (NT) oraz obecno\u015b\u0107 i budow\u0119 ko\u015bci nosowej. Nieprawid\u0142owy wynika badania potwierdza zwi\u0119kszone ryzyko wyst\u0105pienia chor\u00f3b genetycznych tj.: zesp\u00f3\u0142 Downa, zesp\u00f3\u0142 Patau, zesp\u00f3\u0142 Edwardsa, wady cewy nerwowej, rozszczep podniebienia.<\/p>\n<p>[\/et_pb_text][\/et_pb_column][\/et_pb_row][et_pb_row column_structure=&#8221;1_2,1_2&#8243; _builder_version=&#8221;4.3.4&#8243;][et_pb_column type=&#8221;1_2&#8243; _builder_version=&#8221;4.3.4&#8243;][et_pb_text admin_label=&#8221;Test podw\u00f3jny PAPP-A&#8221; module_id=&#8221;togglenieinwaz2&#8243; _builder_version=&#8221;4.3.4&#8243; header_3_text_align=&#8221;left&#8221; text_orientation=&#8221;justified&#8221; custom_padding=&#8221;5px|5px|5px|5px|true|true&#8221;]<\/p>\n<h3><strong>Test podw\u00f3jny PAPP-A<\/strong><\/h3>\n<p>Jest badaniem opartym na po\u0142\u0105czeniu USG genetycznego z analiz\u0105 krwi matki. Badanie krwi polega na okre\u015bleniu st\u0119\u017cenia Bia\u0142ka A oraz wolnej jednostki beta-HCG. Wspomniane parametry s\u0105 markerami zmian genetycznych wy\u017cej wymienionych wad i chor\u00f3b. W przypadku pozytywnego testu podw\u00f3jnego wymagana jest dalsza diagnostyka testem SANCO lub amniopunkcj\u0105.<\/p>\n<p>[\/et_pb_text][\/et_pb_column][et_pb_column type=&#8221;1_2&#8243; _builder_version=&#8221;4.3.4&#8243;][et_pb_text admin_label=&#8221;Test prenatalny SANCO&#8221; module_id=&#8221;togglenieinwaz3&#8243; _builder_version=&#8221;4.3.4&#8243; header_3_text_align=&#8221;left&#8221; text_orientation=&#8221;justified&#8221; custom_padding=&#8221;5px|5px|5px|5px|true|true&#8221;]<\/p>\n<h3><strong>Test prenatalny SANCO<\/strong><\/h3>\n<p>Test Sanco jest genetycznym badaniem przesiewowym dla kobiet w ci\u0105\u017cy, kt\u00f3ry mo\u017cna wykona\u0107 ju\u017c od uko\u0144czenia 10 tygodnia ci\u0105\u017cy. Test okre\u015bla bardzo dok\u0142adnie, w spos\u00f3b nieinwazyjny, ryzyko trisomii i innych wybranych zaburze\u0144 chromosomowych u p\u0142odu. Podczas ci\u0105\u017cy DNA pochodz\u0105ce z \u0142o\u017cyska kr\u0105\u017cy we krwi ci\u0119\u017carnej. Przeprowadzenie testu polega na pobraniu 10 ml krwi \u017cylnej przysz\u0142ej mamy. Na podstawie analizy tej pr\u00f3bki mo\u017cliwa jest ocena zaburze\u0144 liczby chromosom\u00f3w oraz ich uszkodze\u0144, w tym najcz\u0119stszej wady chromosomowej, jak\u0105 jest zesp\u00f3\u0142 Downa. Badanie jest bezpieczne zar\u00f3wno dla matki jak i dziecka a jego wykrywalno\u015b\u0107 przewy\u017csza 99,5%. Dzi\u0119ki niemu wiele przysz\u0142ych mam mo\u017ce unikn\u0105\u0107 bada\u0144 inwazyjnych (w tym amniopunkcji), kt\u00f3rych tak bardzo si\u0119 obawiaj\u0105.\u00a0 Test mo\u017cna wykona\u0107 pomi\u0119dzy 10 a 24\u00a0tygodniem ci\u0105\u017cy.<\/p>\n<p>[\/et_pb_text][\/et_pb_column][\/et_pb_row][et_pb_row column_structure=&#8221;1_2,1_2&#8243; _builder_version=&#8221;4.3.4&#8243;][et_pb_column type=&#8221;1_2&#8243; _builder_version=&#8221;4.3.4&#8243;][et_pb_text admin_label=&#8221;Echo serca p\u0142odu&#8221; module_id=&#8221;toggleusg4&#8243; _builder_version=&#8221;4.3.4&#8243; header_3_text_align=&#8221;left&#8221; text_orientation=&#8221;justified&#8221; custom_padding=&#8221;5px|5px|5px|5px|true|true&#8221;]<\/p>\n<h3><strong>Echo serca p\u0142odu<\/strong><\/h3>\n<p>Istot\u0105 badania jest wykrycie nieprawid\u0142owo\u015bci w sercu umo\u017cliwiaj\u0105ce szybkie leczenie po porodzie<strong>. <\/strong>Echo serca umo\u017cliwia zdiagnozowanie wad budowy serca oraz nieprawid\u0142owo\u015bci w pracy uk\u0142adu kr\u0105\u017cenia dziecka. Podczas badania dok\u0142adnie oceniana jest budowa serca i klatki piersiowej. Za pomoc\u0105 USG z funkcj\u0105 doppler istnieje mo\u017cliwo\u015b\u0107 dok\u0142adnej analizy przep\u0142yw\u00f3w krwi przez serce oraz pomiar t\u0119tna.\u00a0<\/p>\n<p>Dzi\u0119ki tej technice jeste\u015bmy w stanie zdiagnozowa\u0107 arytmie serca p\u0142odu, wady zastawek oraz wady budowy serca.<\/p>\n<p>Badanie to wykonuje si\u0119 po 19 tygodniu ci\u0105\u017cy, mo\u017ce by\u0107 powtarzane na ka\u017cdym jej etapie, je\u015bli wyst\u0119puj\u0105 ku temu wskazania.<\/p>\n<p>[\/et_pb_text][\/et_pb_column][et_pb_column type=&#8221;1_2&#8243; _builder_version=&#8221;4.3.4&#8243;][et_pb_text admin_label=&#8221;USG prenatalne po\u0142\u00f3wkowe&#8221; module_id=&#8221;togglenieinwaz5&#8243; _builder_version=&#8221;4.3.4&#8243; header_3_text_align=&#8221;left&#8221; text_orientation=&#8221;justified&#8221; custom_padding=&#8221;5px|5px|5px|5px|true|true&#8221;]<\/p>\n<h3><strong>USG prenatalne\u00a0po\u0142\u00f3wkowe<\/strong><\/h3>\n<p>G\u0142\u00f3wnym celem przeprowadzenia\u00a0USG\u00a0po\u0142\u00f3wkowego jest szczeg\u00f3\u0142owa ocena anatomii dziecka pod k\u0105tem wyst\u0119powania wad wrodzonych oraz okre\u015blenie przybli\u017conej masy p\u0142odu i wieku ci\u0105\u017cowego. Lekarz podczas badania oceni, czy\u00a0dziecko rozwija si\u0119 prawid\u0142owo, zbada organy wewn\u0119trzne. Podczas wykonywania USG po\u0142\u00f3wkowego wszystkie narz\u0105dy s\u0105 ju\u017c bardzo dobrze ukszta\u0142towane, a ko\u015bci na tyle mi\u0119kkie, \u017ce ich nie przys\u0142aniaj\u0105. To w\u0142a\u015bnie w tym czasie najlepiej jest wida\u0107 dziecko. Je\u015bli nie poznali\u015bcie wcze\u015bniej p\u0142ci dziecka, to najprawdopodobniej nast\u0105pi to podczas USG po\u0142\u00f3wkowego.<\/p>\n<p>USG po\u0142\u00f3wkowe wykonuje si\u0119 mi\u0119dzy 20. a 22. tygodniem ci\u0105\u017cy. Mo\u017cna wykona\u0107 je ju\u017c w 18 tygodniu ci\u0105\u017cy, niemniej jednak warto poczeka\u0107 z badaniem do 20. lub 22. tygodnia, poniewa\u017c w\u0142a\u015bnie w tym czasie wszystkie najwa\u017cniejsze narz\u0105dy i cz\u0119\u015bci cia\u0142a p\u0142odu s\u0105 najlepiej widoczne a co za tym idzie badanie jest bardziej wiarygodne.<\/p>\n<p>[\/et_pb_text][\/et_pb_column][\/et_pb_row][\/et_pb_section][et_pb_section fb_built=&#8221;1&#8243; admin_label=&#8221;Inwazyjne badania&#8221; _builder_version=&#8221;4.3.4&#8243; background_color=&#8221;#f1f5f7&#8243;][et_pb_row column_structure=&#8221;1_2,1_2&#8243; _builder_version=&#8221;4.3.4&#8243;][et_pb_column type=&#8221;1_2&#8243; _builder_version=&#8221;4.3.4&#8243;][et_pb_text admin_label=&#8221;Amniopunkcja&#8221; module_id=&#8221;toggleinwazja1&#8243; _builder_version=&#8221;4.3.4&#8243; header_3_text_align=&#8221;left&#8221; text_orientation=&#8221;justified&#8221; custom_padding=&#8221;5px|5px|5px|5px|true|true&#8221;]<\/p>\n<h3><strong>Amniopunkcja<\/strong><\/h3>\n<p>Jest to badanie polegaj\u0105ce na pobraniu pr\u00f3bki p\u0142ynu owodniowego w celu diagnostyki chor\u00f3b metabolicznych i genetycznych p\u0142odu.<\/p>\n<p>Amniopunkcja wykonywana jest od 15 tygodnia ci\u0105\u017cy. W szczeg\u00f3lnych przypadkach, gdy otrzymanie wyniku jest kluczowe dla dobra dziecka i matki, mo\u017ce by\u0107 wykonana wcze\u015bniej. Istnieje niewielkie ryzyko powik\u0142a\u0144 ok 1% (w tym poronienie).<\/p>\n<p>[\/et_pb_text][\/et_pb_column][et_pb_column type=&#8221;1_2&#8243; _builder_version=&#8221;4.3.4&#8243;][et_pb_image src=&#8221;https:\/\/twojdoktor.eu\/wp-content\/uploads\/2020\/03\/38216413_s.jpg&#8221; _builder_version=&#8221;4.3.4&#8243; border_radii=&#8221;on|10px|10px|10px|10px&#8221; locked=&#8221;off&#8221;][\/et_pb_image][\/et_pb_column][\/et_pb_row][et_pb_row column_structure=&#8221;1_2,1_2&#8243; admin_label=&#8221;Row&#8221; _builder_version=&#8221;4.3.4&#8243;][et_pb_column type=&#8221;1_2&#8243; _builder_version=&#8221;4.3.4&#8243;][et_pb_text admin_label=&#8221;Badanie materia\u0142u z poronienia&#8221; module_id=&#8221;toggleinwazja3&#8243; _builder_version=&#8221;4.3.4&#8243; header_3_text_align=&#8221;left&#8221; text_orientation=&#8221;justified&#8221; custom_padding=&#8221;5px|5px|5px|5px|true|true&#8221;]<\/p>\n<h3><strong>Badanie materia\u0142u z poronienia<\/strong><\/h3>\n<p>Wykonywane jest w celu ustalenia przyczyny poronienia w szczeg\u00f3lno\u015bci w poronieniach nawykowych oraz ustalenia p\u0142ci p\u0142odu. W ramach testu sprawdzane s\u0105 wybrane chromosomy za pomoc\u0105 metody QF-PCR<\/p>\n<p>Badania genetyczne materia\u0142u z poronienia daj\u0105 szanse na poznanie przyczyny straty oraz wskazuje lekarzowi kierunek dalszej diagnostyki lub leczenia. Wynik badania pozwala okre\u015bli\u0107 szanse utrzymania kolejnej ci\u0105\u017cy.<\/p>\n<p>Materia\u0142em w\u0142a\u015bciwym do przeprowadzenia analizy powinna by\u0107 kosm\u00f3wka, kt\u00f3ra jest pobierana przez lekarza wykonuj\u0105cego zabieg oczyszczania. W przypadku samoistnego wydalenia jaja p\u0142odowego r\u00f3wnie\u017c mo\u017cliwe jest przebadanie go pod k\u0105tem genetycznym.\u00a0 Materia\u0142 nale\u017cy umie\u015bci\u0107 w specjalnym pojemniczku i zala\u0107 oboj\u0119tnym roztworem soli fizjologicznej.<\/p>\n<p>[\/et_pb_text][\/et_pb_column][et_pb_column type=&#8221;1_2&#8243; _builder_version=&#8221;4.3.4&#8243;][et_pb_text admin_label=&#8221;Biopsja kosm\u00f3wki &#8221; module_id=&#8221;toggleinwazja2&#8243; _builder_version=&#8221;4.3.4&#8243; header_3_text_align=&#8221;left&#8221; text_orientation=&#8221;justified&#8221; custom_padding=&#8221;5px|5px|5px|5px|true|true&#8221;]<\/p>\n<h3><strong>Biopsja kosm\u00f3wki <\/strong><\/h3>\n<p>Badanie to wykonywane jest we wczesnej ci\u0105\u017cy by wykry\u0107 ewentualne choroby wady genetyczne p\u0142odu. Biopsja kosm\u00f3wki wykonywana jest w pierwszym trymestrze ci\u0105\u017cy najcz\u0119\u015bciej mi\u0119dzy 10 a 13 tygodniem. Zabieg ten polega na pobraniu kosmk\u00f3w z kosm\u00f3wki pod kontrol\u0105 USG. Biopsja, wykonywana przezbrzusznie, jak i przezpochwowo. Wyb\u00f3r metody, kt\u00f3r\u0105 przeprowadzony jest zabieg, zale\u017cy od lokalizacji<a href=\"https:\/\/www.edziecko.pl\/ciaza_i_porod\/7,79331,23531639,lozysko-budowa-funkcje-kiedy-powstaje.html\">\u00a0\u0142o\u017cyska<\/a>\u00a0i p\u0142odu. Badanie to pozwala na oszacowanie prawdopodobie\u0144stwa wyst\u0105pienia u dziecka wad lub chor\u00f3b genetycznych.<\/p>\n<p>Istnieje niewielkie ryzyko powik\u0142a\u0144 ok 1% (w tym poronienie).<\/p>\n<p>[\/et_pb_text][\/et_pb_column][\/et_pb_row][\/et_pb_section][et_pb_section fb_built=&#8221;1&#8243; admin_label=&#8221;Footer&#8221; _builder_version=&#8221;3.22&#8243; background_color=&#8221;rgba(129,21,211,0.73)&#8221; custom_padding=&#8221;120px||120px||false|false&#8221; top_divider_height=&#8221;660px&#8221; top_divider_flip=&#8221;horizontal&#8221; bottom_divider_style=&#8221;clouds2&#8243; bottom_divider_color=&#8221;rgba(255,255,255,0.08)&#8221; bottom_divider_height=&#8221;600px&#8221; bottom_divider_flip=&#8221;vertical&#8221; locked=&#8221;off&#8221; collapsed=&#8221;off&#8221;][et_pb_row _builder_version=&#8221;3.25&#8243;][et_pb_column type=&#8221;4_4&#8243; _builder_version=&#8221;3.25&#8243; custom_padding=&#8221;|||&#8221; custom_padding__hover=&#8221;|||&#8221;][et_pb_image src=&#8221;https:\/\/twojdoktor.eu\/wp-content\/uploads\/2019\/03\/061-medical-care.png&#8221; align=&#8221;center&#8221; align_tablet=&#8221;center&#8221; align_phone=&#8221;&#8221; align_last_edited=&#8221;on|desktop&#8221; _builder_version=&#8221;3.23&#8243; max_width=&#8221;10%&#8221; locked=&#8221;off&#8221;][\/et_pb_image][et_pb_text _builder_version=&#8221;3.27.4&#8243; text_font=&#8221;Montserrat||||||||&#8221; header_font=&#8221;||||||||&#8221; header_2_font=&#8221;Montserrat|300|||||||&#8221; header_2_text_align=&#8221;center&#8221; header_2_font_size=&#8221;50px&#8221; header_2_line_height=&#8221;1.4em&#8221; text_orientation=&#8221;center&#8221; background_layout=&#8221;dark&#8221; header_2_font_size_tablet=&#8221;&#8221; header_2_font_size_phone=&#8221;30px&#8221; header_2_font_size_last_edited=&#8221;on|phone&#8221; header_2_line_height_tablet=&#8221;1.4em&#8221; header_2_line_height_phone=&#8221;&#8221; header_2_line_height_last_edited=&#8221;on|desktop&#8221;]<\/p>\n<h2>Troska o Wasze zdrowie jest naszym powo\u0142aniem.<\/h2>\n<p>[\/et_pb_text][\/et_pb_column][\/et_pb_row][et_pb_row column_structure=&#8221;1_3,1_3,1_3&#8243; _builder_version=&#8221;3.25&#8243;][et_pb_column type=&#8221;1_3&#8243; _builder_version=&#8221;3.25&#8243; custom_padding=&#8221;|||&#8221; custom_padding__hover=&#8221;|||&#8221;][et_pb_blurb title=&#8221;+48 607 811 991 <br \/> +48 887 811 991&#8243; use_icon=&#8221;on&#8221; font_icon=&#8221;%%264%%&#8221; use_circle=&#8221;on&#8221; circle_color=&#8221;#ffffff&#8221; icon_placement=&#8221;left&#8221; use_icon_font_size=&#8221;on&#8221; icon_font_size=&#8221;16px&#8221; _builder_version=&#8221;4.3.4&#8243; header_font=&#8221;Montserrat||||||||&#8221; header_text_color=&#8221;#ffffff&#8221; header_font_size=&#8221;20px&#8221; header_line_height=&#8221;1.7em&#8221;][\/et_pb_blurb][\/et_pb_column][et_pb_column type=&#8221;1_3&#8243; _builder_version=&#8221;3.25&#8243; custom_padding=&#8221;|||&#8221; custom_padding__hover=&#8221;|||&#8221;][et_pb_blurb title=&#8221;<a href=mailto:gabinety@twojdoktor.eu>gabinety@twojdoktor.eu<a>&#8221; use_icon=&#8221;on&#8221; font_icon=&#8221;%%238%%&#8221; use_circle=&#8221;on&#8221; circle_color=&#8221;#ffffff&#8221; icon_placement=&#8221;left&#8221; use_icon_font_size=&#8221;on&#8221; icon_font_size=&#8221;16px&#8221; _builder_version=&#8221;3.18.7&#8243; header_font=&#8221;Montserrat||||||||&#8221; header_text_color=&#8221;#ffffff&#8221; header_font_size=&#8221;20px&#8221; header_line_height=&#8221;1.7em&#8221; locked=&#8221;off&#8221;][\/et_pb_blurb][\/et_pb_column][et_pb_column type=&#8221;1_3&#8243; _builder_version=&#8221;3.25&#8243; custom_padding=&#8221;|||&#8221; custom_padding__hover=&#8221;|||&#8221;][et_pb_blurb title=&#8221;ul. Oliwkowa 35, <br \/>80-175 Gda\u0144sk&#8221; use_icon=&#8221;on&#8221; font_icon=&#8221;%%249%%&#8221; use_circle=&#8221;on&#8221; circle_color=&#8221;#ffffff&#8221; icon_placement=&#8221;left&#8221; use_icon_font_size=&#8221;on&#8221; icon_font_size=&#8221;16px&#8221; _builder_version=&#8221;3.18.7&#8243; header_font=&#8221;Montserrat||||||||&#8221; header_text_color=&#8221;#ffffff&#8221; header_font_size=&#8221;20px&#8221; header_line_height=&#8221;1.7em&#8221; locked=&#8221;off&#8221;][\/et_pb_blurb][\/et_pb_column][\/et_pb_row][\/et_pb_section]<\/p>\n","protected":false},"excerpt":{"rendered":"<p>[et_pb_section fb_built=&#8221;1&#8243; use_custom_gutter=&#8221;on&#8221; specialty=&#8221;on&#8221; padding_top_2=&#8221;20px&#8221; padding_right_2=&#8221;5%&#8221; padding_2_tablet=&#8221;0px|10%||10%||true&#8221; padding_2_phone=&#8221;&#8221; padding_2_last_edited=&#8221;on|tablet&#8221; admin_label=&#8221;Badania prenatalne&#8221; _builder_version=&#8221;3.22&#8243; inner_width=&#8221;100%&#8221; inner_max_width=&#8221;100%&#8221; custom_padding=&#8221;0|0px|54px|0px|false|false&#8221; use_custom_width=&#8221;on&#8221; width_unit=&#8221;off&#8221; custom_width_percent=&#8221;100%&#8221; locked=&#8221;off&#8221; collapsed=&#8221;off&#8221;][et_pb_column type=&#8221;1_3&#8243; _builder_version=&#8221;3.25&#8243; custom_padding=&#8221;|||&#8221; parallax__hover=&#8221;off&#8221; parallax_method__hover=&#8221;on&#8221; custom_padding__hover=&#8221;|||&#8221;][et_pb_image src=&#8221;https:\/\/twojdoktor.eu\/wp-content\/uploads\/2020\/03\/41748098_s.jpg&#8221; force_fullwidth=&#8221;on&#8221; align_tablet=&#8221;center&#8221; align_phone=&#8221;&#8221; align_last_edited=&#8221;on|desktop&#8221; module_id=&#8221;toggledoctors&#8221; _builder_version=&#8221;4.3.4&#8243; custom_margin=&#8221;|||&#8221; custom_padding=&#8221;|||&#8221; animation_style=&#8221;slide&#8221; animation_direction=&#8221;right&#8221; animation_intensity_slide=&#8221;5%&#8221; border_radii=&#8221;||30px|15vw|&#8221; border_color_all=&#8221;rgba(129,21,211,0.73)&#8221; border_width_bottom=&#8221;2vw&#8221; box_shadow_style=&#8221;preset3&#8243; box_shadow_vertical=&#8221;30px&#8221; box_shadow_blur=&#8221;80px&#8221; box_shadow_spread=&#8221;-30px&#8221; box_shadow_color=&#8221;rgba(102,141,186,0.7)&#8221; locked=&#8221;off&#8221;][\/et_pb_image][\/et_pb_column][et_pb_column type=&#8221;2_3&#8243; specialty_columns=&#8221;2&#8243; _builder_version=&#8221;3.25&#8243; custom_padding=&#8221;|||&#8221; padding_tablet__hover=&#8221;0px|10%||10%||true&#8221; padding_last_edited__hover=&#8221;on|tablet&#8221; padding_right__hover=&#8221;5%&#8221; padding_top__hover=&#8221;20px&#8221; [&hellip;]<\/p>\n","protected":false},"author":1,"featured_media":0,"parent":0,"menu_order":0,"comment_status":"closed","ping_status":"closed","template":"","meta":{"_et_pb_use_builder":"on","_et_pb_old_content":"","_et_gb_content_width":"","footnotes":""},"class_list":["post-1870","page","type-page","status-publish","hentry"],"_links":{"self":[{"href":"https:\/\/twojdoktor.eu\/index.php\/wp-json\/wp\/v2\/pages\/1870"}],"collection":[{"href":"https:\/\/twojdoktor.eu\/index.php\/wp-json\/wp\/v2\/pages"}],"about":[{"href":"https:\/\/twojdoktor.eu\/index.php\/wp-json\/wp\/v2\/types\/page"}],"author":[{"embeddable":true,"href":"https:\/\/twojdoktor.eu\/index.php\/wp-json\/wp\/v2\/users\/1"}],"replies":[{"embeddable":true,"href":"https:\/\/twojdoktor.eu\/index.php\/wp-json\/wp\/v2\/comments?post=1870"}],"version-history":[{"count":10,"href":"https:\/\/twojdoktor.eu\/index.php\/wp-json\/wp\/v2\/pages\/1870\/revisions"}],"predecessor-version":[{"id":3370,"href":"https:\/\/twojdoktor.eu\/index.php\/wp-json\/wp\/v2\/pages\/1870\/revisions\/3370"}],"wp:attachment":[{"href":"https:\/\/twojdoktor.eu\/index.php\/wp-json\/wp\/v2\/media?parent=1870"}],"curies":[{"name":"wp","href":"https:\/\/api.w.org\/{rel}","templated":true}]}}