{"id":1825,"date":"2020-02-29T19:23:02","date_gmt":"2020-02-29T18:23:02","guid":{"rendered":"https:\/\/twojdoktor.eu\/?page_id=1825"},"modified":"2020-04-20T11:27:33","modified_gmt":"2020-04-20T09:27:33","slug":"poloznictwo","status":"publish","type":"page","link":"https:\/\/twojdoktor.eu\/index.php\/poloznictwo\/","title":{"rendered":"Po\u0142o\u017cnictwo"},"content":{"rendered":"<p>[et_pb_section fb_built=&#8221;1&#8243; use_custom_gutter=&#8221;on&#8221; specialty=&#8221;on&#8221; padding_top_2=&#8221;20px&#8221; padding_right_2=&#8221;5%&#8221; padding_2_tablet=&#8221;0px|10%||10%||true&#8221; padding_2_phone=&#8221;&#8221; padding_2_last_edited=&#8221;on|tablet&#8221; admin_label=&#8221;Po\u0142o\u017cnictwo&#8221; _builder_version=&#8221;3.22&#8243; inner_width=&#8221;100%&#8221; inner_max_width=&#8221;100%&#8221; custom_padding=&#8221;0|0px|54px|0px|false|false&#8221; use_custom_width=&#8221;on&#8221; width_unit=&#8221;off&#8221; custom_width_percent=&#8221;100%&#8221; locked=&#8221;off&#8221; collapsed=&#8221;off&#8221;][et_pb_column type=&#8221;1_3&#8243; _builder_version=&#8221;3.25&#8243; custom_padding=&#8221;|||&#8221; parallax__hover=&#8221;off&#8221; parallax_method__hover=&#8221;on&#8221; custom_padding__hover=&#8221;|||&#8221;][et_pb_image src=&#8221;https:\/\/twojdoktor.eu\/wp-content\/uploads\/2020\/02\/88747335_s.jpg&#8221; force_fullwidth=&#8221;on&#8221; align_tablet=&#8221;center&#8221; align_phone=&#8221;&#8221; align_last_edited=&#8221;on|desktop&#8221; module_id=&#8221;toggledoctors&#8221; _builder_version=&#8221;4.3.4&#8243; custom_margin=&#8221;|||&#8221; custom_padding=&#8221;|||&#8221; animation_style=&#8221;slide&#8221; animation_direction=&#8221;right&#8221; animation_intensity_slide=&#8221;5%&#8221; border_radii=&#8221;||30px|15vw|&#8221; border_color_all=&#8221;rgba(129,21,211,0.73)&#8221; border_width_bottom=&#8221;2vw&#8221; box_shadow_style=&#8221;preset3&#8243; box_shadow_vertical=&#8221;30px&#8221; box_shadow_blur=&#8221;80px&#8221; box_shadow_spread=&#8221;-30px&#8221; box_shadow_color=&#8221;rgba(102,141,186,0.7)&#8221; locked=&#8221;off&#8221;][\/et_pb_image][\/et_pb_column][et_pb_column type=&#8221;2_3&#8243; specialty_columns=&#8221;2&#8243; _builder_version=&#8221;3.25&#8243; custom_padding=&#8221;|||&#8221; padding_tablet__hover=&#8221;0px|10%||10%||true&#8221; padding_last_edited__hover=&#8221;on|tablet&#8221; padding_right__hover=&#8221;5%&#8221; padding_top__hover=&#8221;20px&#8221; parallax__hover=&#8221;off&#8221; parallax_method__hover=&#8221;on&#8221; padding_tablet=&#8221;0px|10%||10%||true&#8221; padding_last_edited=&#8221;on|tablet&#8221; custom_padding__hover=&#8221;|||&#8221;][et_pb_row_inner _builder_version=&#8221;3.25&#8243; custom_padding=&#8221;42.6094px|0px|0|0px|false|false&#8221;][et_pb_column_inner saved_specialty_column_type=&#8221;2_3&#8243; _builder_version=&#8221;3.25&#8243; custom_padding=&#8221;|||&#8221; parallax__hover=&#8221;off&#8221; parallax_method__hover=&#8221;on&#8221; custom_padding__hover=&#8221;|||&#8221;][et_pb_image src=&#8221;https:\/\/twojdoktor.eu\/wp-content\/uploads\/2019\/03\/052-doctor-1.png&#8221; align=&#8221;center&#8221; align_tablet=&#8221;center&#8221; align_phone=&#8221;&#8221; align_last_edited=&#8221;on|desktop&#8221; _builder_version=&#8221;3.23&#8243; max_width=&#8221;10%&#8221;][\/et_pb_image][et_pb_text _builder_version=&#8221;4.3.4&#8243; text_font=&#8221;Montserrat|300|||||||&#8221; text_font_size=&#8221;16px&#8221; text_line_height=&#8221;1.8em&#8221; header_3_text_align=&#8221;left&#8221; text_orientation=&#8221;center&#8221; max_width=&#8221;800px&#8221; module_alignment=&#8221;center&#8221; custom_margin=&#8221;|||&#8221; custom_margin_tablet=&#8221;0px|50px||50px&#8221; custom_margin_last_edited=&#8221;off|desktop&#8221; custom_padding=&#8221;|||&#8221; locked=&#8221;off&#8221;]<\/p>\n<h2>Po\u0142o\u017cnictwo<\/h2>\n<p>[\/et_pb_text][et_pb_text _builder_version=&#8221;4.3.4&#8243; header_3_text_align=&#8221;left&#8221; text_orientation=&#8221;center&#8221; max_width=&#8221;700px&#8221; module_alignment=&#8221;center&#8221; custom_margin=&#8221;|||&#8221; custom_margin_tablet=&#8221;0px|50px||50px&#8221; custom_margin_last_edited=&#8221;off|desktop&#8221; custom_padding=&#8221;|||&#8221; locked=&#8221;off&#8221;]<\/p>\n<p>W zakresie po\u0142o\u017cnictwa oferujemy naszym Pacjentkom przygotowanie do ci\u0105\u017cy oraz jej prowadzenie od momentu stwierdzenia ci\u0105\u017cy do rozwi\u0105zania. Zapewniamy troskliwa opiek\u0119 w oparciu o najwy\u017csze standardy Polskiego Towarzystwa Ginekologicznego i Po\u0142o\u017cnik\u00f3w, starannie oceniamy wyniki bada\u0144 oraz wykonujemy kontrolne USG.<\/p>\n<p>[\/et_pb_text][\/et_pb_column_inner][\/et_pb_row_inner][\/et_pb_column][\/et_pb_section][et_pb_section fb_built=&#8221;1&#8243; admin_label=&#8221;Po\u0142o\u017cnictwo og\u00f3lnie&#8221; _builder_version=&#8221;4.3.4&#8243; background_color=&#8221;#f1f5f7&#8243;][et_pb_row column_structure=&#8221;3_5,2_5&#8243; _builder_version=&#8221;4.3.4&#8243; background_color=&#8221;rgba(0,0,0,0)&#8221; module_alignment=&#8221;center&#8221; border_radii=&#8221;on|10px|10px|10px|10px&#8221; collapsed=&#8221;off&#8221;][et_pb_column type=&#8221;3_5&#8243; _builder_version=&#8221;3.25&#8243; custom_padding=&#8221;|||&#8221; custom_padding__hover=&#8221;|||&#8221;][et_pb_text _builder_version=&#8221;4.3.4&#8243; header_3_text_align=&#8221;left&#8221; text_orientation=&#8221;justified&#8221; custom_padding=&#8221;5px|5px|5px|5px|true|true&#8221;]<\/p>\n<h3><strong>Po\u0142o\u017cnictwo<\/strong><\/h3>\n<p>Pracujemy na najlepszej jako\u015bci, regularnie serwisowanym, sprz\u0119cie do diagnostyki obrazowej. W naszych gabinetach wykonywane jest USG po\u0142o\u017cnicze 2\/3\/4D. Badania przeprowadzane s\u0105 w ciep\u0142ych, d\u017awi\u0119koszczelnych gabinetach. Ka\u017cda Pacjentka mo\u017ce skorzysta\u0107 z kabiny higieny intymnej, ma zapewnione jednorazowe kapcie oraz sp\u00f3dniczk\u0119. Dok\u0142adamy wszelkich stara\u0144 aby wizyta w naszych gabinetach komfortowa a Pacjentka czu\u0142a si\u0119 pewnie i swobodnie- co potwierdza nadany nam Certyfikat Bezpieczny Gabinet.<\/p>\n<p>Na co dzie\u0144 wsp\u00f3\u0142pracujemy z wybitnymi specjalistami (m.in. w dziedzinie bada\u0144 prenatalnych), z kt\u00f3rymi konsultujemy nag\u0142e i skomplikowane przypadki, daj\u0105c Pacjentce poczucie bezpiecze\u0144stwa. Cz\u0119\u015b\u0107 bada\u0144 dodatkowych wykonywana jest poza naszym Gabinetami przy wsp\u00f3\u0142pracy z najlepszymi specjalistami.<\/p>\n<p>[\/et_pb_text][\/et_pb_column][et_pb_column type=&#8221;2_5&#8243; _builder_version=&#8221;3.25&#8243; custom_padding=&#8221;|||&#8221; custom_padding__hover=&#8221;|||&#8221;][et_pb_text _builder_version=&#8221;4.3.4&#8243; header_3_text_align=&#8221;left&#8221; custom_margin=&#8221;||||false|false&#8221;]<\/p>\n<h3><strong>Czytaj o:<\/strong><\/h3>\n<ul>\n<li><a href=\"#togglepoloznictwo1\"><strong>USG dopochwowe (transwaginalne)<\/strong><\/a><\/li>\n<li><a href=\"#togglepoloznictwo2\"><strong>USG p\u0142odu przez pow\u0142oki brzuszne<\/strong><\/a><\/li>\n<li><a href=\"#togglepoloznictwo3\"><strong>USG 2D<\/strong><\/a><\/li>\n<li><a href=\"#togglepoloznictwo4\"><strong>USG 3D<\/strong><\/a><\/li>\n<li><a href=\"#togglepoloznictwo5\"><strong>USG 4D<\/strong><\/a><\/li>\n<li><a href=\"#togglepoloznictwo6\"><strong>Badania prenatalne<\/strong><\/a><\/li>\n<li><a href=\"#togglepoloznictwo7\"><strong>Szko\u0142a rodzenia<\/strong><\/a><\/li>\n<\/ul>\n<p>[\/et_pb_text][\/et_pb_column][\/et_pb_row][\/et_pb_section][et_pb_section fb_built=&#8221;1&#8243; admin_label=&#8221;USG&#8221; _builder_version=&#8221;4.3.4&#8243;][et_pb_row column_structure=&#8221;1_2,1_2&#8243; _builder_version=&#8221;4.3.4&#8243;][et_pb_column type=&#8221;1_2&#8243; _builder_version=&#8221;4.3.4&#8243;][et_pb_text admin_label=&#8221;USG dopochwowe (transwaginalne)&#8221; module_id=&#8221;togglepoloznictwo1&#8243; _builder_version=&#8221;4.3.4&#8243; header_3_text_align=&#8221;left&#8221; text_orientation=&#8221;justified&#8221; custom_padding=&#8221;5px|5px|5px|5px|true|true&#8221;]<\/p>\n<h3><strong>USG dopochwowe (transwaginalne)<\/strong><\/h3>\n<p>We wczesnej ci\u0105\u017cy jest podstawowym badaniem na jej potwierdzenie. Pozwala na uwidocznienie zarodka ju\u017c w 4 tygodniu ci\u0105\u017cy, akcji serca zarodka od 6 tygodnia ci\u0105\u017cy. W ci\u0105\u017cy USG dopochwowe wykonywane jest do 14 tygodnia.<\/p>\n<p>Za pomoc\u0105 tego badania oceni\u0107 mo\u017cna d\u0142ugo\u015b\u0107 szyjki macicy, budow\u0119 trzonu macicy oraz struktur\u0119 jajnik\u00f3w.<\/p>\n<p>[\/et_pb_text][\/et_pb_column][et_pb_column type=&#8221;1_2&#8243; _builder_version=&#8221;4.3.4&#8243;][et_pb_text admin_label=&#8221;USG p\u0142odu przez pow\u0142oki brzuszne.&#8221; module_id=&#8221;togglepoloznictwo2&#8243; _builder_version=&#8221;4.3.4&#8243; header_3_text_align=&#8221;left&#8221; text_orientation=&#8221;justified&#8221; custom_padding=&#8221;5px|5px|5px|5px|true|true&#8221;]<\/p>\n<h3><strong>USG p\u0142odu przez pow\u0142oki brzuszne<\/strong><\/h3>\n<p>Wykonuje si\u0119 u kobiet w ci\u0105\u017cy w celu oceny p\u0142odu w 11 \u2013 14 tygodniu ci\u0105\u017cy (USG genetyczne), po 20 tygodniu ci\u0105\u017cy (USG prenatalne) oraz po 30 tygodniu ci\u0105\u017cy. USG wykonywane jest w pozycji le\u017c\u0105cej. Lekarz pokrywa sk\u00f3r\u0119 pacjentki \u017celem, nast\u0119pnie przesuwa g\u0142owic\u0119 aparatu nad macic\u0105. Obraz uwidaczniaj\u0105cy poszczeg\u00f3lne cz\u0119\u015bci cia\u0142a p\u0142odu oraz narz\u0105dy widoczny jest na monitorze i rejestrowany na papierze.<\/p>\n<p><strong>Badanie to trwa oko\u0142o 20 \u2013 30 minut.<\/strong><\/p>\n<p>[\/et_pb_text][\/et_pb_column][\/et_pb_row][et_pb_row column_structure=&#8221;1_2,1_2&#8243; _builder_version=&#8221;4.3.4&#8243;][et_pb_column type=&#8221;1_2&#8243; _builder_version=&#8221;4.3.4&#8243;][et_pb_text admin_label=&#8221;USG 2D&#8221; module_id=&#8221;togglepoloznictwo3&#8243; _builder_version=&#8221;4.3.4&#8243; header_3_text_align=&#8221;left&#8221; text_orientation=&#8221;justified&#8221; custom_padding=&#8221;5px|5px|5px|5px|true|true&#8221;]<\/p>\n<h3><strong>USG 2D<\/strong><\/h3>\n<p>Podstawowa cz\u0119\u015b\u0107 badania USG ci\u0105\u017cy to prezentacja obrazu dwuwymiarowego 2D, gdzie mamy szans\u0119 obserwacji przekroju wn\u0119trza macicy i og\u00f3lnego zarysu cia\u0142a p\u0142odu z obrazem rozwijaj\u0105cych si\u0119 narz\u0105d\u00f3w wewn\u0119trznych. Dzi\u0119ki temu mo\u017cna dokona\u0107 oceny wielko\u015bci i kszta\u0142tu r\u00f3\u017cnych cz\u0119\u015bci cia\u0142a p\u0142odu (przede wszystkim narz\u0105d\u00f3w wewn\u0119trznych, czyli serca, nerek, m\u00f3zgu, \u017co\u0142\u0105dka, p\u0119cherza moczowego), jego budowy, a tak\u017ce \u0142o\u017cyska i ilo\u015bci w\u00f3d p\u0142odowych. Co wa\u017cne, w tym badaniu otrzymujemy jedynie p\u0142askie przekroje cia\u0142a p\u0142odu, co stanowi podstawow\u0105 r\u00f3\u017cnic\u0119 mi\u0119dzy nim, a badaniem 3D i 4D.<\/p>\n<p>Za pomoc\u0105 aparatu USG mo\u017cemy wykona\u0107 badanie dopplerowskie, kt\u00f3re umo\u017cliwia ocen\u0119 przep\u0142ywu krwi przez naczynia p\u0142odu i matki dzi\u0119ki ultrasonografii kolorowej, co pozwala na uzyskanie wiedzy odno\u015bnie funkcji serca i innych narz\u0105d\u00f3w.<\/p>\n<p>[\/et_pb_text][\/et_pb_column][et_pb_column type=&#8221;1_2&#8243; _builder_version=&#8221;4.3.4&#8243;][et_pb_text admin_label=&#8221;USG 3D&#8221; module_id=&#8221;togglepoloznictwo4&#8243; _builder_version=&#8221;4.3.4&#8243; header_3_text_align=&#8221;left&#8221; text_orientation=&#8221;justified&#8221; custom_padding=&#8221;5px|5px|5px|5px|true|true&#8221;]<\/p>\n<h3><strong>USG 3D<\/strong><\/h3>\n<p>Aparaty te umo\u017cliwiaj\u0105 tr\u00f3jwymiarow\u0105 rekonstrukcj\u0119 obrazu p\u0142odu (3D) i wn\u0119trza macicy. W wyniku analizy widoku 3D otrzymuje si\u0119 precyzyjny i wyra\u017any obraz dziecka, kt\u00f3ry jest \u0142atwy do odczytania dla ka\u017cdego. Tymczasem na obrazie 2D bardzo cz\u0119sto jedynie lekarz jest w stanie rozr\u00f3\u017cni\u0107 poszczeg\u00f3lne cz\u0119\u015bci cia\u0142a p\u0142odu. Obraz ten daje te\u017c niedost\u0119pne w prostszych badaniach przekroje anatomiczne, pomocne w bardziej szczeg\u00f3\u0142owych analizach.<\/p>\n<p>[\/et_pb_text][\/et_pb_column][\/et_pb_row][et_pb_row column_structure=&#8221;1_2,1_2&#8243; _builder_version=&#8221;4.3.4&#8243;][et_pb_column type=&#8221;1_2&#8243; _builder_version=&#8221;4.3.4&#8243;][et_pb_text admin_label=&#8221;USG 4D&#8221; module_id=&#8221;togglepoloznictwo5&#8243; _builder_version=&#8221;4.3.4&#8243; header_3_text_align=&#8221;left&#8221; text_orientation=&#8221;justified&#8221; custom_padding=&#8221;5px|5px|5px|5px|true|true&#8221;]<\/p>\n<h3><strong>USG 4D<\/strong><\/h3>\n<p>To obrazowanie tr\u00f3jwymiarowe w czasie rzeczywistym, pozwalaj\u0105ce na obserwacj\u0119 ruch\u00f3w p\u0142odu, pracy serca. Umo\u017cliwia ono na bardziej dog\u0142\u0119bne obserwacje dziecka \u2013 na przyk\u0142ad stwierdzanie kolejno\u015bci pojawiania si\u0119 poszczeg\u00f3lnych umiej\u0119tno\u015bci ruchowych p\u0142odu.<\/p>\n<p>Badanie 4D jest bardziej czytelne dla rodzic\u00f3w ni\u017c dwuwymiarowe przekroje, jednak dopiero USG 4D oznacza zarejestrowanie obrazu tr\u00f3jwymiarowego w ruchu. Badanie dwuwymiarowe to p\u0142aski przekr\u00f3j, 3D to statyczny obraz w trzech wymiarach, podczas gdy badanie 4D to ruchomy obraz tr\u00f3jwymiarowy. Technologia ta pozwala na precyzyjn\u0105 ocen\u0119 m\u00f3zgowia, kr\u0119gos\u0142upa, serca, nerek i pozosta\u0142ych organ\u00f3w.<\/p>\n<p>[\/et_pb_text][\/et_pb_column][et_pb_column type=&#8221;1_2&#8243; _builder_version=&#8221;4.3.4&#8243;][et_pb_image src=&#8221;https:\/\/twojdoktor.eu\/wp-content\/uploads\/2020\/02\/84231358_s.jpg&#8221; module_id=&#8221;toggle2&#8243; _builder_version=&#8221;4.3.4&#8243; custom_margin=&#8221;-75px||||false|false&#8221; border_radii=&#8221;on|10px|10px|10px|10px&#8221;][\/et_pb_image][\/et_pb_column][\/et_pb_row][\/et_pb_section][et_pb_section fb_built=&#8221;1&#8243; _builder_version=&#8221;4.3.4&#8243; background_color=&#8221;#f1f5f7&#8243;][et_pb_row column_structure=&#8221;1_2,1_2&#8243; _builder_version=&#8221;4.3.4&#8243; background_color=&#8221;rgba(0,0,0,0)&#8221; module_alignment=&#8221;center&#8221; border_radii=&#8221;on|10px|10px|10px|10px&#8221;][et_pb_column type=&#8221;1_2&#8243; _builder_version=&#8221;3.25&#8243; custom_padding=&#8221;|||&#8221; custom_padding__hover=&#8221;|||&#8221;][et_pb_image src=&#8221;https:\/\/twojdoktor.eu\/wp-content\/uploads\/2020\/02\/84489362_s.jpg&#8221; module_id=&#8221;toggle2&#8243; _builder_version=&#8221;4.3.4&#8243; border_radii=&#8221;on|10px|10px|10px|10px&#8221;][\/et_pb_image][\/et_pb_column][et_pb_column type=&#8221;1_2&#8243; _builder_version=&#8221;3.25&#8243; custom_padding=&#8221;|||&#8221; custom_padding__hover=&#8221;|||&#8221;][et_pb_text admin_label=&#8221;Badania prenatalne&#8221; module_id=&#8221;togglepoloznictwo6&#8243; _builder_version=&#8221;4.3.4&#8243; header_3_text_align=&#8221;left&#8221; text_orientation=&#8221;justified&#8221; custom_padding=&#8221;5px|5px|5px|5px|true|true&#8221;]<\/p>\n<h3><strong>Badania prenatalne<\/strong><\/h3>\n<p>Badania prenatalne maj\u0105 na celu wykrywanie chor\u00f3b genetycznych, wad rozwojowych i kardiologicznych u p\u0142odu ju\u017c na wczesnym etapie ci\u0105\u017cy. Umo\u017cliwiaj\u0105 one szybk\u0105 reakcj\u0119, ustalenie planu leczenia w trakcie ci\u0105\u017cy lub po porodzie oraz pomagaj\u0105 przysz\u0142ym rodzicom oswoi\u0107 si\u0119 z ewentualnymi nast\u0119pstwami zdiagnozowanej choroby.<\/p>\n<p>Ka\u017cda kobieta spodziewaj\u0105ca si\u0119 dziecka mo\u017ce wykona\u0107 badania prenatalne. Istnieje jednak grupa kobiet, kt\u00f3ra powinna wykona\u0107 je obowi\u0105zkowo. Wskazaniem do wykonania obligatoryjnie bada\u0144 prenatalnych s\u0105: wiek powy\u017cej 35 roku \u017cycia, obci\u0105\u017cenie w wywiadzie chorob\u0105 genetyczn\u0105 lub metaboliczn\u0105 (u dziecka lub w rodzinie).Ta grupa kobiet obj\u0119ta jest\u00a0 bezp\u0142atnym programem bada\u0144 prenatalnych refundowanym przez NFZ.<\/p>\n<p>[\/et_pb_text][et_pb_button button_url=&#8221;https:\/\/twojdoktor.eu\/index.php\/badania-prenatalne\/&#8221; button_text=&#8221;Dowiedz si\u0119 wi\u0119cej o badaniach prenatalnych&#8221; _builder_version=&#8221;4.3.4&#8243; custom_button=&#8221;on&#8221; button_border_radius=&#8221;10px&#8221;][\/et_pb_button][\/et_pb_column][\/et_pb_row][\/et_pb_section][et_pb_section fb_built=&#8221;1&#8243; admin_label=&#8221;Szko\u0142a rodzenia&#8221; _builder_version=&#8221;4.3.4&#8243;][et_pb_row column_structure=&#8221;1_2,1_2&#8243; _builder_version=&#8221;4.3.4&#8243; border_color_all=&#8221;#b7b7b7&#8243;][et_pb_column type=&#8221;1_2&#8243; _builder_version=&#8221;4.3.4&#8243;][et_pb_text admin_label=&#8221;Szko\u0142a rodzenia&#8221; module_id=&#8221;togglepoloznictwo7&#8243; _builder_version=&#8221;4.3.4&#8243; header_3_text_align=&#8221;left&#8221; text_orientation=&#8221;justified&#8221; custom_padding=&#8221;5px|5px|5px|5px|true|true&#8221; border_radii=&#8221;on|10px|10px|10px|10px&#8221; border_color_all=&#8221;#8300e9&#8243;]<\/p>\n<h3><strong>Szko\u0142a rodzenia<\/strong><\/h3>\n<p>Istotnym elementem w trakcie ci\u0105\u017cy jest przygotowanie si\u0119 do porodu oraz opieki nad maluszkiem. Wszystkie pary spodziewaj\u0105ce si\u0119 potomstwa serdecznie zach\u0119camy do udzia\u0142u w Szko\u0142ach rodzenia. Podczas spotka\u0144 zapewniane jest profesjonalne przygotowanie do porodu, omawiane s\u0105 fazy porodu, metody \u0142agodzenia b\u00f3lu a tak\u017ce przygotowanie do po\u0142ogu. Zaj\u0119cia praktyczne obejmuj\u0105 opiek\u0119 nad noworodkiem, karmienie piersi\u0105, k\u0105piel noworodka i wiele innych. Wi\u0119kszo\u015b\u0107 Szk\u00f3\u0142 rodzenia ma w ofercie porady certyfikowanego doradcy laktacyjnego, zapisy KTG oraz wizyty patrona\u017cowe po\u0142o\u017cnej &#8211; \u015brodowiskowej.<\/p>\n<p>[\/et_pb_text][\/et_pb_column][et_pb_column type=&#8221;1_2&#8243; _builder_version=&#8221;4.3.4&#8243;][et_pb_image src=&#8221;https:\/\/twojdoktor.eu\/wp-content\/uploads\/2020\/03\/83867497_s.jpg&#8221; _builder_version=&#8221;4.3.4&#8243; border_radii=&#8221;on|10px|10px|10px|10px&#8221;][\/et_pb_image][\/et_pb_column][\/et_pb_row][\/et_pb_section][et_pb_section fb_built=&#8221;1&#8243; admin_label=&#8221;Footer&#8221; _builder_version=&#8221;3.22&#8243; background_color=&#8221;rgba(129,21,211,0.73)&#8221; custom_padding=&#8221;120px||120px||false|false&#8221; top_divider_height=&#8221;660px&#8221; top_divider_flip=&#8221;horizontal&#8221; bottom_divider_style=&#8221;clouds2&#8243; bottom_divider_color=&#8221;rgba(255,255,255,0.08)&#8221; bottom_divider_height=&#8221;600px&#8221; bottom_divider_flip=&#8221;vertical&#8221; locked=&#8221;off&#8221; collapsed=&#8221;off&#8221;][et_pb_row _builder_version=&#8221;3.25&#8243;][et_pb_column type=&#8221;4_4&#8243; _builder_version=&#8221;3.25&#8243; custom_padding=&#8221;|||&#8221; custom_padding__hover=&#8221;|||&#8221;][et_pb_image src=&#8221;https:\/\/twojdoktor.eu\/wp-content\/uploads\/2019\/03\/061-medical-care.png&#8221; align=&#8221;center&#8221; align_tablet=&#8221;center&#8221; align_phone=&#8221;&#8221; align_last_edited=&#8221;on|desktop&#8221; _builder_version=&#8221;3.23&#8243; max_width=&#8221;10%&#8221; locked=&#8221;off&#8221;][\/et_pb_image][et_pb_text _builder_version=&#8221;3.27.4&#8243; text_font=&#8221;Montserrat||||||||&#8221; header_font=&#8221;||||||||&#8221; header_2_font=&#8221;Montserrat|300|||||||&#8221; header_2_text_align=&#8221;center&#8221; header_2_font_size=&#8221;50px&#8221; header_2_line_height=&#8221;1.4em&#8221; text_orientation=&#8221;center&#8221; background_layout=&#8221;dark&#8221; header_2_font_size_tablet=&#8221;&#8221; header_2_font_size_phone=&#8221;30px&#8221; header_2_font_size_last_edited=&#8221;on|phone&#8221; header_2_line_height_tablet=&#8221;1.4em&#8221; header_2_line_height_phone=&#8221;&#8221; header_2_line_height_last_edited=&#8221;on|desktop&#8221;]<\/p>\n<h2>Troska o Wasze zdrowie jest naszym powo\u0142aniem.<\/h2>\n<p>[\/et_pb_text][\/et_pb_column][\/et_pb_row][et_pb_row column_structure=&#8221;1_3,1_3,1_3&#8243; _builder_version=&#8221;3.25&#8243;][et_pb_column type=&#8221;1_3&#8243; _builder_version=&#8221;3.25&#8243; custom_padding=&#8221;|||&#8221; custom_padding__hover=&#8221;|||&#8221;][et_pb_blurb title=&#8221;+48 607 811 991 <br \/> +48 887 811 991&#8243; use_icon=&#8221;on&#8221; font_icon=&#8221;%%264%%&#8221; use_circle=&#8221;on&#8221; circle_color=&#8221;#ffffff&#8221; icon_placement=&#8221;left&#8221; use_icon_font_size=&#8221;on&#8221; icon_font_size=&#8221;16px&#8221; _builder_version=&#8221;4.3.4&#8243; header_font=&#8221;Montserrat||||||||&#8221; header_text_color=&#8221;#ffffff&#8221; header_font_size=&#8221;20px&#8221; header_line_height=&#8221;1.7em&#8221; hover_enabled=&#8221;0&#8243;][\/et_pb_blurb][\/et_pb_column][et_pb_column type=&#8221;1_3&#8243; _builder_version=&#8221;3.25&#8243; custom_padding=&#8221;|||&#8221; custom_padding__hover=&#8221;|||&#8221;][et_pb_blurb title=&#8221;<a href=mailto:gabinety@twojdoktor.eu>gabinety@twojdoktor.eu<a>&#8221; use_icon=&#8221;on&#8221; font_icon=&#8221;%%238%%&#8221; use_circle=&#8221;on&#8221; circle_color=&#8221;#ffffff&#8221; icon_placement=&#8221;left&#8221; use_icon_font_size=&#8221;on&#8221; icon_font_size=&#8221;16px&#8221; _builder_version=&#8221;3.18.7&#8243; header_font=&#8221;Montserrat||||||||&#8221; header_text_color=&#8221;#ffffff&#8221; header_font_size=&#8221;20px&#8221; header_line_height=&#8221;1.7em&#8221; locked=&#8221;off&#8221;][\/et_pb_blurb][\/et_pb_column][et_pb_column type=&#8221;1_3&#8243; _builder_version=&#8221;3.25&#8243; custom_padding=&#8221;|||&#8221; custom_padding__hover=&#8221;|||&#8221;][et_pb_blurb title=&#8221;ul. Oliwkowa 35, <br \/>80-175 Gda\u0144sk&#8221; use_icon=&#8221;on&#8221; font_icon=&#8221;%%249%%&#8221; use_circle=&#8221;on&#8221; circle_color=&#8221;#ffffff&#8221; icon_placement=&#8221;left&#8221; use_icon_font_size=&#8221;on&#8221; icon_font_size=&#8221;16px&#8221; _builder_version=&#8221;3.18.7&#8243; header_font=&#8221;Montserrat||||||||&#8221; header_text_color=&#8221;#ffffff&#8221; header_font_size=&#8221;20px&#8221; header_line_height=&#8221;1.7em&#8221; locked=&#8221;off&#8221;][\/et_pb_blurb][\/et_pb_column][\/et_pb_row][\/et_pb_section]<\/p>\n","protected":false},"excerpt":{"rendered":"<p>[et_pb_section fb_built=&#8221;1&#8243; use_custom_gutter=&#8221;on&#8221; specialty=&#8221;on&#8221; padding_top_2=&#8221;20px&#8221; padding_right_2=&#8221;5%&#8221; padding_2_tablet=&#8221;0px|10%||10%||true&#8221; padding_2_phone=&#8221;&#8221; padding_2_last_edited=&#8221;on|tablet&#8221; admin_label=&#8221;Po\u0142o\u017cnictwo&#8221; _builder_version=&#8221;3.22&#8243; inner_width=&#8221;100%&#8221; inner_max_width=&#8221;100%&#8221; custom_padding=&#8221;0|0px|54px|0px|false|false&#8221; use_custom_width=&#8221;on&#8221; width_unit=&#8221;off&#8221; custom_width_percent=&#8221;100%&#8221; locked=&#8221;off&#8221; collapsed=&#8221;off&#8221;][et_pb_column type=&#8221;1_3&#8243; _builder_version=&#8221;3.25&#8243; custom_padding=&#8221;|||&#8221; parallax__hover=&#8221;off&#8221; parallax_method__hover=&#8221;on&#8221; custom_padding__hover=&#8221;|||&#8221;][et_pb_image src=&#8221;https:\/\/twojdoktor.eu\/wp-content\/uploads\/2020\/02\/88747335_s.jpg&#8221; force_fullwidth=&#8221;on&#8221; align_tablet=&#8221;center&#8221; align_phone=&#8221;&#8221; align_last_edited=&#8221;on|desktop&#8221; module_id=&#8221;toggledoctors&#8221; _builder_version=&#8221;4.3.4&#8243; custom_margin=&#8221;|||&#8221; custom_padding=&#8221;|||&#8221; animation_style=&#8221;slide&#8221; animation_direction=&#8221;right&#8221; animation_intensity_slide=&#8221;5%&#8221; border_radii=&#8221;||30px|15vw|&#8221; border_color_all=&#8221;rgba(129,21,211,0.73)&#8221; border_width_bottom=&#8221;2vw&#8221; box_shadow_style=&#8221;preset3&#8243; box_shadow_vertical=&#8221;30px&#8221; box_shadow_blur=&#8221;80px&#8221; box_shadow_spread=&#8221;-30px&#8221; box_shadow_color=&#8221;rgba(102,141,186,0.7)&#8221; locked=&#8221;off&#8221;][\/et_pb_image][\/et_pb_column][et_pb_column type=&#8221;2_3&#8243; specialty_columns=&#8221;2&#8243; _builder_version=&#8221;3.25&#8243; custom_padding=&#8221;|||&#8221; padding_tablet__hover=&#8221;0px|10%||10%||true&#8221; padding_last_edited__hover=&#8221;on|tablet&#8221; padding_right__hover=&#8221;5%&#8221; padding_top__hover=&#8221;20px&#8221; parallax__hover=&#8221;off&#8221; [&hellip;]<\/p>\n","protected":false},"author":1,"featured_media":0,"parent":0,"menu_order":0,"comment_status":"closed","ping_status":"closed","template":"","meta":{"_et_pb_use_builder":"on","_et_pb_old_content":"","_et_gb_content_width":"","footnotes":""},"class_list":["post-1825","page","type-page","status-publish","hentry"],"_links":{"self":[{"href":"https:\/\/twojdoktor.eu\/index.php\/wp-json\/wp\/v2\/pages\/1825"}],"collection":[{"href":"https:\/\/twojdoktor.eu\/index.php\/wp-json\/wp\/v2\/pages"}],"about":[{"href":"https:\/\/twojdoktor.eu\/index.php\/wp-json\/wp\/v2\/types\/page"}],"author":[{"embeddable":true,"href":"https:\/\/twojdoktor.eu\/index.php\/wp-json\/wp\/v2\/users\/1"}],"replies":[{"embeddable":true,"href":"https:\/\/twojdoktor.eu\/index.php\/wp-json\/wp\/v2\/comments?post=1825"}],"version-history":[{"count":39,"href":"https:\/\/twojdoktor.eu\/index.php\/wp-json\/wp\/v2\/pages\/1825\/revisions"}],"predecessor-version":[{"id":2955,"href":"https:\/\/twojdoktor.eu\/index.php\/wp-json\/wp\/v2\/pages\/1825\/revisions\/2955"}],"wp:attachment":[{"href":"https:\/\/twojdoktor.eu\/index.php\/wp-json\/wp\/v2\/media?parent=1825"}],"curies":[{"name":"wp","href":"https:\/\/api.w.org\/{rel}","templated":true}]}}