{"id":3616,"date":"2021-02-24T19:34:49","date_gmt":"2021-02-24T18:34:49","guid":{"rendered":"https:\/\/twojdoktor.eu\/index.php\/pregnancy-massage\/"},"modified":"2021-04-01T21:50:24","modified_gmt":"2021-04-01T19:50:24","slug":"pregnancy-massage","status":"publish","type":"page","link":"https:\/\/twojdoktor.eu\/en\/index.php\/pregnancy-massage\/","title":{"rendered":"Pregnancy massage"},"content":{"rendered":"<p>[et_pb_section fb_built=&#8221;1&#8243; use_custom_gutter=&#8221;on&#8221; specialty=&#8221;on&#8221; padding_top_2=&#8221;20px&#8221; padding_right_2=&#8221;5%&#8221; padding_2_tablet=&#8221;0px|10%||10%||true&#8221; padding_2_phone=&#8221;&#8221; padding_2_last_edited=&#8221;on|tablet&#8221; admin_label=&#8221;Masa\u017c ci\u0105\u017cowy&#8221; _builder_version=&#8221;3.22&#8243; inner_width=&#8221;100%&#8221; inner_max_width=&#8221;100%&#8221; custom_padding=&#8221;0|0px|54px|0px|false|false&#8221; use_custom_width=&#8221;on&#8221; width_unit=&#8221;off&#8221; custom_width_percent=&#8221;100%&#8221; locked=&#8221;off&#8221; collapsed=&#8221;off&#8221;][et_pb_column type=&#8221;1_3&#8243; _builder_version=&#8221;3.25&#8243; custom_padding=&#8221;|||&#8221; parallax__hover=&#8221;off&#8221; parallax_method__hover=&#8221;on&#8221; custom_padding__hover=&#8221;|||&#8221;][et_pb_image src=&#8221;https:\/\/twojdoktor.eu\/wp-content\/uploads\/2019\/12\/87552407_s.jpg&#8221; force_fullwidth=&#8221;on&#8221; align_tablet=&#8221;center&#8221; align_phone=&#8221;&#8221; align_last_edited=&#8221;on|desktop&#8221; module_id=&#8221;toggledoctors&#8221; _builder_version=&#8221;4.3.4&#8243; custom_margin=&#8221;|||&#8221; custom_padding=&#8221;|||&#8221; animation_style=&#8221;slide&#8221; animation_direction=&#8221;right&#8221; animation_intensity_slide=&#8221;5%&#8221; border_radii=&#8221;||30px|15vw|&#8221; border_color_all=&#8221;rgba(129,21,211,0.73)&#8221; border_width_bottom=&#8221;2vw&#8221; box_shadow_style=&#8221;preset3&#8243; box_shadow_vertical=&#8221;30px&#8221; box_shadow_blur=&#8221;80px&#8221; box_shadow_spread=&#8221;-30px&#8221; box_shadow_color=&#8221;rgba(102,141,186,0.7)&#8221; locked=&#8221;off&#8221;][\/et_pb_image][\/et_pb_column][et_pb_column type=&#8221;2_3&#8243; specialty_columns=&#8221;2&#8243; _builder_version=&#8221;3.25&#8243; custom_padding=&#8221;|||&#8221; padding_tablet__hover=&#8221;0px|10%||10%||true&#8221; padding_last_edited__hover=&#8221;on|tablet&#8221; padding_right__hover=&#8221;5%&#8221; padding_top__hover=&#8221;20px&#8221; parallax__hover=&#8221;off&#8221; parallax_method__hover=&#8221;on&#8221; padding_tablet=&#8221;0px|10%||10%||true&#8221; padding_last_edited=&#8221;on|tablet&#8221; custom_padding__hover=&#8221;|||&#8221;][et_pb_row_inner _builder_version=&#8221;3.25&#8243; custom_padding=&#8221;42.6094px|0px|0|0px|false|false&#8221;][et_pb_column_inner saved_specialty_column_type=&#8221;2_3&#8243; _builder_version=&#8221;3.25&#8243; custom_padding=&#8221;|||&#8221; parallax__hover=&#8221;off&#8221; parallax_method__hover=&#8221;on&#8221; custom_padding__hover=&#8221;|||&#8221;][et_pb_image src=&#8221;https:\/\/twojdoktor.eu\/wp-content\/uploads\/2019\/03\/052-doctor-1.png&#8221; align=&#8221;center&#8221; align_tablet=&#8221;center&#8221; align_phone=&#8221;&#8221; align_last_edited=&#8221;on|desktop&#8221; _builder_version=&#8221;3.23&#8243; max_width=&#8221;10%&#8221;][\/et_pb_image][et_pb_text _builder_version=&#8221;4.3.4&#8243; text_font=&#8221;Montserrat|300|||||||&#8221; text_font_size=&#8221;16px&#8221; text_line_height=&#8221;1.8em&#8221; header_text_align=&#8221;center&#8221; header_3_text_align=&#8221;center&#8221; text_orientation=&#8221;center&#8221; max_width=&#8221;800px&#8221; module_alignment=&#8221;center&#8221; custom_margin=&#8221;|||&#8221; custom_margin_tablet=&#8221;0px|50px||50px&#8221; custom_margin_last_edited=&#8221;off|desktop&#8221; custom_padding=&#8221;|||&#8221; locked=&#8221;off&#8221;]<\/p>\n<h3><strong>Pregnancy massage<\/strong><\/h3>\n<p>[\/et_pb_text][et_pb_text _builder_version=&#8221;4.3.4&#8243; header_3_text_align=&#8221;left&#8221; text_orientation=&#8221;center&#8221; max_width=&#8221;700px&#8221; module_alignment=&#8221;center&#8221; custom_margin=&#8221;|||&#8221; custom_margin_tablet=&#8221;0px|50px||50px&#8221; custom_margin_last_edited=&#8221;off|desktop&#8221; custom_padding=&#8221;|||&#8221; locked=&#8221;off&#8221;]Pregnancy is a stage of enormous physical and emotional changes for a woman, so it is worth taking time to take care of yourself and your body during this period. Massage in the prenatal period is a soothing and beneficial therapy, positively influencing the well-being of a woman.<\/p>\n<p>\u200b<br \/>\n[\/et_pb_text][\/et_pb_column_inner][\/et_pb_row_inner][\/et_pb_column][\/et_pb_section][et_pb_section fb_built=&#8221;1&#8243; admin_label=&#8221;Zalety masa\u017cu ci\u0105\u017cowego:&#8221; _builder_version=&#8221;4.3.4&#8243; background_color=&#8221;#f1f5f7&#8243;][et_pb_row column_structure=&#8221;3_5,2_5&#8243; _builder_version=&#8221;4.3.4&#8243; background_color=&#8221;rgba(0,0,0,0)&#8221; module_alignment=&#8221;center&#8221; border_radii=&#8221;on|10px|10px|10px|10px&#8221; collapsed=&#8221;off&#8221;][et_pb_column type=&#8221;3_5&#8243; _builder_version=&#8221;3.25&#8243; custom_padding=&#8221;|||&#8221; custom_padding__hover=&#8221;|||&#8221;][et_pb_text admin_label=&#8221;Zalety masa\u017cu ci\u0105\u017cowego:&#8221; module_id=&#8221;togglemasaz1&#8243; _builder_version=&#8221;4.3.4&#8243; header_3_text_align=&#8221;left&#8221; text_orientation=&#8221;justified&#8221; custom_padding=&#8221;5px|5px|5px|5px|true|true&#8221;]<\/p>\n<h3><strong>Advantages of pregnancy massage<\/strong><\/h3>\n<ul>\n<li>reduces pain and swelling,<\/li>\n<li>reduces stress through relaxation and relaxation,<\/li>\n<li>reduces the formation of stretch marks,<\/li>\n<li>brings relief in ailments resulting from health problems, even before pregnancy,<\/li>\n<li>improves the mental and physical condition of a woman, and thus affects the child&#8217;s well-being,<\/li>\n<li>before and after the procedure, fetal heart rate and blood pressure are monitored,<\/li>\n<li>massage performed with the use of special, mild and neutral oils.<\/li>\n<\/ul>\n<p>In many cases, massage is an excellent alternative to pharmacotherapy, which has a very limited field of action during pregnancy.<br \/>With the mother&#8217;s consent, it is possible to gently massage the tummy &#8211; and thus also the baby who gets used to the benefits of human touch.<\/p>\n<p>[\/et_pb_text][\/et_pb_column][et_pb_column type=&#8221;2_5&#8243; _builder_version=&#8221;3.25&#8243; custom_padding=&#8221;|||&#8221; custom_padding__hover=&#8221;|||&#8221;][et_pb_text admin_label=&#8221;Menu&#8221; _builder_version=&#8221;4.3.4&#8243; header_3_text_align=&#8221;left&#8221;]<\/p>\n<h3><strong>Read about:<\/strong><\/h3>\n<ul>\n<li><a href=\"#togglemasaz1\"><strong>Advantages of pregnancy massage<\/strong><\/a><\/li>\n<li><a href=\"#togglemasaz2\"><strong>When can you get a massage?<\/strong><\/a><\/li>\n<li><a href=\"#togglemasaz3\"><strong>Massage contraindications<\/strong><\/a><\/li>\n<li><a href=\"#togglemasaz4\"><strong>Safety and comfort<\/strong><\/a><\/li>\n<\/ul>\n<p>[\/et_pb_text][\/et_pb_column][\/et_pb_row][\/et_pb_section][et_pb_section fb_built=&#8221;1&#8243; admin_label=&#8221;Kiedy mo\u017cna si\u0119 podda\u0107 masa\u017cowi?&#8221; _builder_version=&#8221;4.3.4&#8243;][et_pb_row column_structure=&#8221;1_2,1_2&#8243; _builder_version=&#8221;4.3.4&#8243; border_color_all=&#8221;#b7b7b7&#8243;][et_pb_column type=&#8221;1_2&#8243; _builder_version=&#8221;4.3.4&#8243;][et_pb_text admin_label=&#8221;Kiedy mo\u017cna si\u0119 podda\u0107 masa\u017cowi?&#8221; module_id=&#8221;togglemasaz2&#8243; _builder_version=&#8221;4.3.4&#8243; header_3_text_align=&#8221;left&#8221; text_orientation=&#8221;justified&#8221; custom_padding=&#8221;5px|5px|5px|5px|true|true&#8221; border_radii=&#8221;on|10px|10px|10px|10px&#8221; border_color_all=&#8221;#8300e9&#8243;]<\/p>\n<h3><strong>When can you get a massage?<\/strong><\/h3>\n<p>The appropriate time to start massages is the beginning of the second trimester &#8211; from the 12th week of pregnancy, and they can be safely performed up to the 36th week of pregnancy. The time and scope of treatments is flexibly adjusted to the patient&#8217;s current psychophysical condition.<br \/>The techniques of pregnancy massage are adapted to the needs of a woman at different times of pregnancy and evolve along with her rapidly changing body. These techniques are comfortable and pleasant, without the use of pressure, pressure or patting. Only special, mild and neutral oils are selected for the massage.<\/p>\n<p>[\/et_pb_text][et_pb_text admin_label=&#8221;Przeciwwskazania do masa\u017cu:&#8221; module_id=&#8221;togglemasaz3&#8243; _builder_version=&#8221;4.3.4&#8243; header_3_text_align=&#8221;left&#8221; text_orientation=&#8221;justified&#8221; custom_padding=&#8221;5px|5px|5px|5px|true|true&#8221; border_radii=&#8221;on|10px|10px|10px|10px&#8221; border_color_all=&#8221;#8300e9&#8243;]<\/p>\n<p><strong style=\"color: #333333;font-size: 22px\">Massage contraindications:<\/strong><\/p>\n<ul>\n<li>endangered pregnancy,<\/li>\n<li>multiple pregnancy,<\/li>\n<li>the occurrence of certain skin ailments.<\/li>\n<\/ul>\n<p>[\/et_pb_text][\/et_pb_column][et_pb_column type=&#8221;1_2&#8243; _builder_version=&#8221;4.3.4&#8243;][et_pb_image src=&#8221;https:\/\/twojdoktor.eu\/wp-content\/uploads\/2020\/03\/102566196_s.jpg&#8221; _builder_version=&#8221;4.3.4&#8243; border_radii=&#8221;on|10px|10px|10px|10px&#8221;][\/et_pb_image][\/et_pb_column][\/et_pb_row][\/et_pb_section][et_pb_section fb_built=&#8221;1&#8243; admin_label=&#8221;Bezpiecze\u0144stwo i komfort&#8221; _builder_version=&#8221;4.3.4&#8243; background_color=&#8221;#f1f5f7&#8243;][et_pb_row column_structure=&#8221;1_2,1_2&#8243; _builder_version=&#8221;4.3.4&#8243; background_color=&#8221;rgba(0,0,0,0)&#8221; module_alignment=&#8221;center&#8221; border_radii=&#8221;on|10px|10px|10px|10px&#8221;][et_pb_column type=&#8221;1_2&#8243; _builder_version=&#8221;3.25&#8243; custom_padding=&#8221;|||&#8221; custom_padding__hover=&#8221;|||&#8221;][et_pb_image src=&#8221;https:\/\/twojdoktor.eu\/wp-content\/uploads\/2020\/03\/97806311_s.jpg&#8221; module_id=&#8221;toggle2&#8243; _builder_version=&#8221;4.3.4&#8243; border_radii=&#8221;on|10px|10px|10px|10px&#8221;][\/et_pb_image][\/et_pb_column][et_pb_column type=&#8221;1_2&#8243; _builder_version=&#8221;3.25&#8243; custom_padding=&#8221;|||&#8221; custom_padding__hover=&#8221;|||&#8221;][et_pb_text admin_label=&#8221;Bezpiecze\u0144stwo i komfort&#8221; module_id=&#8221;togglemasaz4&#8243; _builder_version=&#8221;4.3.4&#8243; header_3_text_align=&#8221;left&#8221; text_orientation=&#8221;justified&#8221; custom_padding=&#8221;5px|5px|5px|5px|true|true&#8221;]<\/p>\n<h3><strong>Safety and comfort<\/strong><\/h3>\n<p>Before each massage, there is a medical consultation. Before and after the massage, the pregnant woman&#8217;s blood pressure and the fetal heart rate are measured. For the massage, we use fittings of the renowned HABYS company, selected for pregnancy massage, facilitating the positioning of the woman during the procedure. The fittings ensure full comfort in both lying on the side and stomach, improving the effectiveness of the massage and making it easier to perform. Fittings are made of foams with optimal elasticity and resistance to deformation.<br \/>\n[\/et_pb_text][\/et_pb_column][\/et_pb_row][\/et_pb_section][et_pb_section fb_built=&#8221;1&#8243; admin_label=&#8221;Footer&#8221; _builder_version=&#8221;3.22&#8243; background_color=&#8221;rgba(129,21,211,0.73)&#8221; custom_padding=&#8221;120px||120px||false|false&#8221; top_divider_height=&#8221;660px&#8221; top_divider_flip=&#8221;horizontal&#8221; bottom_divider_style=&#8221;clouds2&#8243; bottom_divider_color=&#8221;rgba(255,255,255,0.08)&#8221; bottom_divider_height=&#8221;600px&#8221; bottom_divider_flip=&#8221;vertical&#8221; locked=&#8221;off&#8221; collapsed=&#8221;off&#8221;][et_pb_row _builder_version=&#8221;3.25&#8243;][et_pb_column type=&#8221;4_4&#8243; _builder_version=&#8221;3.25&#8243; custom_padding=&#8221;|||&#8221; custom_padding__hover=&#8221;|||&#8221;][et_pb_image src=&#8221;https:\/\/twojdoktor.eu\/wp-content\/uploads\/2019\/03\/061-medical-care.png&#8221; align=&#8221;center&#8221; align_tablet=&#8221;center&#8221; align_phone=&#8221;&#8221; align_last_edited=&#8221;on|desktop&#8221; _builder_version=&#8221;3.23&#8243; max_width=&#8221;10%&#8221; locked=&#8221;off&#8221;][\/et_pb_image][et_pb_text _builder_version=&#8221;3.27.4&#8243; text_font=&#8221;Montserrat||||||||&#8221; header_font=&#8221;||||||||&#8221; header_2_font=&#8221;Montserrat|300|||||||&#8221; header_2_text_align=&#8221;center&#8221; header_2_font_size=&#8221;50px&#8221; header_2_line_height=&#8221;1.4em&#8221; text_orientation=&#8221;center&#8221; background_layout=&#8221;dark&#8221; header_2_font_size_tablet=&#8221;&#8221; header_2_font_size_phone=&#8221;30px&#8221; header_2_font_size_last_edited=&#8221;on|phone&#8221; header_2_line_height_tablet=&#8221;1.4em&#8221; header_2_line_height_phone=&#8221;&#8221; header_2_line_height_last_edited=&#8221;on|desktop&#8221;]<\/p>\n<h2>Taking care of your health is our calling.<\/h2>\n<p>[\/et_pb_text][\/et_pb_column][\/et_pb_row][et_pb_row column_structure=&#8221;1_3,1_3,1_3&#8243; _builder_version=&#8221;3.25&#8243;][et_pb_column type=&#8221;1_3&#8243; _builder_version=&#8221;3.25&#8243; custom_padding=&#8221;|||&#8221; custom_padding__hover=&#8221;|||&#8221;][et_pb_blurb title=&#8221;+48 607 811 991  <br \/>  +48 887 811 991&#8243; use_icon=&#8221;on&#8221; font_icon=&#8221;%%264%%&#8221; use_circle=&#8221;on&#8221; circle_color=&#8221;#ffffff&#8221; icon_placement=&#8221;left&#8221; use_icon_font_size=&#8221;on&#8221; icon_font_size=&#8221;16px&#8221; _builder_version=&#8221;4.8.1&#8243; header_font=&#8221;Montserrat||||||||&#8221; header_text_color=&#8221;#ffffff&#8221; header_font_size=&#8221;20px&#8221; header_line_height=&#8221;1.7em&#8221; hover_enabled=&#8221;0&#8243; sticky_enabled=&#8221;0&#8243;][\/et_pb_blurb][\/et_pb_column][et_pb_column type=&#8221;1_3&#8243; _builder_version=&#8221;3.25&#8243; custom_padding=&#8221;|||&#8221; custom_padding__hover=&#8221;|||&#8221;][et_pb_blurb use_icon=&#8221;on&#8221; font_icon=&#8221;%%238%%&#8221; use_circle=&#8221;on&#8221; circle_color=&#8221;#ffffff&#8221; icon_placement=&#8221;left&#8221; use_icon_font_size=&#8221;on&#8221; icon_font_size=&#8221;16px&#8221; _builder_version=&#8221;4.8.1&#8243; header_font=&#8221;Montserrat||||||||&#8221; header_text_color=&#8221;#ffffff&#8221; header_font_size=&#8221;20px&#8221; header_line_height=&#8221;1.7em&#8221; hover_enabled=&#8221;0&#8243; locked=&#8221;off&#8221; title=&#8221;<a href=mailto:gabinety@twojdoktor.eu>gabinety@twojdoktor.eu<a>&#8221; sticky_enabled=&#8221;0&#8243;][\/et_pb_blurb][\/et_pb_column][et_pb_column type=&#8221;1_3&#8243; _builder_version=&#8221;3.25&#8243; custom_padding=&#8221;|||&#8221; custom_padding__hover=&#8221;|||&#8221;][et_pb_blurb title=&#8221;ul. Oliwkowa 35,<br \/>\n80-175 Gda\u0144sk&#8221; use_icon=&#8221;on&#8221; font_icon=&#8221;%%249%%&#8221; use_circle=&#8221;on&#8221; circle_color=&#8221;#ffffff&#8221; icon_placement=&#8221;left&#8221; use_icon_font_size=&#8221;on&#8221; icon_font_size=&#8221;16px&#8221; _builder_version=&#8221;3.18.7&#8243; header_font=&#8221;Montserrat||||||||&#8221; header_text_color=&#8221;#ffffff&#8221; header_font_size=&#8221;20px&#8221; header_line_height=&#8221;1.7em&#8221; locked=&#8221;off&#8221;][\/et_pb_blurb][\/et_pb_column][\/et_pb_row][\/et_pb_section]<\/p>\n","protected":false},"excerpt":{"rendered":"<p>[et_pb_section fb_built=&#8221;1&#8243; use_custom_gutter=&#8221;on&#8221; specialty=&#8221;on&#8221; padding_top_2=&#8221;20px&#8221; padding_right_2=&#8221;5%&#8221; padding_2_tablet=&#8221;0px|10%||10%||true&#8221; padding_2_phone=&#8221;&#8221; padding_2_last_edited=&#8221;on|tablet&#8221; admin_label=&#8221;Masa\u017c ci\u0105\u017cowy&#8221; _builder_version=&#8221;3.22&#8243; inner_width=&#8221;100%&#8221; inner_max_width=&#8221;100%&#8221; custom_padding=&#8221;0|0px|54px|0px|false|false&#8221; use_custom_width=&#8221;on&#8221; width_unit=&#8221;off&#8221; custom_width_percent=&#8221;100%&#8221; locked=&#8221;off&#8221; collapsed=&#8221;off&#8221;][et_pb_column type=&#8221;1_3&#8243; _builder_version=&#8221;3.25&#8243; custom_padding=&#8221;|||&#8221; parallax__hover=&#8221;off&#8221; parallax_method__hover=&#8221;on&#8221; custom_padding__hover=&#8221;|||&#8221;][et_pb_image src=&#8221;https:\/\/twojdoktor.eu\/wp-content\/uploads\/2019\/12\/87552407_s.jpg&#8221; force_fullwidth=&#8221;on&#8221; align_tablet=&#8221;center&#8221; align_phone=&#8221;&#8221; align_last_edited=&#8221;on|desktop&#8221; module_id=&#8221;toggledoctors&#8221; _builder_version=&#8221;4.3.4&#8243; custom_margin=&#8221;|||&#8221; custom_padding=&#8221;|||&#8221; animation_style=&#8221;slide&#8221; animation_direction=&#8221;right&#8221; animation_intensity_slide=&#8221;5%&#8221; border_radii=&#8221;||30px|15vw|&#8221; border_color_all=&#8221;rgba(129,21,211,0.73)&#8221; border_width_bottom=&#8221;2vw&#8221; box_shadow_style=&#8221;preset3&#8243; box_shadow_vertical=&#8221;30px&#8221; box_shadow_blur=&#8221;80px&#8221; box_shadow_spread=&#8221;-30px&#8221; box_shadow_color=&#8221;rgba(102,141,186,0.7)&#8221; locked=&#8221;off&#8221;][\/et_pb_image][\/et_pb_column][et_pb_column type=&#8221;2_3&#8243; specialty_columns=&#8221;2&#8243; _builder_version=&#8221;3.25&#8243; custom_padding=&#8221;|||&#8221; padding_tablet__hover=&#8221;0px|10%||10%||true&#8221; padding_last_edited__hover=&#8221;on|tablet&#8221; padding_right__hover=&#8221;5%&#8221; padding_top__hover=&#8221;20px&#8221; [&hellip;]<\/p>\n","protected":false},"author":1,"featured_media":0,"parent":0,"menu_order":0,"comment_status":"closed","ping_status":"closed","template":"","meta":{"_et_pb_use_builder":"on","_et_pb_old_content":"","_et_gb_content_width":"","footnotes":""},"class_list":["post-3616","page","type-page","status-publish","hentry"],"_links":{"self":[{"href":"https:\/\/twojdoktor.eu\/en\/index.php\/wp-json\/wp\/v2\/pages\/3616"}],"collection":[{"href":"https:\/\/twojdoktor.eu\/en\/index.php\/wp-json\/wp\/v2\/pages"}],"about":[{"href":"https:\/\/twojdoktor.eu\/en\/index.php\/wp-json\/wp\/v2\/types\/page"}],"author":[{"embeddable":true,"href":"https:\/\/twojdoktor.eu\/en\/index.php\/wp-json\/wp\/v2\/users\/1"}],"replies":[{"embeddable":true,"href":"https:\/\/twojdoktor.eu\/en\/index.php\/wp-json\/wp\/v2\/comments?post=3616"}],"version-history":[{"count":4,"href":"https:\/\/twojdoktor.eu\/en\/index.php\/wp-json\/wp\/v2\/pages\/3616\/revisions"}],"predecessor-version":[{"id":3779,"href":"https:\/\/twojdoktor.eu\/en\/index.php\/wp-json\/wp\/v2\/pages\/3616\/revisions\/3779"}],"wp:attachment":[{"href":"https:\/\/twojdoktor.eu\/en\/index.php\/wp-json\/wp\/v2\/media?parent=3616"}],"curies":[{"name":"wp","href":"https:\/\/api.w.org\/{rel}","templated":true}]}}